{"id":9218,"date":"2024-07-08T16:26:35","date_gmt":"2024-07-08T14:26:35","guid":{"rendered":"https:\/\/cives-school.de\/?page_id=9218"},"modified":"2024-07-08T16:31:44","modified_gmt":"2024-07-08T14:31:44","slug":"themenpadlets","status":"publish","type":"page","link":"https:\/\/cives-school.de\/?page_id=9218","title":{"rendered":"CIVES-Themenpadlets"},"content":{"rendered":"\n<h1 class=\"wp-block-heading\"><em>CIVES<\/em>-Themenpadlets<\/h1>\n\n\n\n<h2 class=\"wp-block-heading\">Unterrichtsmaterialien f\u00fcr die Praxis<\/h2>\n\n\n\n<p>Neben unseren eigenen Unterrichtsmaterialien, die in den <a href=\"https:\/\/cives-school.de\/?page_id=1588\" target=\"_blank\" rel=\"noreferrer noopener\"><em>CIVES-Reihen<\/em><\/a> erscheinen, erstellen wir auch <a href=\"https:\/\/padlet.com\/cives_school\" target=\"_blank\" rel=\"noreferrer noopener\">&#x27a1; Themen-Padlets<\/a>.<\/p>\n\n\n<div class=\"wp-block-image\">\n<figure class=\"alignleft size-large is-resized\"><img loading=\"lazy\" decoding=\"async\" width=\"1024\" height=\"576\" src=\"https:\/\/cives-school.de\/wp-content\/uploads\/2024\/07\/Collage-cives-padlets-1024x576.jpg\" alt=\"\" class=\"wp-image-9203\" style=\"width:457px;height:auto\" srcset=\"https:\/\/cives-school.de\/wp-content\/uploads\/2024\/07\/Collage-cives-padlets-1024x576.jpg 1024w, https:\/\/cives-school.de\/wp-content\/uploads\/2024\/07\/Collage-cives-padlets-300x169.jpg 300w, https:\/\/cives-school.de\/wp-content\/uploads\/2024\/07\/Collage-cives-padlets-768x432.jpg 768w, https:\/\/cives-school.de\/wp-content\/uploads\/2024\/07\/Collage-cives-padlets-250x141.jpg 250w, https:\/\/cives-school.de\/wp-content\/uploads\/2024\/07\/Collage-cives-padlets.jpg 1280w\" sizes=\"auto, (max-width: 1024px) 100vw, 1024px\" \/><\/figure>\n<\/div>\n\n\n<p>Auf diesen <strong>digitalen Pinnw\u00e4nden <\/strong>b\u00fcndeln wir Ver\u00f6ffentlichungen externer Institutionen zu einem bestimmten Thema, das uns f\u00fcr die politische Bildungsarbeit relevant erscheint.<\/p>\n\n\n\n<p>Denn es gibt sehr viele gute Materialien, doch im schulischen Alltag kann die Suche hiernach trotz oder gerade wegen dieser Vielzahl zu aufwendig erscheinen.<\/p>\n\n\n\n<p>Mit entsprechenden <strong>Angaben zu Zielgruppe\/Altersstufen, Zeitdauer, Material-Charakter und Anbieter <\/strong>oder auch die<strong> Unterteilung in LuL-, SuS- und Hintergrund-Material <\/strong><strong>wollen wir daher Lehrende in und au\u00dferhalb der Schule dabei unterst\u00fctzen,<\/strong><strong> <\/strong>schneller einen \u00dcberblick \u00fcber die Vielzahl an Unterrichtsmaterialien zum Thema zu gewinnen.<\/p>\n\n\n\n<p>Bisher erschienene Themen-Padlets sind:<\/p>\n\n\n\n<ul class=\"wp-block-list\">\n<li><a href=\"https:\/\/padlet.com\/cives_school\/europawahl-2024-6d46889jiqczvenl\" target=\"_blank\" rel=\"noreferrer noopener\">&#x27a1; Europawahl 2024<\/a><\/li>\n\n\n\n<li><a href=\"https:\/\/padlet.com\/cives_school\/angebote-und-materialien-zum-thema-fake-news-miico0zq7pz2p4bs\" target=\"_blank\" rel=\"noreferrer noopener\">&#x27a1; Fake News<\/a><\/li>\n\n\n\n<li><a href=\"https:\/\/padlet.com\/cives_school\/angebote-und-materialien-zum-thema-verschw-rungstheorien-thhbbxc1x3qaxojq\" target=\"_blank\" rel=\"noreferrer noopener\">&#x27a1; Verschw\u00f6rungstheorien<\/a><\/li>\n<\/ul>\n\n\n\n<p>Sollten Sie Erg\u00e4nzungen oder Kommentare zu den dort aufgef\u00fchrten Vorschl\u00e4gen haben, freuen wir uns \u00fcber Ihr Feedback.<\/p>\n\n\n\n<p><\/p>\n","protected":false},"excerpt":{"rendered":"<p>CIVES-Themenpadlets Unterrichtsmaterialien f\u00fcr die Praxis Neben unseren eigenen Unterrichtsmaterialien, die in den CIVES-Reihen erscheinen, erstellen wir auch &#x27a1; Themen-Padlets. Auf diesen digitalen Pinnw\u00e4nden b\u00fcndeln wir Ver\u00f6ffentlichungen externer Institutionen zu einem bestimmten Thema, das uns f\u00fcr die politische Bildungsarbeit relevant erscheint. Denn es gibt sehr viele gute &hellip; <\/p>\n<p><a href=\"https:\/\/cives-school.de\/?page_id=9218\" class=\"more-link\"><span class=\"morelink-icon\">Weiterlesen<\/span><\/a><\/p>\n","protected":false},"author":7,"featured_media":0,"parent":228,"menu_order":0,"comment_status":"closed","ping_status":"closed","template":"","meta":{"footnotes":""},"class_list":["post-9218","page","type-page","status-publish","hentry"],"_links":{"self":[{"href":"https:\/\/cives-school.de\/index.php?rest_route=\/wp\/v2\/pages\/9218","targetHints":{"allow":["GET"]}}],"collection":[{"href":"https:\/\/cives-school.de\/index.php?rest_route=\/wp\/v2\/pages"}],"about":[{"href":"https:\/\/cives-school.de\/index.php?rest_route=\/wp\/v2\/types\/page"}],"author":[{"embeddable":true,"href":"https:\/\/cives-school.de\/index.php?rest_route=\/wp\/v2\/users\/7"}],"replies":[{"embeddable":true,"href":"https:\/\/cives-school.de\/index.php?rest_route=%2Fwp%2Fv2%2Fcomments&post=9218"}],"version-history":[{"count":9,"href":"https:\/\/cives-school.de\/index.php?rest_route=\/wp\/v2\/pages\/9218\/revisions"}],"predecessor-version":[{"id":9227,"href":"https:\/\/cives-school.de\/index.php?rest_route=\/wp\/v2\/pages\/9218\/revisions\/9227"}],"up":[{"embeddable":true,"href":"https:\/\/cives-school.de\/index.php?rest_route=\/wp\/v2\/pages\/228"}],"wp:attachment":[{"href":"https:\/\/cives-school.de\/index.php?rest_route=%2Fwp%2Fv2%2Fmedia&parent=9218"}],"curies":[{"name":"wp","href":"https:\/\/api.w.org\/{rel}","templated":true}]}}