{"id":8851,"date":"2023-08-02T12:25:57","date_gmt":"2023-08-02T10:25:57","guid":{"rendered":"https:\/\/cives-school.de\/?page_id=8851"},"modified":"2023-08-02T12:37:20","modified_gmt":"2023-08-02T10:37:20","slug":"sowi-alumni","status":"publish","type":"page","link":"https:\/\/cives-school.de\/?page_id=8851","title":{"rendered":"SoWi-Alumni"},"content":{"rendered":"\n<h2 class=\"wp-block-heading\">Bleibe Teil der UDE und werde Alumni der Fachdidaktik SoWi<\/h2>\n\n\n\n<figure class=\"wp-block-image size-large\"><a href=\"https:\/\/cives-school.de\/wp-content\/uploads\/2023\/08\/2023-08-02_Alumni-Bildcollage.jpg\"><img loading=\"lazy\" decoding=\"async\" width=\"1024\" height=\"155\" src=\"https:\/\/cives-school.de\/wp-content\/uploads\/2023\/08\/2023-08-02_Alumni-Bildcollage-1024x155.jpg\" alt=\"Collage aus sechs Fotografien, die SoWi-Alumni bei der ZLB-Absolventenfeier oder w\u00e4hrend der SoWi-Alumni-Treffen der CIVES School an der UDE am Campus Essen zeigen\" class=\"wp-image-8853\" srcset=\"https:\/\/cives-school.de\/wp-content\/uploads\/2023\/08\/2023-08-02_Alumni-Bildcollage-1024x155.jpg 1024w, https:\/\/cives-school.de\/wp-content\/uploads\/2023\/08\/2023-08-02_Alumni-Bildcollage-300x45.jpg 300w, https:\/\/cives-school.de\/wp-content\/uploads\/2023\/08\/2023-08-02_Alumni-Bildcollage-768x116.jpg 768w, https:\/\/cives-school.de\/wp-content\/uploads\/2023\/08\/2023-08-02_Alumni-Bildcollage-1536x233.jpg 1536w, https:\/\/cives-school.de\/wp-content\/uploads\/2023\/08\/2023-08-02_Alumni-Bildcollage-2048x310.jpg 2048w, https:\/\/cives-school.de\/wp-content\/uploads\/2023\/08\/2023-08-02_Alumni-Bildcollage-250x38.jpg 250w\" sizes=\"auto, (max-width: 1024px) 100vw, 1024px\" \/><\/a><\/figure>\n\n\n\n<p>Bleibe auch nach Deinem erfolgreichen Abschluss zum \u201eMaster of Education, M.Ed\u201c in Kontakt mit dem Fachbereich Sozialwissenschaften an der Universit\u00e4t Duisburg-Essen!<\/p>\n\n\n\n<p><strong>Registriere Dich unten und Du erh\u00e4ltst:<\/strong><\/p>\n\n\n\n<ul class=\"wp-block-list\"><li>Von uns entwickelte Unterrichtsentw\u00fcrfe f\u00fcr Deinen WiPo-\/GL-\/SoWi-Unterricht in der Sek I und II (kostenfrei zum Download)<\/li><li>Informationen zu Workshops, Fortbildungen und weiteren Angeboten<\/li><li>Einladungen zu Alumni-Treffen<\/li><\/ul>\n\n\n\n<div class=\"wp-block-image\"><figure class=\"alignright size-large is-resized\"><a href=\"https:\/\/cives-school.de\/wp-content\/uploads\/2023\/08\/Alumni-Website.jpg\"><img loading=\"lazy\" decoding=\"async\" src=\"https:\/\/cives-school.de\/wp-content\/uploads\/2023\/08\/Alumni-Website-1024x576.jpg\" alt=\"\" class=\"wp-image-8852\" width=\"316\" height=\"177\" srcset=\"https:\/\/cives-school.de\/wp-content\/uploads\/2023\/08\/Alumni-Website-1024x576.jpg 1024w, https:\/\/cives-school.de\/wp-content\/uploads\/2023\/08\/Alumni-Website-300x169.jpg 300w, https:\/\/cives-school.de\/wp-content\/uploads\/2023\/08\/Alumni-Website-768x432.jpg 768w, https:\/\/cives-school.de\/wp-content\/uploads\/2023\/08\/Alumni-Website-250x141.jpg 250w, https:\/\/cives-school.de\/wp-content\/uploads\/2023\/08\/Alumni-Website.jpg 1280w\" sizes=\"auto, (max-width: 316px) 100vw, 316px\" \/><\/a><\/figure><\/div>\n\n\n\n<p>Unsere Alumni-Treffen geben die M\u00f6glichkeit, Kontakte zu kn\u00fcpfen, Erfahrungen auszutauschen und f\u00f6rdern die Vernetzung zwischen universit\u00e4rer Ausbildung und beruflicher Praxis.<\/p>\n\n\n\n<p><\/p>\n\n\n\n<p class=\"has-luminous-vivid-orange-color has-text-color\"><strong>Wir w\u00fcrden uns freuen, wenn Du dabei bist! <\/strong><\/p>\n\n\n\n<div class=\"wp-block-contact-form-7-contact-form-selector\">\n<div class=\"wpcf7 no-js\" id=\"wpcf7-f7336-o1\" lang=\"de-DE\" dir=\"ltr\" data-wpcf7-id=\"7336\">\n<div class=\"screen-reader-response\"><p role=\"status\" aria-live=\"polite\" aria-atomic=\"true\"><\/p> <ul><\/ul><\/div>\n<form action=\"\/index.php?rest_route=%2Fwp%2Fv2%2Fpages%2F8851#wpcf7-f7336-o1\" method=\"post\" class=\"wpcf7-form init\" aria-label=\"Kontaktformular\" novalidate=\"novalidate\" data-status=\"init\">\n<fieldset class=\"hidden-fields-container\"><input type=\"hidden\" name=\"_wpcf7\" value=\"7336\" \/><input type=\"hidden\" name=\"_wpcf7_version\" value=\"6.1.5\" \/><input type=\"hidden\" name=\"_wpcf7_locale\" value=\"de_DE\" \/><input type=\"hidden\" name=\"_wpcf7_unit_tag\" value=\"wpcf7-f7336-o1\" \/><input type=\"hidden\" name=\"_wpcf7_container_post\" value=\"0\" \/><input type=\"hidden\" name=\"_wpcf7_posted_data_hash\" value=\"\" \/>\n<\/fieldset>\n<p><label> Anrede*<br \/>\n<span class=\"wpcf7-form-control-wrap\" data-name=\"Anrede\"><select class=\"wpcf7-form-control wpcf7-select wpcf7-validates-as-required\" aria-required=\"true\" aria-invalid=\"false\" name=\"Anrede\"><option value=\"\"><\/option><option value=\"Frau\">Frau<\/option><option value=\"Herr\">Herr<\/option><option value=\"Divers\">Divers<\/option><\/select><\/span><\/label>\n<\/p>\n<p><label> Vorname*<br \/>\n<span class=\"wpcf7-form-control-wrap\" data-name=\"Vorname\"><input size=\"40\" maxlength=\"400\" class=\"wpcf7-form-control wpcf7-text wpcf7-validates-as-required\" aria-required=\"true\" aria-invalid=\"false\" value=\"\" type=\"text\" name=\"Vorname\" \/><\/span> <\/label>\n<\/p>\n<p><label> Name*<br \/>\n<span class=\"wpcf7-form-control-wrap\" data-name=\"Name\"><input size=\"40\" maxlength=\"400\" class=\"wpcf7-form-control wpcf7-text wpcf7-validates-as-required\" aria-required=\"true\" aria-invalid=\"false\" value=\"\" type=\"text\" name=\"Name\" \/><\/span> <\/label>\n<\/p>\n<p><label> Ich bin aktuell... (bitte ausw\u00e4hlen)*<br \/>\n<span class=\"wpcf7-form-control-wrap\" data-name=\"menu-486\"><select class=\"wpcf7-form-control wpcf7-select wpcf7-validates-as-required\" aria-required=\"true\" aria-invalid=\"false\" name=\"menu-486\"><option value=\"3. Fachsemester M.Ed. SoWi\">3. Fachsemester M.Ed. SoWi<\/option><option value=\"4. Fachsemester M.Ed. SoWi\">4. Fachsemester M.Ed. SoWi<\/option><option value=\"im Referendariat\">im Referendariat<\/option><option value=\"im Schuldienst\">im Schuldienst<\/option><option value=\"anderweitig t\u00e4tig\">anderweitig t\u00e4tig<\/option><\/select><\/span><\/label>\n<\/p>\n<p><label> Ihre E-Mail-Adresse*<br \/>\n<span class=\"wpcf7-form-control-wrap\" data-name=\"Email-Adresse\"><input size=\"40\" maxlength=\"400\" class=\"wpcf7-form-control wpcf7-email wpcf7-validates-as-required wpcf7-text wpcf7-validates-as-email\" aria-required=\"true\" aria-invalid=\"false\" value=\"\" type=\"email\" name=\"Email-Adresse\" \/><\/span> <\/label>\n<\/p>\n<p><label> Abschlussjahr*<br \/>\n<span class=\"wpcf7-form-control-wrap\" data-name=\"Abschlussjahr\"><input size=\"40\" maxlength=\"400\" class=\"wpcf7-form-control wpcf7-text wpcf7-validates-as-required\" aria-required=\"true\" aria-invalid=\"false\" value=\"\" type=\"text\" name=\"Abschlussjahr\" \/><\/span> <\/label>\n<\/p>\n<p><label> Haben Sie\/hast Du Anmerkungen, Hinweise? Dann gerne hier notieren:<br \/>\n<span class=\"wpcf7-form-control-wrap\" data-name=\"textarea-672\"><textarea cols=\"40\" rows=\"10\" maxlength=\"2000\" class=\"wpcf7-form-control wpcf7-textarea\" aria-invalid=\"false\" name=\"textarea-672\">Freies Textfeld f\u00fcr Ihre Notiz<\/textarea><\/span><br \/>\n<input class=\"wpcf7-form-control wpcf7-submit has-spinner\" type=\"submit\" value=\"Anmeldung jetzt verbindlich abschicken.\" \/><br \/>\n* erforderliche Felder<br \/>\nHinweise:<br \/>\n1) Du erh\u00e4ltst KEINE automatische Anmeldebest\u00e4tigung. Deine Anmeldung wird zeitlich verz\u00f6gert bearbeitet und Du bekommst ein paar Werktage sp\u00e4ter eine Best\u00e4tigung Deiner Registrierung an die von Dir angegebene E-Mail-Adresse.<br \/>\n2) Die erhobenen Daten werden nur lokal gespeichert und nicht an Dritte weitergeleitet.<\/label>\n<\/p><div class=\"wpcf7-response-output\" aria-hidden=\"true\"><\/div>\n<\/form>\n<\/div>\n<\/div>\n","protected":false},"excerpt":{"rendered":"<p>Bleibe Teil der UDE und werde Alumni der Fachdidaktik SoWi Bleibe auch nach Deinem erfolgreichen Abschluss zum \u201eMaster of Education, M.Ed\u201c in Kontakt mit dem Fachbereich Sozialwissenschaften an der Universit\u00e4t Duisburg-Essen! Registriere Dich unten und Du erh\u00e4ltst: Von uns entwickelte Unterrichtsentw\u00fcrfe f\u00fcr Deinen WiPo-\/GL-\/SoWi-Unterricht in der &hellip; <\/p>\n<p><a href=\"https:\/\/cives-school.de\/?page_id=8851\" class=\"more-link\"><span class=\"morelink-icon\">Weiterlesen<\/span><\/a><\/p>\n","protected":false},"author":7,"featured_media":0,"parent":0,"menu_order":0,"comment_status":"closed","ping_status":"closed","template":"","meta":{"footnotes":""},"class_list":["post-8851","page","type-page","status-publish","hentry"],"_links":{"self":[{"href":"https:\/\/cives-school.de\/index.php?rest_route=\/wp\/v2\/pages\/8851","targetHints":{"allow":["GET"]}}],"collection":[{"href":"https:\/\/cives-school.de\/index.php?rest_route=\/wp\/v2\/pages"}],"about":[{"href":"https:\/\/cives-school.de\/index.php?rest_route=\/wp\/v2\/types\/page"}],"author":[{"embeddable":true,"href":"https:\/\/cives-school.de\/index.php?rest_route=\/wp\/v2\/users\/7"}],"replies":[{"embeddable":true,"href":"https:\/\/cives-school.de\/index.php?rest_route=%2Fwp%2Fv2%2Fcomments&post=8851"}],"version-history":[{"count":13,"href":"https:\/\/cives-school.de\/index.php?rest_route=\/wp\/v2\/pages\/8851\/revisions"}],"predecessor-version":[{"id":8869,"href":"https:\/\/cives-school.de\/index.php?rest_route=\/wp\/v2\/pages\/8851\/revisions\/8869"}],"wp:attachment":[{"href":"https:\/\/cives-school.de\/index.php?rest_route=%2Fwp%2Fv2%2Fmedia&parent=8851"}],"curies":[{"name":"wp","href":"https:\/\/api.w.org\/{rel}","templated":true}]}}