{"id":8176,"date":"2022-07-27T17:24:45","date_gmt":"2022-07-27T15:24:45","guid":{"rendered":"https:\/\/cives-school.de\/?page_id=8176"},"modified":"2026-02-03T14:15:33","modified_gmt":"2026-02-03T12:15:33","slug":"8176-2","status":"publish","type":"page","link":"https:\/\/cives-school.de\/?page_id=8176","title":{"rendered":"Au\u00dferschulische politische Bildung (BFP-Modul)"},"content":{"rendered":"\n<h1 class=\"wp-block-heading\">Au\u00dferschulische politische Bildung (BFP-Modul)<\/h1>\n\n\n\n<p>Au\u00dferschulische politische Bildung spielt bereits im Lehramtsstudium eine wichtige Rolle. Das Praxismodul <strong>Berufsfeldpraktikum (BFP) im Fach Sozialwissenschaften (SoWi)<\/strong> erm\u00f6glicht eine Besch\u00e4ftigung mit politischer Bildung an au\u00dferschulischen Lernorten. Es besteht hierbei die Lerngelegenheit, mit au\u00dferschulischen Expert*innen in Kontakt zu treten, Erfahrungen au\u00dferhalb des Schulsystems zu sammeln und verschiedene p\u00e4dagogische Ans\u00e4tze, Kooperationen, Projekte, Exkursionen sowie Planspiele kennenzulernen.<\/p>\n\n\n\n<p>Durch die Beobachtung sozialwissenschaftlicher Lehr-Lern-Prozesse au\u00dferhalb von Unterricht sowie das Erproben eigener Handlungspraxis, wird der Aufbau von fachdidaktischer Kompetenz angebahnt. Die Studierenden lernen zudem potentielle Partner*innen f\u00fcr zuk\u00fcnftige Bildungskooperationen und alternative Berufsfelder kennen. Wie das BFP-Modul zur Professionalisierung von SoWi-Lehrkr\u00e4ften und der Weiterentwicklung von Schule beitr\u00e4gt, beschreibt <a href=\"https:\/\/cives-school.de\/?p=9073\" target=\"_blank\" rel=\"noreferrer noopener\">M\u00f6llers in ihrem Beitrag von 2024<\/a>. <\/p>\n\n\n\n<p>\u00dcber die Einbettung dieses Ausbildungselements in die Lehrer*innen-Ausbildung sowie alle relevanten rechtlichen Aspekte informiert das <em>Zentrum f\u00fcr Lehrkr\u00e4ftebildung<\/em> der UDE <a href=\"https:\/\/zlb.uni-due.de\/downloads\/\" target=\"_blank\" rel=\"noreferrer noopener\">hier<\/a>. <\/p>\n\n\n<div class=\"wp-block-image\">\n<figure class=\"aligncenter size-large\"><a href=\"https:\/\/cives-school.de\/wp-content\/uploads\/2022\/07\/collage-bfp-sowi-ude-Reihe.jpg\"><img loading=\"lazy\" decoding=\"async\" width=\"1024\" height=\"284\" src=\"https:\/\/cives-school.de\/wp-content\/uploads\/2022\/07\/collage-bfp-sowi-ude-Reihe-1024x284.jpg\" alt=\"\" class=\"wp-image-8181\" srcset=\"https:\/\/cives-school.de\/wp-content\/uploads\/2022\/07\/collage-bfp-sowi-ude-Reihe-1024x284.jpg 1024w, https:\/\/cives-school.de\/wp-content\/uploads\/2022\/07\/collage-bfp-sowi-ude-Reihe-300x83.jpg 300w, https:\/\/cives-school.de\/wp-content\/uploads\/2022\/07\/collage-bfp-sowi-ude-Reihe-768x213.jpg 768w, https:\/\/cives-school.de\/wp-content\/uploads\/2022\/07\/collage-bfp-sowi-ude-Reihe-1536x427.jpg 1536w, https:\/\/cives-school.de\/wp-content\/uploads\/2022\/07\/collage-bfp-sowi-ude-Reihe-250x69.jpg 250w, https:\/\/cives-school.de\/wp-content\/uploads\/2022\/07\/collage-bfp-sowi-ude-Reihe.jpg 1800w\" sizes=\"auto, (max-width: 1024px) 100vw, 1024px\" \/><\/a><\/figure>\n<\/div>\n\n\n<p><\/p>\n\n\n\n<h3 class=\"wp-block-heading has-text-align-left\">VOR dem Praxismodul &#8211; Material zur Orientierung <\/h3>\n\n\n\n<ul class=\"wp-block-list\">\n<li>In unserem kurzen <strong><a href=\"https:\/\/youtu.be\/4uLPLC_oKvY\" target=\"_blank\" rel=\"noreferrer noopener\">Erkl\u00e4rfilm<\/a> <\/strong>haben wir die wichtigsten Informationen zum SoWi-BFP zusammengefasst. <\/li>\n<\/ul>\n\n\n\n<ul class=\"wp-block-list\">\n<li>In der speziellen <strong><a rel=\"noreferrer noopener\" href=\"https:\/\/www.uni-due.de\/imperia\/md\/content\/politik\/informationen_berufsfeldpraktikum_lehramt_sozialwissenschaften.pdf\" target=\"_blank\">Handreichung f\u00fcr SoWi-BFP-Praktikant*innen<\/a><\/strong> sind alle Details zu den Voraussetzungen, dem Modulablauf, den m\u00f6glichen Praktikumsorten und Bedingungen f\u00fcr den Modulabschluss aufgef\u00fchrt. <\/li>\n<\/ul>\n\n\n\n<div class=\"wp-block-columns is-layout-flex wp-container-core-columns-is-layout-9d6595d7 wp-block-columns-is-layout-flex\">\n<div class=\"wp-block-column is-layout-flow wp-block-column-is-layout-flow\" style=\"flex-basis:66.66%\">\n<figure class=\"wp-block-embed is-type-video is-provider-youtube wp-block-embed-youtube wp-embed-aspect-16-9 wp-has-aspect-ratio\"><div class=\"wp-block-embed__wrapper\">\n<iframe loading=\"lazy\" title=\"Erkl\u00e4rvideo Berufsfeldpraktikum im Fach Sozialwissenschaften\" width=\"960\" height=\"540\" src=\"https:\/\/www.youtube.com\/embed\/4uLPLC_oKvY?feature=oembed\" frameborder=\"0\" allow=\"accelerometer; autoplay; clipboard-write; encrypted-media; gyroscope; picture-in-picture; web-share\" referrerpolicy=\"strict-origin-when-cross-origin\" allowfullscreen><\/iframe>\n<\/div><\/figure>\n<\/div>\n\n\n\n<div class=\"wp-block-column is-layout-flow wp-block-column-is-layout-flow\" style=\"flex-basis:33.33%\">\n<figure class=\"wp-block-image size-large\"><a href=\"https:\/\/www.uni-due.de\/imperia\/md\/content\/politik\/informationen_berufsfeldpraktikum_lehramt_sozialwissenschaften.pdf\" target=\"_blank\" rel=\"noopener\"><img loading=\"lazy\" decoding=\"async\" width=\"724\" height=\"1024\" src=\"https:\/\/cives-school.de\/wp-content\/uploads\/2022\/07\/Deckblatt-SoWi-BFP-Handreichung_UDE-724x1024.jpg\" alt=\"\" class=\"wp-image-8182\" srcset=\"https:\/\/cives-school.de\/wp-content\/uploads\/2022\/07\/Deckblatt-SoWi-BFP-Handreichung_UDE-724x1024.jpg 724w, https:\/\/cives-school.de\/wp-content\/uploads\/2022\/07\/Deckblatt-SoWi-BFP-Handreichung_UDE-212x300.jpg 212w, https:\/\/cives-school.de\/wp-content\/uploads\/2022\/07\/Deckblatt-SoWi-BFP-Handreichung_UDE-768x1086.jpg 768w, https:\/\/cives-school.de\/wp-content\/uploads\/2022\/07\/Deckblatt-SoWi-BFP-Handreichung_UDE-1086x1536.jpg 1086w, https:\/\/cives-school.de\/wp-content\/uploads\/2022\/07\/Deckblatt-SoWi-BFP-Handreichung_UDE-1448x2048.jpg 1448w, https:\/\/cives-school.de\/wp-content\/uploads\/2022\/07\/Deckblatt-SoWi-BFP-Handreichung_UDE-250x353.jpg 250w, https:\/\/cives-school.de\/wp-content\/uploads\/2022\/07\/Deckblatt-SoWi-BFP-Handreichung_UDE-scaled.jpg 1811w\" sizes=\"auto, (max-width: 724px) 100vw, 724px\" \/><\/a><\/figure>\n<\/div>\n<\/div>\n\n\n\n<h3 class=\"wp-block-heading\">W\u00e4hrend des Vorbereitungsseminars (nur im Wintersemester) <\/h3>\n\n\n\n<p>W\u00e4hrend des Vorbereitungsseminars bereiten sich die Bachelorstudierenden aktiv auf die Praxisphase in der au\u00dferschulischen politischen Bildung vor und werden bei der Praktikumssuche, u.a. durch einen Bewerbungscheck sowie eine Tr\u00e4ger-Datenbank, unterst\u00fctzt. Des Weiteren z\u00e4hlen berufsbezogene <strong><a href=\"https:\/\/cives-school.de\/?cat=45\" target=\"_blank\" rel=\"noreferrer noopener\">Gespr\u00e4che mit Praxisg\u00e4sten<\/a><\/strong> sowie <strong>Exkursionen<\/strong> zu au\u00dferschulichen Lernorten zu den besonderen Elementen dieses Moduls. <\/p>\n\n\n\n<div class=\"wp-block-columns is-layout-flex wp-container-core-columns-is-layout-9d6595d7 wp-block-columns-is-layout-flex\">\n<div class=\"wp-block-column is-vertically-aligned-center is-layout-flow wp-block-column-is-layout-flow\" style=\"flex-basis:100%\">\n<div class=\"wp-block-columns is-layout-flex wp-container-core-columns-is-layout-9d6595d7 wp-block-columns-is-layout-flex\">\n<div class=\"wp-block-column is-layout-flow wp-block-column-is-layout-flow\" style=\"flex-basis:100%\">\n<div class=\"wp-block-columns is-layout-flex wp-container-core-columns-is-layout-9d6595d7 wp-block-columns-is-layout-flex\">\n<div class=\"wp-block-column is-layout-flow wp-block-column-is-layout-flow\">\n<figure class=\"wp-block-image size-full is-resized\"><a href=\"https:\/\/cives-school.de\/wp-content\/uploads\/2021\/12\/bfp-praxisg\u00e4ste-worldcafe_slider.jpg\"><img loading=\"lazy\" decoding=\"async\" width=\"590\" height=\"392\" src=\"https:\/\/cives-school.de\/wp-content\/uploads\/2021\/12\/bfp-praxisg\u00e4ste-worldcafe_slider.jpg\" alt=\"\" class=\"wp-image-7790\" style=\"width:489px;height:325px\" srcset=\"https:\/\/cives-school.de\/wp-content\/uploads\/2021\/12\/bfp-praxisg\u00e4ste-worldcafe_slider.jpg 590w, https:\/\/cives-school.de\/wp-content\/uploads\/2021\/12\/bfp-praxisg\u00e4ste-worldcafe_slider-300x199.jpg 300w, https:\/\/cives-school.de\/wp-content\/uploads\/2021\/12\/bfp-praxisg\u00e4ste-worldcafe_slider-250x166.jpg 250w\" sizes=\"auto, (max-width: 590px) 100vw, 590px\" \/><\/a><\/figure>\n<\/div>\n\n\n\n<div class=\"wp-block-column is-layout-flow wp-block-column-is-layout-flow\">\n<figure class=\"wp-block-image size-full is-resized\"><a href=\"https:\/\/cives-school.de\/wp-content\/uploads\/2022\/06\/Folie5.jpg\"><img loading=\"lazy\" decoding=\"async\" width=\"567\" height=\"354\" src=\"https:\/\/cives-school.de\/wp-content\/uploads\/2022\/07\/Folie5-edited.jpg\" alt=\"\" class=\"wp-image-8186\" style=\"width:494px;height:316px\" srcset=\"https:\/\/cives-school.de\/wp-content\/uploads\/2022\/07\/Folie5-edited.jpg 567w, https:\/\/cives-school.de\/wp-content\/uploads\/2022\/07\/Folie5-edited-300x187.jpg 300w, https:\/\/cives-school.de\/wp-content\/uploads\/2022\/07\/Folie5-edited-250x156.jpg 250w\" sizes=\"auto, (max-width: 567px) 100vw, 567px\" \/><\/a><\/figure>\n<\/div>\n<\/div>\n<\/div>\n<\/div>\n<\/div>\n<\/div>\n\n\n\n<h3 class=\"wp-block-heading\">Unterst\u00fctzung bei der Praktikumssuche <\/h3>\n\n\n\n<p>Im Laufe der letzten Semester ist eine eigene <strong><a href=\"https:\/\/padlet.com\/cives_school\/f4bmmrs13a2h4xl6\" target=\"_blank\" rel=\"noreferrer noopener\">Datenbank mit Praktikumsinstitutionen<\/a><\/strong> entstanden, die bei der Suche nach dem individuellen Praktikumsplatz Ideen liefert. <\/p>\n\n\n\n<div class=\"wp-block-columns is-layout-flex wp-container-core-columns-is-layout-9d6595d7 wp-block-columns-is-layout-flex\">\n<div class=\"wp-block-column is-layout-flow wp-block-column-is-layout-flow\">\n<figure class=\"wp-block-image size-large\"><a href=\"https:\/\/cives-school.de\/wp-content\/uploads\/2022\/07\/CIVES-School_Grafik-SoWi-BFP-Orte_UDE.jpg\"><img loading=\"lazy\" decoding=\"async\" width=\"1024\" height=\"605\" src=\"https:\/\/cives-school.de\/wp-content\/uploads\/2022\/07\/CIVES-School_Grafik-SoWi-BFP-Orte_UDE-1024x605.jpg\" alt=\"\" class=\"wp-image-8191\" srcset=\"https:\/\/cives-school.de\/wp-content\/uploads\/2022\/07\/CIVES-School_Grafik-SoWi-BFP-Orte_UDE-1024x605.jpg 1024w, https:\/\/cives-school.de\/wp-content\/uploads\/2022\/07\/CIVES-School_Grafik-SoWi-BFP-Orte_UDE-300x177.jpg 300w, https:\/\/cives-school.de\/wp-content\/uploads\/2022\/07\/CIVES-School_Grafik-SoWi-BFP-Orte_UDE-768x454.jpg 768w, https:\/\/cives-school.de\/wp-content\/uploads\/2022\/07\/CIVES-School_Grafik-SoWi-BFP-Orte_UDE-1536x907.jpg 1536w, https:\/\/cives-school.de\/wp-content\/uploads\/2022\/07\/CIVES-School_Grafik-SoWi-BFP-Orte_UDE-250x148.jpg 250w, https:\/\/cives-school.de\/wp-content\/uploads\/2022\/07\/CIVES-School_Grafik-SoWi-BFP-Orte_UDE.jpg 1923w\" sizes=\"auto, (max-width: 1024px) 100vw, 1024px\" \/><\/a><\/figure>\n<\/div>\n\n\n\n<div class=\"wp-block-column is-layout-flow wp-block-column-is-layout-flow\">\n<figure class=\"wp-block-image size-large is-resized\"><a href=\"https:\/\/padlet.com\/cives_school\/f4bmmrs13a2h4xl6\" target=\"_blank\" rel=\"noopener\"><img loading=\"lazy\" decoding=\"async\" width=\"1024\" height=\"443\" src=\"https:\/\/cives-school.de\/wp-content\/uploads\/2022\/07\/Screenshot-2022-07-27-170802-1024x443.jpg\" alt=\"\" class=\"wp-image-8192\" style=\"width:582px;height:251px\" srcset=\"https:\/\/cives-school.de\/wp-content\/uploads\/2022\/07\/Screenshot-2022-07-27-170802-1024x443.jpg 1024w, https:\/\/cives-school.de\/wp-content\/uploads\/2022\/07\/Screenshot-2022-07-27-170802-300x130.jpg 300w, https:\/\/cives-school.de\/wp-content\/uploads\/2022\/07\/Screenshot-2022-07-27-170802-768x332.jpg 768w, https:\/\/cives-school.de\/wp-content\/uploads\/2022\/07\/Screenshot-2022-07-27-170802-1536x664.jpg 1536w, https:\/\/cives-school.de\/wp-content\/uploads\/2022\/07\/Screenshot-2022-07-27-170802-250x108.jpg 250w, https:\/\/cives-school.de\/wp-content\/uploads\/2022\/07\/Screenshot-2022-07-27-170802.jpg 1595w\" sizes=\"auto, (max-width: 1024px) 100vw, 1024px\" \/><\/a><\/figure>\n<\/div>\n<\/div>\n\n\n\n<h3 class=\"wp-block-heading\">Beispiele &#8211; Interviews mit ehemaligen BFP-Praktikant*innen<\/h3>\n\n\n\n<p>Im folgenden <strong>Interviewvideo <\/strong>erz\u00e4hlen Melissa, Jan P., Sirin, Linda und Jan S. von ihren Praktika beim <a rel=\"noreferrer noopener\" href=\"https:\/\/www.aktuelles-forum.de\/\" target=\"_blank\">aktuellen forum e.V.<\/a> in Gelsenkirchen, beim <a href=\"https:\/\/duisburg.de\/microsites\/eudirect\/Europe_Direct\/was-ist-europe-direct.php\" target=\"_blank\" rel=\"noreferrer noopener\">Europe Direct Centre<\/a> Duisburg, beim <a rel=\"noreferrer noopener\" href=\"https:\/\/www.dortmund.de\/de\/leben_in_dortmund\/familie_und_soziales\/jugendamt\/bildung_foerderung_ja\/respekt_buero_1\/index.html\" target=\"_blank\">Respekt-B\u00fcro<\/a> der Stadt Dortmund, beim <a rel=\"noreferrer noopener\" href=\"https:\/\/www.forum-demokratie-duesseldorf.de\/\" target=\"_blank\">Forum Demokratie <\/a>in D\u00fcsseldorf und bei der <a rel=\"noreferrer noopener\" href=\"https:\/\/transfer-politische-bildung.de\/\" target=\"_blank\">Transferstelle politische Bildung<\/a> in Essen. <\/p>\n\n\n\n<figure class=\"wp-block-embed is-type-video is-provider-youtube wp-block-embed-youtube wp-embed-aspect-16-9 wp-has-aspect-ratio\"><div class=\"wp-block-embed__wrapper\">\n<iframe loading=\"lazy\" title=\"Das BFP im Fach Sozialwissenschaften - Studierende berichten\" width=\"960\" height=\"540\" src=\"https:\/\/www.youtube.com\/embed\/2PZUwNMTork?feature=oembed\" frameborder=\"0\" allow=\"accelerometer; autoplay; clipboard-write; encrypted-media; gyroscope; picture-in-picture; web-share\" referrerpolicy=\"strict-origin-when-cross-origin\" allowfullscreen><\/iframe>\n<\/div><\/figure>\n\n\n\n<p><\/p>\n\n\n\n<h3 class=\"wp-block-heading\">Anerkennung \u00e4quivalenter Praxist\u00e4tigkeiten<\/h3>\n\n\n\n<p>Eine Anerkennung \u00e4quivalenter Praxist\u00e4tigkeiten f\u00fcr das BFP-Modul im <strong>Fach Sozialwissenschaften<\/strong> ist generell m\u00f6glich. <strong>Voraussetzung f\u00fcr eine erfolgreiche Anrechnung<\/strong> ist: <\/p>\n\n\n\n<ol class=\"wp-block-list\">\n<li>dass die T\u00e4tigkeit im erforderlichen Umfang (also mind. 80 Stunden) erfolgt ist, <\/li>\n\n\n\n<li>einen lehrend\/bildenden Charakter sowie<\/li>\n\n\n\n<li>einen ausgewiesenem Fachbezug zu mind. einem der sozialwissenschaftlichen Bezugsdisziplinen aufweist, also Politikwissenschaft, Soziologie, \u00d6konomie oder Fachdidaktik (vgl. <a href=\"https:\/\/www.uni-due.de\/imperia\/md\/content\/politik\/informationen_berufsfeldpraktikum_lehramt_sozialwissenschaften.pdf\">BFP-Handreichung<\/a> auf Seite 4 unten) beinhaltete. <\/li>\n<\/ol>\n\n\n\n<p>Die <strong>Erf\u00fcllung der Kriterien muss durch entsprechende Dokumente eindeutig belegt werden <\/strong>und als Anlage zum <a href=\"https:\/\/www.uni-due.de\/verwaltung\/pruefungswesen\/sowi_la_ba_startseite.php\" target=\"_blank\" rel=\"noreferrer noopener\">Anerkennungsantrag beim Pr\u00fcfungswesen <\/a>eingereicht werden. Bitte vereinbaren Sie <strong>vor <\/strong>Antragstellung eine <strong><a href=\"https:\/\/campus.uni-due.de\/lsf\/rds?state=verpublish&amp;status=init&amp;vmfile=no&amp;moduleCall=webInfo&amp;publishConfFile=webInfoPerson&amp;publishSubDir=personal&amp;keep=y&amp;purge=y&amp;personal.pid=56937\" target=\"_blank\" rel=\"noreferrer noopener\">Beratungssprechstund<\/a>e <\/strong>bei Laura M\u00f6llers.<\/p>\n\n\n\n<div class=\"white-box\">\n<h2>Modulverantwortliche &#038; Ansprechpartnerin<\/h2>\n<p><a href=\"https:\/\/cives-school.de\/wp-content\/uploads\/2022\/07\/IMG_0741.jpg\"><img loading=\"lazy\" decoding=\"async\" class=\"alignright size-medium wp-image-6642\" src=\"https:\/\/cives-school.de\/wp-content\/uploads\/2022\/07\/IMG_0741.jpg\" alt=\"Laura M\u00f6llers\" width=\"250\" height=\"250\"><\/a><strong><a href=\"https:\/\/cives-school.de\/?page_id=146\" target=\"_blank\" rel=\"noopener noreferrer\">Laura M\u00f6llers<\/a><\/strong> ist Gesch\u00e4ftsf\u00fchrerin der <a href=\"https:\/\/cives-school.de\/\" target=\"_blank\" rel=\"noopener noreferrer\">CIVES! School of Civic Education<\/a> sowie Dozentin an der <a href=\"https:\/\/www.uni-due.de\/politik\/lehrstuhl-fd\/\" target=\"_blank\" rel=\"noopener noreferrer\">Professur Didaktik der Sozialwissenschaften<\/a>.<br><br>Als Verantwortliche f\u00fcr das BFP-Modul im Fach Sozialwissenschaften ist sie Ansprechpartnerin f\u00fcr Studierende sowie Kooperationspartner*innen und \u00fcbernimmt die Fachpr\u00fcfung bei Anerkennungsgesuchen. Ein <a href=\"https:\/\/campus.uni-due.de\/lsf\/rds?state=verpublish&#038;status=init&#038;vmfile=no&#038;moduleCall=webInfo&#038;publishConfFile=webInfoPerson&#038;publishSubDir=personal&#038;keep=y&#038;purge=y&#038;personal.pid=56937\" target=\"_blank\" rel=\"noopener noreferrer\">Sprechstundentermin<\/a><\/strong> kann \u00fcber den Online-Kalender im LSF vereinbart werden. <p><\/p><\/div>\n\n\n\n<p><\/p>\n","protected":false},"excerpt":{"rendered":"<p>Au\u00dferschulische politische Bildung (BFP-Modul) Au\u00dferschulische politische Bildung spielt bereits im Lehramtsstudium eine wichtige Rolle. Das Praxismodul Berufsfeldpraktikum (BFP) im Fach Sozialwissenschaften (SoWi) erm\u00f6glicht eine Besch\u00e4ftigung mit politischer Bildung an au\u00dferschulischen Lernorten. Es besteht hierbei die Lerngelegenheit, mit au\u00dferschulischen Expert*innen in Kontakt zu treten, Erfahrungen au\u00dferhalb des &hellip; <\/p>\n<p><a href=\"https:\/\/cives-school.de\/?page_id=8176\" class=\"more-link\"><span class=\"morelink-icon\">Weiterlesen<\/span><\/a><\/p>\n","protected":false},"author":7,"featured_media":0,"parent":0,"menu_order":0,"comment_status":"closed","ping_status":"closed","template":"page-templates\/full-width.php","meta":{"footnotes":""},"class_list":["post-8176","page","type-page","status-publish","hentry"],"_links":{"self":[{"href":"https:\/\/cives-school.de\/index.php?rest_route=\/wp\/v2\/pages\/8176","targetHints":{"allow":["GET"]}}],"collection":[{"href":"https:\/\/cives-school.de\/index.php?rest_route=\/wp\/v2\/pages"}],"about":[{"href":"https:\/\/cives-school.de\/index.php?rest_route=\/wp\/v2\/types\/page"}],"author":[{"embeddable":true,"href":"https:\/\/cives-school.de\/index.php?rest_route=\/wp\/v2\/users\/7"}],"replies":[{"embeddable":true,"href":"https:\/\/cives-school.de\/index.php?rest_route=%2Fwp%2Fv2%2Fcomments&post=8176"}],"version-history":[{"count":63,"href":"https:\/\/cives-school.de\/index.php?rest_route=\/wp\/v2\/pages\/8176\/revisions"}],"predecessor-version":[{"id":9609,"href":"https:\/\/cives-school.de\/index.php?rest_route=\/wp\/v2\/pages\/8176\/revisions\/9609"}],"wp:attachment":[{"href":"https:\/\/cives-school.de\/index.php?rest_route=%2Fwp%2Fv2%2Fmedia&parent=8176"}],"curies":[{"name":"wp","href":"https:\/\/api.w.org\/{rel}","templated":true}]}}