{"id":6715,"date":"2019-09-09T11:32:16","date_gmt":"2019-09-09T09:32:16","guid":{"rendered":"https:\/\/cives-school.de\/?page_id=6715"},"modified":"2024-03-29T15:06:14","modified_gmt":"2024-03-29T13:06:14","slug":"cives-flip","status":"publish","type":"page","link":"https:\/\/cives-school.de\/?page_id=6715","title":{"rendered":"CIVES-FLiP"},"content":{"rendered":"\n<h1><em>CIVES-FLiP<\/em><\/h1>\n<p><a name=\"\u00fcberflip\"><\/a><\/p>\n<p>Im <strong>Praxissemester<\/strong> werden Lehramtsstudierende in einer f\u00fcnfmonatigen, externen Ausbildungseinheit nicht an der Universit\u00e4t, sondern praxisnah in der Schule ausgebildet. Sie erproben sich als zuk\u00fcnftige Lehrkr\u00e4fte im Unterricht und setzen <strong>schulpraktische Studien<\/strong> um. Diese Lernform, bei der die Studierenden selbstst\u00e4ndig eine sie interessierende Fragestellung entwickeln, empirisch untersuchen, die Daten systematisch auswerten und die Ergebnisse pr\u00e4sentieren, wird <strong>\u201eForschendes Lernen\u201c<\/strong> genannt. Hierbei steht nicht die Forschungst\u00e4tigkeit als solche im Vordergrund, sondern der theorie- und methodengeleitete Zugang zum Berufs- und Handlungsfeld Unterricht und Schule. Ziel ist die Ausbildung von <strong>Reflexionskompetenz<\/strong>, Leitbild der <strong>\u201ereflective practioner\u201c<\/strong> \u2013 eine Lehrkraft, die sich nicht blo\u00df dem Handlungsdruck in der Unterrichtssituation beugt, sondern sein Handeln reflektieren und begr\u00fcnden kann.<\/p>\n\n<p>In der Reihe <strong><em>CIVES-FLiP<\/em><\/strong> (<strong>F<\/strong>orschendes <strong>L<\/strong>ernen <strong>i<\/strong>m <strong>P<\/strong>raxissemester) wollen wir gelungene Projekte von Studierenden einer breiteren \u00d6ffentlichkeit zug\u00e4nglich machen. Die ver\u00f6ffentlichten Beitr\u00e4ge geben <strong>exemplarische Einblicke<\/strong> in die Unterrichtsplanung und -praxis, den Methoden- und Medieneinsatz sowie fachliche Lernprozesse und -produkte. \u00dcber den individuellen Erkenntnisgewinn einzelner Studierender hinaus kann Forschendes Lernen somit f\u00fcr die Unterrichtsqualit\u00e4t in den sozialwissenschaftlichen F\u00e4chern fruchtbar werden.<\/p>\n\n<p>Auch wenn die Studienprojekte keine repr\u00e4sentativen Ergebnisse bereitstellen, keine strengen Wissenschaftskriterien erf\u00fcllen und nicht verallgemeinerbar sind \u2013 es sind authentische Lernprodukte \u2013 denken wir von CIVES, dass die in dieser Reihe ver\u00f6ffentlichten Beitr\u00e4ge auch f\u00fcr Dritte, Studierende sowie bereits im Beruf stehende Praktiker*innen, <strong>Anregungen f\u00fcr die Lehr-Lern-Prozesse im sozialwissenschaftlichen Fachunterricht<\/strong> bieten k\u00f6nnen.<\/p> \n\n<p>Bei Fragen zur <em>CIVES-Reihe FLiP<\/em> wenden Sie sich gerne an <a href=\"mailto:sabine.manzel@uni-due.de\" target=\"_blank\" rel=\"noopener noreferrer\">Prof. Dr. Sabine Manzel.<\/a><\/p>\n\n<p>ISSN (Print) 2628-8648<br> \nISSN (Online) 2626-8656<\/p>\n\n\n<div class=\"white-box\"><a name=\"flip5\"><\/a><\/p>\n<h3>NEU:<em><a href=\"https:\/\/cives-school.de\/wp-content\/uploads\/2024\/03\/2024-03-27_FliP5_online.pdf\" target=\"_blank\" rel=\"noopener noreferrer\"> CIVES-FLiP #5<\/a><\/em><\/h3>\n<h3><a href=\"https:\/\/cives-school.de\/wp-content\/uploads\/2024\/03\/2024-03-27_FliP5_online.pdf\" target=\"_blank\" rel=\"noopener noreferrer\"><img loading=\"lazy\" decoding=\"async\" src=\"https:\/\/cives-school.de\/wp-content\/uploads\/2024\/03\/Cover_CIVES-FLIP5-online.jpg\" alt=\"Cives-FLiP-#5\" class=\"alignleft size-medium wp-image-5098\" width=\"148\" height=\"210\"><\/a>Jonas Adam:<br>\nUnterrichtseinstieg mit Karikaturen<\/h3>\n<h4>Ein Studienprojekt zu Verst\u00e4ndnis und Motivierungspotenzial<\/h4>\n<p>Karikaturen sind eine beliebte diskontinuierliche Textsorte im gesellschaftswissenschaftlichen Unterricht. Die Auseinandersetzung mit ihnen ist auch in vielen Lehrpl\u00e4nen vorgegeben und doch gibt es wenige empirische Erkenntnisse, ob und wie sie wirken. \n\n<p>Dieser Frage ging <strong>Jonas Adam<\/strong> in seinem Studienprojekt w\u00e4hrend des Praxissemesters im Sommer 2022 nach. Er entwickelte hierf\u00fcr zwei Frageb\u00f6gen, deren Items sich an der COACTIV-Studie orientieren und befragte 51 Sch\u00fcler*innen (einer f\u00fcnften und zw\u00f6lften Klasse).  \n\n<p>Die Erhebung zeigt, dass die Lernenden den Einsatz einer Karikatur im Unterrichtseinstieg durchschnittlich sowohl verst\u00e4ndlich als auch motivierend erlebt haben. Der Autor dokumentiert in seiner Arbeit die theoretischen Grundannahmen seines Studienprojekts, die Erhebungs- und Auswertungsmethodik, die Limitationen der Untersuchung sowie die kritische Ergebnisreflexion.<\/p>\n\n<h3>\u00dcber den Autor<\/h3>\n<p>Jonas Adam, M.Ed., studierte an der Universit\u00e4t Duisburg-Essen die F\u00e4cher Sozialwissenschaften und Mathematik f\u00fcr das Lehramt an Gymnasien und Gesamtschulen und beginnt im Mai 2024 seinen Vorbereitungsdienst.<\/p>\n\n<p><a href=\"https:\/\/cives-school.de\/wp-content\/uploads\/2024\/03\/2024-03-27_FliP5_online.pdf\" target=\"_blank\" rel=\"noopener noreferrer\"> Download <em>CIVES-FliP #5<\/em><\/a><br>\n<\/div>\n<div class=\"white-box\"><a name=\"flip5\"><\/a><\/p>\n\n<h3><em><a href=\"https:\/\/cives-school.de\/wp-content\/uploads\/2021\/12\/2021-06-11_FLiP4_online.pdf\" target=\"_blank\" rel=\"noopener noreferrer\"> CIVES-FLiP #4<\/a><\/em><\/h3>\n<h3><a href=\"https:\/\/cives-school.de\/wp-content\/uploads\/2021\/12\/2021-06-11_FLiP4_online.pdf\" target=\"_blank\" rel=\"noopener noreferrer\"><img loading=\"lazy\" decoding=\"async\" src=\"https:\/\/cives-school.de\/wp-content\/uploads\/2021\/12\/Coverbild-FLiP4-scaled.jpg\" alt=\"Cives-FLiP-#4\" class=\"alignleft size-medium wp-image-5098\" width=\"148\" height=\"210\"><\/a>Kristin Rittmann:<br>\nPolitische Handlungsf\u00e4higkeit durch Mikro- und Makromethoden im Politikunterricht f\u00f6rdern<\/h3>\n<h4>Befragung von Lehrkr\u00e4ften zu Einflussfaktoren der Methodenwahl<\/h4>\n<p>Welche Faktoren beeinflussen Lehrkr\u00e4fte in der Wahl von Mikro- und Makromethoden zur F\u00f6rderung politischer Handlungsf\u00e4higkeit im Politikunterricht?\n\n<p>Dieser Frage geht <strong>Kristin Rittmann<\/strong> nach. Sie befragt hierzu in qualitativen Expert*inneninterviews die Lehrkr\u00e4fte ihrer Praxissemester-Schule und erhob dabei auch deren Berufserfahrung sowie das fachdidaktische und p\u00e4dagogische Professionswissen.\n\n<p>Die Erhebung gibt einen Einblick in die Vielf\u00e4ltigkeit der Einflussfaktoren auf die Methodenwahl von Lehrkr\u00e4ften. Die Autorin reflektiert die Limitationen der Untersuchung und zeigt Ans\u00e4tze f\u00fcr weitere Forschung auf. <\/p>\n\n<h3>\u00dcber die Autorin<\/h3>\n<p>Kristin Rittmann schlie\u00dft derzeit ihr Masterstudium der F\u00e4cher Sozialwissenschaften und Englisch auf Lehramt an der Universit\u00e4t Duisburg-Essen ab und arbeitet als Vertretungslehrkraft an einem Gymnasium in NRW.<\/p>\n\n<p><a href=\"https:\/\/cives-school.de\/wp-content\/uploads\/2021\/12\/2021-06-11_FLiP4_online.pdf\" target=\"_blank\" rel=\"noopener noreferrer\"> Download <em>CIVES-FliP #4<\/em><\/a><br>\n<\/div>\n<div class=\"white-box\"><a name=\"flip4\"><\/a><\/p>\n\n<h3><em><a href=\"https:\/\/cives-school.de\/wp-content\/uploads\/2020\/10\/CIVES-FLiP_3_online.pdf\" target=\"_blank\" rel=\"noopener noreferrer\"> CIVES-FLiP #3<\/a><\/em><\/h3>\n<h3><a href=\"https:\/\/cives-school.de\/wp-content\/uploads\/2020\/10\/CIVES-FLiP_3_online.pdf\" target=\"_blank\" rel=\"noopener noreferrer\"><img loading=\"lazy\" decoding=\"async\" src=\"https:\/\/cives-school.de\/wp-content\/uploads\/2020\/10\/Cover_CIVES-FLiP_3_online.jpg\" alt=\"Cives-FLiP-#3\" class=\"alignleft size-medium wp-image-5098\" width=\"148\" height=\"210\"><\/a>Yasar Apak:<br>\nSch\u00fcler*innen interessieren sich nicht f\u00fcr die Themen im<br>Kernlehrplan &#8211; oder doch?<\/h3>\n<h4>Ein Studienprojekt zum politischen Interesse von Realsch\u00fcler*innen<br>der 7. und 8. Klasse<\/h4>\n<p>Wie stark interessieren sich Sch\u00fcler*innen der Sekundarstufe I sowohl allgemein als auch speziell f\u00fcr die im Kernlehrplan verankerten politischen Inhaltsfelder?\n\n<p>Dieser Frage geht <strong>Yasar Apak<\/strong> nach. Er entwickelte in seinem Praxissemester-Studienprojekt einen zweiteiligen Fragebogen und befragte Realsch\u00fcler*innen einer siebten und achten Klasse.\n\n<p>Die Erhebung zeigt, dass das Interesse der Sch\u00fcler*innen vor allem bei alltagsnahen und lebensweltlichen Themen steigt, wie z.B. Rechte und Pflichten von Jugendlichen. Der Autor reflektiert die Ergebnisse sowie die methodische Umsetzung und leitet Schlussfolgerungen f\u00fcr die Unterrichtspraxis ab.<\/p>\n\n<h3>\u00dcber den Autor<\/h3>\n<p>Yasar Apak studierte die F\u00e4cher Sozialwissenschaften und Biologie f\u00fcr das Lehramt an der Universit\u00e4t Duisburg-Essen. Im Herbst 2019 schloss er sein Studium erfolgreich ab (M.Ed.) und absolviert momentan sein Referendariat.<\/p>\n\n<p><a href=\"https:\/\/cives-school.de\/wp-content\/uploads\/2020\/10\/CIVES-FLiP_3_online.pdf\" target=\"_blank\" rel=\"noopener noreferrer\"> Download <em>CIVES-FliP #3<\/em><\/a><br>\n<\/div>\n<div class=\"white-box\"><a name=\"flip3\"><\/a><\/p>\n\n<h3><em><a href=\"https:\/\/cives-school.de\/wp-content\/uploads\/2020\/05\/FLiP2_online.pdf\" target=\"_blank\" rel=\"noopener noreferrer\"> CIVES-FLiP #2<\/a><\/em><\/h3>\n<h3><a href=\"https:\/\/cives-school.de\/wp-content\/uploads\/2020\/05\/FLiP2_online.pdf\" target=\"_blank\" rel=\"noopener noreferrer\"><img loading=\"lazy\" decoding=\"async\" src=\"https:\/\/cives-school.de\/wp-content\/uploads\/2020\/05\/2020-01-23_FLiP2_Online_final_Cover.jpg\" alt=\"Cives-FLiP-#2\" class=\"alignleft size-medium wp-image-5098\" width=\"148\" height=\"210\"><\/a>Philip Lewin:<br>\nPolitisches Interesse von Sch\u00fclerinnen<\/h3>\n<h4>Eine Befragung im Rahmen des Praxissemesters<\/h4>\n<p>Politisches Interesse gilt als wichtige Bedingung f\u00fcr politisches Engagement und kann das Verst\u00e4ndnis von politischen Inhalten und Prozessen verbessern. Ziel von sozialwissenschaftlichem Fachunterricht ist daher, das politische Interesse durch lernproduktive Aufgabenstellungen zu f\u00f6rdern.\n\n<p>Aufgrund der Relevanz untersuchte <strong>Philipp Lewin<\/strong> w\u00e4hrend seines Praxissemesters das politische Interesse in \u201eseinen\u201c Klassen. Er f\u00fchrte eine <strong>schriftliche Befragung bei 132 Sch\u00fclerinnen<\/strong> an einem M\u00e4dchengymnasium durch und setzte hierf\u00fcr Items aus der Eingangsbefragung des <a href=\"https:\/\/www.bildungsserver.de\/innovationsportal\/Demokratie-lernen-und-leben-5298-de.html\" target=\"_blank\" rel=\"noopener noreferrer\">BLK-Programms <em>Demokratie lernen und leben<\/em><\/a> ein. \n\n<p>Bei der Untersuchung ber\u00fccksichtigte er <strong>klassenspezifische und soziokulturelle Faktoren<\/strong> und konnte Unterschiede zwischen den Befragungspersonen aus bildungsnahen und bildungsfernen Schichten in Hinblick auf das politische Interesse best\u00e4tigen.<\/p>\n\n<h3>\u00dcber den Autor<\/h3>\n<p>Philipp Lewin studierte an der Universit\u00e4t Duisburg-Essen die F\u00e4cher Sozialwissenschaften und Mathematik f\u00fcr das Lehramt an Gymnasien und Gesamtschulen. Er schloss im Sommer 2019 erfolgreich den Master of Education (M. Ed.) ab und absolviert aktuell sein Referendariat.<\/p>\n\n<p><a href=\"https:\/\/cives-school.de\/wp-content\/uploads\/2020\/05\/FLiP2_online.pdf\" target=\"_blank\" rel=\"noopener noreferrer\"> Download <em>CIVES-FliP #2<\/em><\/a><br>\n<\/div>\n\n<div class=\"white-box\"><a name=\"flip1\"><\/a><\/p>\n<h3><em><a href=\"https:\/\/cives-school.de\/wp-content\/uploads\/2019\/09\/CIVES-FLiP1_online.pdf\" target=\"_blank\" rel=\"noopener noreferrer\"> CIVES-FLiP #1<\/a><\/em><\/h3>\n<h3><a href=\"https:\/\/cives-school.de\/wp-content\/uploads\/2019\/09\/CIVES-FLiP1_online.pdf\" target=\"_blank\" rel=\"noopener noreferrer\"><img loading=\"lazy\" decoding=\"async\" src=\"https:\/\/cives-school.de\/wp-content\/uploads\/2019\/09\/Cover_CIVES-FLiP1_online.jpg\" alt=\"Cives-FLiP-#1\" class=\"alignleft size-medium wp-image-5098\" width=\"148\" height=\"210\"><\/a>Tom Kuhles:<br>\nGendergap bei \u00f6konomischen Themen im Politikunterricht<\/h3>\n<h4>Welche geschlechtsspezifischen Unterschiede gibt es? <\/h4>\n<p>Forschungsergebnisse haben geschlechterabh\u00e4ngige Unterschiede bei Interessen festgestellt. So sind m\u00e4nnliche Jugendliche zwischen 12 und 25 Jahren h\u00e4ufiger politisch interessiert als weibliche Jugendliche (SHELL 2015) und interessieren sich f\u00fcr st\u00e4rker f\u00fcr Politikfelder, wie Finanz-, Wirtschafts-, Au\u00dfen und Sicherheitspolitik, weniger f\u00fcr Jugend-, Bildungs-, Familien-, Umwelt- und Gleichstellungspolitik.<\/p>\n\n<p>Hieran ankn\u00fcpfend untersuchte Tom Kuhles in seinem Praxissemester, ob sich auch in seinem sozialwissenschaftlichen Unterricht geschlechtsspezifische Unterschiede bei \u00f6konomischen Themen zeigen: Sind wirtschaftliche Themen tats\u00e4chlich eher f\u00fcr Jungen interessant? Und wenn ja, gibt es besonders interessierende \u00f6konomische Inhalte?<\/p>\n\n<p>F\u00fcr sein Studienprojekt entwickelte der Autor einen eigenen Fragebogen in Anlehnung an die Inhaltsfelder des Kernlehrplans NRW mit \u00f6konomischen Schwerpunkt. Er befragte 50 Gymnasial-Sch\u00fcler*innen der Oberstufe schriftlich.<\/p> \n\n<p>Die Arbeit erl\u00e4utert die theoretischen Grundannahmen des Studienprojekts, dokumentiert die Erhebungs- und Auswertungsmethodik und pr\u00e4sentiert Ergebnisse. In einem Res\u00fcmee werden sowohl Erkenntnisse als auch Forschungsdesign kritisch reflektiert und Implikationen f\u00fcr die Unterrichtsplanung formuliert.<\/p>\n\n<h3>\u00dcber den Autor<\/h3>\n<p>Tom Kuhles studierte an der Universit\u00e4t Duisburg-Essen die F\u00e4cher Sozialwissenschaften und Biologie f\u00fcr das Lehramt an Gymnasien und Gesamtschulen. Er schloss im Fr\u00fchjahr 2019 erfolgreich den Master of Education (M. Ed.) ab und absolviert aktuell sein Referendariat.<\/p>\n\n<p><a href=\"https:\/\/cives-school.de\/wp-content\/uploads\/2019\/09\/CIVES-FLiP1_online.pdf\" target=\"_blank\" rel=\"noopener noreferrer\"> Download <em>CIVES-FliP #1<\/em><\/a><br>\n<\/div>\n","protected":false},"excerpt":{"rendered":"<p>CIVES-FLiP Im Praxissemester werden Lehramtsstudierende in einer f\u00fcnfmonatigen, externen Ausbildungseinheit nicht an der Universit\u00e4t, sondern praxisnah in der Schule ausgebildet. Sie erproben sich als zuk\u00fcnftige Lehrkr\u00e4fte im Unterricht und setzen schulpraktische Studien um. Diese Lernform, bei der die Studierenden selbstst\u00e4ndig eine sie interessierende Fragestellung entwickeln, empirisch &hellip; <\/p>\n<p><a href=\"https:\/\/cives-school.de\/?page_id=6715\" class=\"more-link\"><span class=\"morelink-icon\">Weiterlesen<\/span><\/a><\/p>\n","protected":false},"author":7,"featured_media":0,"parent":1588,"menu_order":0,"comment_status":"closed","ping_status":"closed","template":"","meta":{"footnotes":""},"class_list":["post-6715","page","type-page","status-publish","hentry"],"_links":{"self":[{"href":"https:\/\/cives-school.de\/index.php?rest_route=\/wp\/v2\/pages\/6715","targetHints":{"allow":["GET"]}}],"collection":[{"href":"https:\/\/cives-school.de\/index.php?rest_route=\/wp\/v2\/pages"}],"about":[{"href":"https:\/\/cives-school.de\/index.php?rest_route=\/wp\/v2\/types\/page"}],"author":[{"embeddable":true,"href":"https:\/\/cives-school.de\/index.php?rest_route=\/wp\/v2\/users\/7"}],"replies":[{"embeddable":true,"href":"https:\/\/cives-school.de\/index.php?rest_route=%2Fwp%2Fv2%2Fcomments&post=6715"}],"version-history":[{"count":20,"href":"https:\/\/cives-school.de\/index.php?rest_route=\/wp\/v2\/pages\/6715\/revisions"}],"predecessor-version":[{"id":9121,"href":"https:\/\/cives-school.de\/index.php?rest_route=\/wp\/v2\/pages\/6715\/revisions\/9121"}],"up":[{"embeddable":true,"href":"https:\/\/cives-school.de\/index.php?rest_route=\/wp\/v2\/pages\/1588"}],"wp:attachment":[{"href":"https:\/\/cives-school.de\/index.php?rest_route=%2Fwp%2Fv2%2Fmedia&parent=6715"}],"curies":[{"name":"wp","href":"https:\/\/api.w.org\/{rel}","templated":true}]}}