{"id":5762,"date":"2018-05-23T13:41:04","date_gmt":"2018-05-23T11:41:04","guid":{"rendered":"http:\/\/cives-school.de\/?page_id=5762"},"modified":"2018-06-07T14:46:16","modified_gmt":"2018-06-07T12:46:16","slug":"datenschutzerklaerung","status":"publish","type":"page","link":"https:\/\/cives-school.de\/?page_id=5762","title":{"rendered":"Datenschutzerkl\u00e4rung"},"content":{"rendered":"<section class=\"entry-content clearfix\">\n<h1>Datenschutzerkl\u00e4rung nach der DSGVO<\/h1>\n<h2>1. Allgemeine Hinweise<\/h2>\n<h3>Umfang der Verarbeitung personenbezogener Daten<\/h3>\n<p>Wir verarbeiten personenbezogene Daten unserer Nutzer grunds\u00e4tzlich nur, soweit dies zur Bereitstellung einer funktionsf\u00e4higen Website sowie unserer Inhalte und Leistungen erforderlich ist. Die Verarbeitung personenbezogener Daten unserer Nutzer erfolgt regelm\u00e4\u00dfig nur nach Einwilligung des Nutzers. Eine Ausnahme gilt in solchen F\u00e4llen, in denen eine vorherige Einholung einer Einwilligung aus tats\u00e4chlichen Gr\u00fcnden nicht m\u00f6glich ist und die Verarbeitung der Daten durch gesetzliche Vorschriften gestattet ist. <\/p>\n<h3>Rechtsgrundlage f\u00fcr die Verarbeitung personenbezogener Daten<\/h3>\n<p>Soweit wir f\u00fcr Verarbeitungsvorg\u00e4nge personenbezogener Daten eine Einwilligung der betroffenen Person einholen, dient Art. 6 Abs. 1 lit. a EU-Datenschutzgrundverordnung (DSGVO) als Rechtsgrundlage.<\/p>\n<h3>Datenl\u00f6schung und Speicherdauer<\/h3>\n<p>Die personenbezogenen Daten der betroffenen Person werden gel\u00f6scht oder gesperrt, sobald der Zweck der Speicherung entf\u00e4llt. Eine Speicherung kann dar\u00fcber hinaus erfolgen, wenn dies durch den europ\u00e4ischen oder nationalen Gesetzgeber in unionsrechtlichen Verordnungen, Gesetzen oder sonstigen Vorschriften, denen der Verantwortliche unterliegt, vorgesehen wurde. Eine Sperrung oder L\u00f6schung der Daten erfolgt auch dann, wenn eine durch die genannten Normen vorgeschriebene Speicherfrist abl\u00e4uft, es sei denn, dass eine Erforderlichkeit zur weiteren Speicherung der Daten f\u00fcr einen Vertragsabschluss oder eine Vertragserf\u00fcllung besteht.<\/p>\n<h2>2. Verantwortliche Stelle<\/h2>\n<p>Verantwortliche im Sinne der Datenschutz-Grundverordnung und anderer nationaler Datenschutzgesetze der Mitgliedsstaaten sowie sonstiger datenschutzrechtlicher Bestimmungen sind:<\/p>\n<p>Universit\u00e4t Duisburg-Essen<br \/>\nCIVES School of Civic Education<br \/>\nProf. Dr. Sabine Manzel und Laura M\u00f6llers<br \/>\nUniversit\u00e4tsstr. 12<br \/>\n45117 Essen<br \/>\nDeutschland<br \/>\nTel.: 0201-183-6908<br \/>\nE-Mail: <a href=\"mailto:info@cives-school.de\" rel=\"noopener\" target=\"_blank\">info@cives-school.de<\/a><br \/>\nWebsite: <a href=\"http:\/\/www.cives-school.de\" rel=\"noopener\" target=\"_blank\">www.cives-school.de<\/a><\/p>\n<p>Die CIVES School of Civic Education wird getragen durch die Universit\u00e4t Duisburg-Essen. Die Universit\u00e4t Duisburg-Essen wird vertreten durch ihren Rektor:<\/p>\n<p>Prof. Dr. Ulrich Radtke<br \/>\nUniversit\u00e4tsstr. 12<br \/>\n45117 Essen<br \/>\nDeutschland<br \/>\nTel. 0201-183-2000<br \/>\nE-Mail: <a href=\"mailto:rektor@uni-duisburg-essen.de\">rektor@uni-duisburg-essen.de<\/a><br \/>\nWebsite: <a href=\"http:\/\/www.uni-due.de\/de\/rektorat\/rektor.php\" rel=\"noopener\" target=\"_blank\">www.uni-due.de<\/a><\/p>\n<h3>Name und Anschrift des Datenschutzbeauftragten<\/h3>\n<p>Der Datenschutzbeauftragte der Universit\u00e4t Duisburg-Essen ist:<\/p>\n<p>Dr. Kai-Uwe Loser<br \/>\n(Beh\u00f6rdlicher Datenschutzbeauftragter der Universit\u00e4t Duisburg-Essen)<br \/>\nForsthausweg 2<br \/>\n47057 Duisburg<br \/>\nTel.: 0234-32-28720<br \/>\nE-Mail: <a href=\"mailto:kai-uwe.loser@uni-due.de\" rel=\"noopener\" target=\"_blank\">kai-uwe.loser@uni-due.de<\/a><br \/>\nWebsite: <a href=\"http:\/\/www.uni-due.de\/verwaltung\/datenschutz\" rel=\"noopener\" target=\"_blank\">www.uni-due.de\/verwaltung\/datenschutz<\/a><\/p>\n<h2>3. Rechte der Nutzer<\/h2>\n<h3>Recht auf Auskunft und L\u00f6schung<\/h3>\n<p>Sie haben im Rahmen der geltenden gesetzlichen Bestimmungen jederzeit das Recht auf unentgeltliche Auskunft \u00fcber Ihre gespeicherten personenbezogenen Daten, deren Herkunft und Empf\u00e4nger und den Zweck der Datenverarbeitung und L\u00f6schung dieser Daten. Hierzu sowie zu weiteren Fragen zum Thema personenbezogene Daten k\u00f6nnen Sie sich jederzeit unter der im Impressum angegebenen Adresse an uns wenden.<\/p>\n<h3>Recht auf Beschwerde bei einer Aufsichtsbeh\u00f6rde<\/h3>\n<p>Unbeschadet eines anderweitigen verwaltungsrechtlichen oder gerichtlichen Rechtsbehelfs steht Ihnen das Recht auf Beschwerde bei einer Aufsichtsbeh\u00f6rde, insbesondere in dem Mitgliedstaat ihres Aufenthaltsorts, ihres Arbeitsplatzes oder des Orts des mutma\u00dflichen Versto\u00dfes, zu, wenn Sie der Ansicht sind, dass die Verarbeitung der Sie betreffenden personenbezogenen Daten gegen die DSGVO verst\u00f6\u00dft.<br \/>\nEine Liste der Datenschutzbeauftragten sowie deren Kontaktdaten k\u00f6nnen <a href=\"https:\/\/www.bfdi.bund.de\/DE\/Infothek\/Anschriften_Links\/anschriften_links-node.html\" rel=\"noopener\" target=\"_blank\">diesem Link<\/a> entnommen werden.<\/p>\n<h2>4. Bereitstellung der Website und Erstellung von Logfiles<\/h2>\n<h3>Beschreibung und Umfang der Datenverarbeitung<\/h3>\n<p>Bei jedem Aufruf unserer Internetseite erfasst unser System automatisiert Daten und Informationen vom Computersystem des aufrufenden Rechners.<br \/>\nFolgende Daten werden hierbei erhoben:<\/p>\n<ul>a. Informationen \u00fcber den Browsertyp und die verwendete Version<br \/>\nb. Das Betriebssystem des Nutzers<br \/>\nc. Den Internet-Service-Provider des Nutzers<br \/>\nd. Datum und Uhrzeit des Zugriffs<br \/>\ne. Websites, von denen das System des Nutzers auf unsere Internetseite gelangt<br \/>\nf. Websites, die vom System des Nutzers \u00fcber unsere Website aufgerufen werden<\/ul>\n<p>Die Daten werden ebenfalls in den Logfiles unseres Systems gespeichert. Nicht hiervon betroffen sind die IP-Adressen des Nutzers oder andere Daten, die die Zuordnung der Daten zu einem Nutzer erm\u00f6glichen. Eine Speicherung dieser Daten zusammen mit anderen personenbezogenen Daten des Nutzers findet nicht statt.<\/p>\n<h3>Rechtsgrundlage f\u00fcr die Datenverarbeitung<\/h3>\n<p>Rechtsgrundlage f\u00fcr die vor\u00fcbergehende Speicherung der Daten ist Art. 6 Abs. 1 lit. f DSGVO.<\/p>\n<h3>Zweck der Datenverarbeitung<\/h3>\n<p>Die vor\u00fcbergehende Speicherung der IP-Adresse durch das System ist notwendig, um eine Auslieferung der Website an den Rechner des Nutzers zu erm\u00f6glichen. Hierf\u00fcr muss die IP-Adresse des Nutzers f\u00fcr die Dauer der Sitzung gespeichert bleiben. In diesen Zwecken liegt auch unser berechtigtes Interesse an der Datenverarbeitung nach Art. 6 Abs. 1 lit. f DSGVO.<\/p>\n<h3>Dauer der Speicherung<\/h3>\n<p>Die Daten werden gel\u00f6scht, sobald sie f\u00fcr die Erreichung des Zweckes ihrer Erhebung nicht mehr erforderlich sind. Im Falle der Erfassung der Daten zur Bereitstellung der Website ist dies sp\u00e4testens nach drei Tagen der Fall.<\/p>\n<h3>Widerspruchs- und Beseitigungsm\u00f6glichkeit<\/h3>\n<p>Die Erfassung der Daten zur Bereitstellung der Website und die Speicherung der Daten in Logfiles ist f\u00fcr den Betrieb der Internetseite zwingend erforderlich. Es besteht folglich seitens des Nutzers keine Widerspruchsm\u00f6glichkeit.<\/p>\n<h2>5. Verwendung von Cookies<\/h2>\n<h3>Beschreibung und Umfang der Datenverarbeitung<\/h3>\n<p>Unsere Webseiten wurde mit dem CMS-System WordPress erzeugt und verwenden sogenannte Session-Cookies. Session-Cookies sind kleine Informationseinheiten, die ein Anbieter im Arbeitsspeicher des Computers des Besuchers speichert. In einem Session-Cookie wird eine zuf\u00e4llig erzeugte eindeutige Identifikationsnummer abgelegt, eine sogenannte Session-ID. Au\u00dferdem enth\u00e4lt ein Cookie die Angabe \u00fcber seine Herkunft und die Speicherfrist.<\/p>\n<p>(Es gibt auch dauerhafte Cookies, um Besucher auch nach langer Zeit wieder erkennen zu k\u00f6nnen. Diese Informationen werden dann als Textdatei auf der Festplatte des Computers des Besuchers gespeichert. Im Unterschied dazu werden die von uns eingesetzten Session-Cookies gel\u00f6scht, wenn Sie die Sitzung beenden.)<\/p>\n<h3>Rechtsgrundlage f\u00fcr die Datenverarbeitung<\/h3>\n<p>Die Rechtsgrundlage f\u00fcr die Verarbeitung personenbezogener Daten unter Verwendung von Cookies ist Art. 6 Abs. 1 lit. f DSGVO.<\/p>\n<h3>Zweck der Datenverarbeitung<\/h3>\n<p>Der Zweck der Verwendung technisch notwendiger Cookies ist, die Nutzung von Websites f\u00fcr die Nutzer zu vereinfachen. Einige Funktionen unserer Internetseite k\u00f6nnen ohne den Einsatz von Cookies nicht angeboten werden. F\u00fcr diese ist es erforderlich, dass der Browser auch nach einem Seitenwechsel wiedererkannt wird.<br \/>\nDie durch technisch notwendige Cookies erhobenen Nutzerdaten werden nicht zur Erstellung von Nutzerprofilen verwendet.<\/p>\n<h3>Widerspruchs- und Beseitigungsm\u00f6glichkeit<\/h3>\n<p>Durch eine \u00c4nderung der Einstellungen in Ihrem Internetbrowser k\u00f6nnen Sie die \u00dcbertragung von Cookies deaktivieren oder einschr\u00e4nken. Bereits gespeicherte Cookies k\u00f6nnen jederzeit gel\u00f6scht werden. Dies kann auch automatisiert erfolgen. <\/p>\n<h2>6. Newsletter<\/h2>\n<h3>Beschreibung und Umfang der Datenverarbeitung<\/h3>\n<p>Auf unserer Internetseite besteht die M\u00f6glichkeit einen kostenfreien Newsletter zu abonnieren, in dem wir \u00fcber unsere Aktivit\u00e4ten und Veranstaltungen informieren. Hierbei wird die Emailadresse des Nutzers gespeichert.<br \/>\nDie Anmeldung zu unserem Newsletter erfolgt in einem sogenannten Double-Opt-In-Verfahren. D.h. Sie erhalten nach der Anmeldung eine E-Mail, in der Sie um die Best\u00e4tigung Ihrer Anmeldung gebeten werden. Diese Best\u00e4tigung ist notwendig, damit sich niemand mit fremden E-Mailadressen anmelden kann.<br \/>\nEs erfolgt im Zusammenhang mit der Datenverarbeitung f\u00fcr den Versand von Newslettern keine Weitergabe der Daten an Dritte. Die Daten werden ausschlie\u00dflich f\u00fcr den Versand des Newsletters verwendet.<\/p>\n<h3>Rechtsgrundlage f\u00fcr die Datenverarbeitung<\/h3>\n<p>Rechtsgrundlage f\u00fcr die Verarbeitung der Daten nach Anmeldung zum Newsletters durch den Nutzer ist bei Vorliegen einer Einwilligung des Nutzers Art. 6 Abs. 1 lit. a DSGVO.<\/p>\n<h3>Zweck der Datenverarbeitung<\/h3>\n<p>Die Erhebung der E-Mail-Adresse des Nutzers dient dazu, den Newsletter zuzustellen.<br \/>\nDie Erhebung sonstiger personenbezogener Daten im Rahmen des Anmeldevorgangs dient dazu, einen Missbrauch der Dienste oder der verwendeten E-Mail-Adresse zu verhindern.<\/p>\n<h3>Dauer der Speicherung<\/h3>\n<p>Die Daten werden gel\u00f6scht, sobald sie f\u00fcr die Erreichung des Zweckes ihrer Erhebung nicht mehr erforderlich sind. Die E-Mail-Adresse des Nutzers wird demnach solange gespeichert, wie das Abonnement des Newsletters aktiv ist.<br \/>\nDie sonstigen im Rahmen des Anmeldevorgangs erhobenen personenbezogenen Daten werden in der Regel nach einer Frist von drei Tagen gel\u00f6scht.<\/p>\n<h3>Widerspruchs- und Beseitigungsm\u00f6glichkeit<\/h3>\n<p>Das Abonnement des Newsletters kann durch den betroffenen Nutzer jederzeit gek\u00fcndigt werden. Zu diesem Zweck findet sich in jedem Newsletter ein entsprechender Link.<br \/>\nHierdurch wird ebenfalls ein Widerruf der Einwilligung der Speicherung der w\u00e4hrend des Anmeldevorgangs erhobenen personenbezogenen Daten erm\u00f6glicht.<\/p>\n<h2>7. Webanalyse durch Matomo (ehemals PIWIK)<\/h2>\n<h3>Umfang der Verarbeitung personenbezogener Daten<\/h3>\n<p>Unsere Website das Open-Source-Software-Tool Matomo (ehemals PIWIK), dabei handelt es sich um einen sogenannten Webanalysedienst. Matomo verwendet sogenannte Cookies die auf dem Computer der Nutzer gespeichert werden und die unsererseits eine Analyse der Benutzung der Webseite erm\u00f6glichen.<br \/>\nWerden Einzelseiten unserer Website aufgerufen, so werden folgende Daten gespeichert:<\/p>\n<ul>a. Zwei Bytes der IP-Adresse des aufrufenden Systems des Nutzers<br \/>\nb. Die aufgerufene Webseite<br \/>\nc. Die Website, von der der Nutzer auf die aufgerufene Webseite gelangt ist (Referrer)<br \/>\nd. Die Unterseiten, die von der aufgerufenen Webseite aus aufgerufen werden<br \/>\ne. Die Verweildauer auf der Webseite<br \/>\nf. Die H\u00e4ufigkeit des Aufrufs der Webseite<\/ul>\n<p>Die Software l\u00e4uft dabei ausschlie\u00dflich auf den Servern unserer Webseite. Eine Speicherung der personenbezogenen Daten der Nutzer findet nur dort statt. Eine Weitergabe der Daten an Dritte erfolgt nicht.<\/p>\n<h3>Rechtsgrundlage f\u00fcr die Verarbeitung personenbezogener Daten<\/h3>\n<p>Rechtsgrundlage f\u00fcr die Verarbeitung der personenbezogenen Daten der Nutzer ist Art. 6 Abs. 1 lit. f DSGVO.<\/p>\n<h3>Zweck der Datenverarbeitung<\/h3>\n<p>Wir sind durch die Auswertung der gewonnenen Daten in der Lage, Informationen \u00fcber die Nutzung der einzelnen Komponenten und Inhalte unserer Webseite zusammenzustellen. Dies hilft uns dabei unsere Webseite und deren Nutzerfreundlichkeit stetig zu verbessern. In diesen Zwecken liegt auch unser berechtigtes Interesse in der Verarbeitung der Daten nach Art. 6 Abs. 1 lit. f DSGVO. Durch die Anonymisierung der IP-Adresse wird dem Interesse der Nutzer an deren Schutz personenbezogener Daten hinreichend Rechnung getragen.<\/p>\n<h3>Dauer der Speicherung<\/h3>\n<p>Die Daten werden gel\u00f6scht, sobald sie f\u00fcr unsere Aufzeichnungszwecke nicht mehr ben\u00f6tigt werden. Die Logs mit den Daten der Nutzer werden nach sp\u00e4testens 6 Monaten gel\u00f6scht.<\/p>\n<h3>Widerspruchs- und Beseitigungsm\u00f6glichkeit<\/h3>\n<p>Durch eine \u00c4nderung der Einstellungen in Ihrem Internetbrowser k\u00f6nnen Sie die \u00dcbertragung von Cookies deaktivieren oder einschr\u00e4nken. Bereits gespeicherte Cookies k\u00f6nnen jederzeit gel\u00f6scht werden. Dies kann auch automatisiert erfolgen.<br \/>\nDar\u00fcber hinaus bieten wir unseren Nutzern auf unserer Website die M\u00f6glichkeit eines Opt-Out aus dem Analyseverfahren. Hierzu m\u00fcssen Sie <a href=\"https:\/\/cives-school.de\/?page_id=1658\" rel=\"noopener\" target=\"_blank\">diesem Link<\/a> folgen. Auf diese Weise wird ein weiterer Cookie auf ihrem System gesetzt, der unserem System signalisiert die Daten des Nutzers nicht zu speichern. Achtung: Sollten Sie Cookies l\u00f6schen, so hat dies zur Folge, dass auch das Opt-Out-Cookie gel\u00f6scht wird und ggf. erneut aktiviert werden muss.<\/p>\n<h2>8. Nutzung von Diensten und Inhalten Dritter<\/h2>\n<p>Wir binden innerhalb unserer Webseite das Serviceangebote \u201eMaps\u201c des Anbieters Google LLC ein.<br \/>\nDies setzt voraus, dass der Drittanbieter dieser Inhalte, die IP-Adresse der Nutzer wahrnimmt, da dieser ohne die IP-Adresse die Inhalte nicht an deren Browser senden k\u00f6nnten. Die IP-Adresse ist damit f\u00fcr die Darstellung dieser Inhalte erforderlich. Diese Daten k\u00f6nnen in den USA verarbeitet werden. Wir haben keinen Einfluss auf diese Daten\u00fcbertragung.<br \/>\nDie Nutzung von Google Maps erfolgt im Interesse einer ansprechenden Darstellung unserer Aktivit\u00e4ten. Dies stellt ein berechtigtes Interesse im Sinne von Art. 6 Abs. 1 lit. f DSGVO dar.<br \/>\nWeitere Informationen zu der Datenschutzerkl\u00e4rung von Google k\u00f6nnen <a href=\"https:\/\/policies.google.com\/privacy?hl=de\" rel=\"noopener\" target=\"_blank\">hier abgerufen werden<\/a>.<br \/>\n<\/section>\n","protected":false},"excerpt":{"rendered":"<p>Datenschutzerkl\u00e4rung nach der DSGVO 1. Allgemeine Hinweise Umfang der Verarbeitung personenbezogener Daten Wir verarbeiten personenbezogene Daten unserer Nutzer grunds\u00e4tzlich nur, soweit dies zur Bereitstellung einer funktionsf\u00e4higen Website sowie unserer Inhalte und Leistungen erforderlich ist. Die Verarbeitung personenbezogener Daten unserer Nutzer erfolgt regelm\u00e4\u00dfig nur nach Einwilligung des &hellip; <\/p>\n<p><a href=\"https:\/\/cives-school.de\/?page_id=5762\" class=\"more-link\"><span class=\"morelink-icon\">Weiterlesen<\/span><\/a><\/p>\n","protected":false},"author":7,"featured_media":0,"parent":0,"menu_order":0,"comment_status":"closed","ping_status":"closed","template":"page-templates\/full-width.php","meta":{"footnotes":""},"class_list":["post-5762","page","type-page","status-publish","hentry"],"_links":{"self":[{"href":"https:\/\/cives-school.de\/index.php?rest_route=\/wp\/v2\/pages\/5762","targetHints":{"allow":["GET"]}}],"collection":[{"href":"https:\/\/cives-school.de\/index.php?rest_route=\/wp\/v2\/pages"}],"about":[{"href":"https:\/\/cives-school.de\/index.php?rest_route=\/wp\/v2\/types\/page"}],"author":[{"embeddable":true,"href":"https:\/\/cives-school.de\/index.php?rest_route=\/wp\/v2\/users\/7"}],"replies":[{"embeddable":true,"href":"https:\/\/cives-school.de\/index.php?rest_route=%2Fwp%2Fv2%2Fcomments&post=5762"}],"version-history":[{"count":15,"href":"https:\/\/cives-school.de\/index.php?rest_route=\/wp\/v2\/pages\/5762\/revisions"}],"predecessor-version":[{"id":5874,"href":"https:\/\/cives-school.de\/index.php?rest_route=\/wp\/v2\/pages\/5762\/revisions\/5874"}],"wp:attachment":[{"href":"https:\/\/cives-school.de\/index.php?rest_route=%2Fwp%2Fv2%2Fmedia&parent=5762"}],"curies":[{"name":"wp","href":"https:\/\/api.w.org\/{rel}","templated":true}]}}