{"id":5297,"date":"2018-02-22T11:45:25","date_gmt":"2018-02-22T09:45:25","guid":{"rendered":"http:\/\/cives-school.de\/?page_id=5297"},"modified":"2018-03-07T18:03:16","modified_gmt":"2018-03-07T16:03:16","slug":"iccs-2018-willkommen","status":"publish","type":"page","link":"https:\/\/cives-school.de\/?page_id=5297","title":{"rendered":"ICCS 2018: Willkommen"},"content":{"rendered":"<h1>ICCS 2018<\/h1>\n<div class=\"white-box\">\n<h2>Willkommen!<\/h2>\n<p>Die j\u00fcngsten Studien zur politischen Bildung in Deutschland attestieren dem Unterrichtsfach einen geringen Stellenwert. Im \u201eRanking Politische Bildung 2017\u201c verglichen Hedtke &amp; G\u00f6kbudak die Stundentafeln der Bundesl\u00e4nder und stellten gro\u00dfe Unterschiede fest. In NRW, das bez\u00fcglich der Unterrichtsstundenzahl in der \u201aSpitzengruppe\u2018 liegt, nehmen den Forschern zufolge politische Themen dennoch nur ein Drittel der Unterrichtszeit an Gymnasien ein, an Gesamt und Realschulen noch weniger. Wirtschaftliche Themenschwerpunkte \u00fcberwiegen.<\/p>\n<p><img loading=\"lazy\" decoding=\"async\" src=\"https:\/\/cives-school.de\/wp-content\/uploads\/2018\/03\/Sch\u00fclerInnen_Klassenzimmer-300x161.png\" alt=\"\" width=\"300\" height=\"161\" class=\"alignleft size-medium wp-image-5485\" srcset=\"https:\/\/cives-school.de\/wp-content\/uploads\/2018\/03\/Sch\u00fclerInnen_Klassenzimmer-300x161.png 300w, https:\/\/cives-school.de\/wp-content\/uploads\/2018\/03\/Sch\u00fclerInnen_Klassenzimmer-768x413.png 768w, https:\/\/cives-school.de\/wp-content\/uploads\/2018\/03\/Sch\u00fclerInnen_Klassenzimmer-1024x550.png 1024w, https:\/\/cives-school.de\/wp-content\/uploads\/2018\/03\/Sch\u00fclerInnen_Klassenzimmer-250x134.png 250w, https:\/\/cives-school.de\/wp-content\/uploads\/2018\/03\/Sch\u00fclerInnen_Klassenzimmer.png 1150w\" sizes=\"auto, (max-width: 300px) 100vw, 300px\" \/>Bedeutet wenig Lernzeit auch wenig Wissen? Der internationalen ICCS-Studie\u202f2016 nach durchaus. In der <em>International Civic and Citizenship Education Study<\/em> (kurz ICCS), deren Ergebnisse im November 2017 ver\u00f6ffentlicht wurden, wird die politische und zivilgesellschaftliche Bildung von Jugendlichen in 24 Schulsystemen weltweit untersucht. Die 14-J\u00e4hrigen aus NRW zeigten hierbei ein im europ\u00e4ischen Vergleich unterdurchschnittliches politisches Wissen. Die Schulform und der Bildungshintergrund der Elternh\u00e4user beeinflussen das Wissen stark, ein Befund, der zahlreiche Bildungsstudien best\u00e4tigt.<br \/>\nDie 1.451 befragten Sch\u00fcler*innen, die repr\u00e4sentativ f\u00fcr Achtkl\u00e4ssler in NRW sind, beziehen zudem u. a. das Konzept \u201eB\u00fcrgerschaft\u201c eher auf den privaten Bereich und die Teilnahme an Wahlen spielt f\u00fcr sie zumeist keine gro\u00dfe Rolle.<br \/>\nMit Blick auf die politische Sozialisation k\u00f6nnte argumentiert werden, dass das politische Interesse von 14-J\u00e4hrigen noch anw\u00e4chst. Aber gilt dies auch f\u00fcr das Wissen als zentrale Ressource f\u00fcr politische Aktivit\u00e4ten in der Demokratie? Die Schulzeitpflicht ist mit zehn Schuljahren erreicht, demnach bleiben nur zwei Jahre, um fehlende Kompetenzen zu erwerben, die f\u00fcr eine*n m\u00fcndige*n B\u00fcrger*in n\u00f6tig sind.<\/p>\n<p>Ziel der Tagung<\/p>\n<p style=\"text-align: center; font-size: 23px;\"><strong>Fit for democracy \u2013 Wie gut werden Jugendliche in der Schule <\/strong><strong>auf ihre Rolle als B\u00fcrger*innen vorbereitet? <\/strong><\/p>\n<p>ist daher, die ICCS-Ergebnisse aus verschiedenen politikdidaktischen, schulischen, zivilgesellschaftlichen und bildungspolitischen Perspektiven zu beleuchten.<\/p>\n<p>Was bedeuten die Befunde f\u00fcr uns als Ausbilder*innen, Lehrer*innen, politische Bildner*innen, Forscher*innen? Und wie wollen wir mit ihnen umgehen?<\/p>\n<p>Hierf\u00fcr m\u00f6chten wir<br \/>\n1) die Studienergebnisse vorstellen,<br \/>\n2) Aspekte der Studie in Workshops vertiefen und<br \/>\n3) den Forschungs- und Handlungsbedarf vielstimmig und offen diskutieren.<\/p>\n<p>Die ICCS-Tagung findet am <strong>Freitag, den 20.04.18<\/strong> an der Universit\u00e4t Duisburg-Essen, am Campus Essen, statt.<\/p>\n<p>Hiermit m\u00f6chten wir Sie herzlich zur Teilnahme einladen!<\/p>\n<p>Auf diesen Seiten finden Sie Informationen zu <a href=\"https:\/\/cives-school.de\/?page_id=5328\" rel=\"noopener\" target=\"_blank\">Programm<\/a>, <a href=\"https:\/\/cives-school.de\/wp-content\/uploads\/2018\/02\/ICCS_2018_UDE_Anfahrtsbeschreibung-S06-S00-B41_Campus-Essen.pdf\" rel=\"noopener\" target=\"_blank\">Anfahrt<\/a> sowie zu den <a href=\"https:\/\/cives-school.de\/?page_id=5350\" rel=\"noopener\" target=\"_blank\">Studien-Ergebnissen<\/a>. Anmeldungen sind \u00fcber das <a href=\"https:\/\/cives-school.de\/wp-content\/uploads\/2018\/02\/ICCS_2018_UDE_Anmeldung.pdf\" target=\"_blank\" rel=\"noopener noreferrer\">Anmeldeformular<\/a> m\u00f6glich. Die Teilnehmendenzahl ist begrenzt.<\/p>\n<p>Besonderer Dank gilt dem <a href=\"https:\/\/www.uni-due.de\/izfb\/\" rel=\"noopener\" target=\"_blank\">Interdisziplin\u00e4ren Zentrum f\u00fcr Bildungsforschung (IZfB)<\/a> an der UDE, das diese Tagung erm\u00f6glicht.<\/p>\n<p>Wir freuen uns darauf, Sie an der Universit\u00e4t Duisburg-Essen zu begr\u00fc\u00dfen.<\/p>\n<p><em>Prof. Dr. Sabine Manzel<\/em><br \/>\n<em> Wissenschaftliche Leiterin der CIVES! School of Civic Education<\/em><br \/>\n<em> Vorstandsmitglied des IZfB<\/em><br \/>\n<em> Lehrstuhlinhaberin f\u00fcr die Didaktik der Sozialwissenschaften<\/em><\/p>\n<p><em>Prof. Dr. Hermann Josef Abs<\/em><br \/>\n<em> Leiter des ICCS-Studienzentrums an der UDE<\/em><br \/>\n<em> Leiter NEWTT-New Talents for Teaching<\/em><br \/>\n<em> Lehrstuhlinhaber f\u00fcr Erziehungswissenschaft mit dem Schwerpunkt Schulp\u00e4dagogik<\/em><\/p>\n<p>&nbsp;<br \/>\n<img loading=\"lazy\" decoding=\"async\" src=\"https:\/\/cives-school.de\/wp-content\/uploads\/2018\/03\/logoleiste-ICCS-2018_530x110_NEU.png\" alt=\"\" width=\"650\" height=\"110\" class=\"aligncenter size-full wp-image-5482\" srcset=\"https:\/\/cives-school.de\/wp-content\/uploads\/2018\/03\/logoleiste-ICCS-2018_530x110_NEU.png 650w, https:\/\/cives-school.de\/wp-content\/uploads\/2018\/03\/logoleiste-ICCS-2018_530x110_NEU-300x51.png 300w, https:\/\/cives-school.de\/wp-content\/uploads\/2018\/03\/logoleiste-ICCS-2018_530x110_NEU-250x42.png 250w\" sizes=\"auto, (max-width: 650px) 100vw, 650px\" \/><br \/>\n<\/div>\n","protected":false},"excerpt":{"rendered":"<p>ICCS 2018<\/p>\n","protected":false},"author":7,"featured_media":0,"parent":0,"menu_order":0,"comment_status":"closed","ping_status":"closed","template":"","meta":{"footnotes":""},"class_list":["post-5297","page","type-page","status-publish","hentry"],"_links":{"self":[{"href":"https:\/\/cives-school.de\/index.php?rest_route=\/wp\/v2\/pages\/5297","targetHints":{"allow":["GET"]}}],"collection":[{"href":"https:\/\/cives-school.de\/index.php?rest_route=\/wp\/v2\/pages"}],"about":[{"href":"https:\/\/cives-school.de\/index.php?rest_route=\/wp\/v2\/types\/page"}],"author":[{"embeddable":true,"href":"https:\/\/cives-school.de\/index.php?rest_route=\/wp\/v2\/users\/7"}],"replies":[{"embeddable":true,"href":"https:\/\/cives-school.de\/index.php?rest_route=%2Fwp%2Fv2%2Fcomments&post=5297"}],"version-history":[{"count":34,"href":"https:\/\/cives-school.de\/index.php?rest_route=\/wp\/v2\/pages\/5297\/revisions"}],"predecessor-version":[{"id":5502,"href":"https:\/\/cives-school.de\/index.php?rest_route=\/wp\/v2\/pages\/5297\/revisions\/5502"}],"wp:attachment":[{"href":"https:\/\/cives-school.de\/index.php?rest_route=%2Fwp%2Fv2%2Fmedia&parent=5297"}],"curies":[{"name":"wp","href":"https:\/\/api.w.org\/{rel}","templated":true}]}}