{"id":5214,"date":"2018-02-20T11:39:02","date_gmt":"2018-02-20T09:39:02","guid":{"rendered":"http:\/\/cives-school.de\/?page_id=5214"},"modified":"2024-01-22T11:48:15","modified_gmt":"2024-01-22T09:48:15","slug":"sowi-fachnetzwerk","status":"publish","type":"page","link":"https:\/\/cives-school.de\/?page_id=5214","title":{"rendered":"SoWi-Fachnetzwerk"},"content":{"rendered":"\n<h1 class=\"wp-block-heading\">SoWi-Fachnetzwerk<\/h1>\n\n\n<div class=\"wp-block-image\">\n<figure class=\"alignright size-large is-resized\"><img loading=\"lazy\" decoding=\"async\" width=\"1024\" height=\"576\" src=\"https:\/\/cives-school.de\/wp-content\/uploads\/2020\/11\/LernortePXS-1024x576.jpg\" alt=\"\" class=\"wp-image-7565\" style=\"width:313px;height:176px\" srcset=\"https:\/\/cives-school.de\/wp-content\/uploads\/2020\/11\/LernortePXS-1024x576.jpg 1024w, https:\/\/cives-school.de\/wp-content\/uploads\/2020\/11\/LernortePXS-300x169.jpg 300w, https:\/\/cives-school.de\/wp-content\/uploads\/2020\/11\/LernortePXS-768x432.jpg 768w, https:\/\/cives-school.de\/wp-content\/uploads\/2020\/11\/LernortePXS-250x141.jpg 250w, https:\/\/cives-school.de\/wp-content\/uploads\/2020\/11\/LernortePXS.jpg 1280w\" sizes=\"auto, (max-width: 1024px) 100vw, 1024px\" \/><\/figure>\n<\/div>\n\n\n<p>Die <em>CIVES School<\/em> initiiert seit ihrer Gr\u00fcndung im Oktober 2014 einen fachlichen Austausch der drei Lernorte, die im Praxissemester zusammen wirken. Um das neue Praxissemester stetig besser in die SoWi-Lehramtsausbildung zu integrieren, treffen sich regelm\u00e4\u00dfig die Uni-Dozierenden, die Fachleitungen der beteiligten Zentren f\u00fcr schulpraktische Lehrerausbildung (ZfsL) sowie die betreuenden Lehrkr\u00e4fte an den Praxisschulen in der UDE-Ausbildungsregion. Beteiligte Ausbilder\/innen an den Praxisschulen sind herzlich zu diesen Treffen eingeladen und werden gebeten, sich bei Interesse mit <a href=\"mailto:laura.moellers@cives-school.de\">Laura M\u00f6llers<\/a> in Verbindung zu setzen.<\/p>\n\n\n\n<p>In diesem \u00dcbersichts-<a rel=\"noreferrer noopener\" href=\"https:\/\/padlet.com\/cives_school\/kvt89ngmq2qmoxvg\" target=\"_blank\">PADLET<\/a> haben wir f\u00fcr alle Ausbildungslehrkr\u00e4fte an den Schulen die wichtigsten Informationen zum Praxissemester in unserem Fach geb\u00fcndelt: <\/p>\n\n\n\n<figure class=\"wp-block-image size-large\"><a href=\"https:\/\/padlet.com\/cives_school\/kvt89ngmq2qmoxvg\" target=\"_blank\" rel=\"noopener noreferrer\"><img loading=\"lazy\" decoding=\"async\" width=\"1024\" height=\"467\" src=\"https:\/\/cives-school.de\/wp-content\/uploads\/2021\/05\/2021-05_Screenshot-LuL-PXS-SoWi-Padlet_CIVES-1024x467.jpg\" alt=\"\" class=\"wp-image-7651\" srcset=\"https:\/\/cives-school.de\/wp-content\/uploads\/2021\/05\/2021-05_Screenshot-LuL-PXS-SoWi-Padlet_CIVES-1024x467.jpg 1024w, https:\/\/cives-school.de\/wp-content\/uploads\/2021\/05\/2021-05_Screenshot-LuL-PXS-SoWi-Padlet_CIVES-300x137.jpg 300w, https:\/\/cives-school.de\/wp-content\/uploads\/2021\/05\/2021-05_Screenshot-LuL-PXS-SoWi-Padlet_CIVES-768x350.jpg 768w, https:\/\/cives-school.de\/wp-content\/uploads\/2021\/05\/2021-05_Screenshot-LuL-PXS-SoWi-Padlet_CIVES-1536x701.jpg 1536w, https:\/\/cives-school.de\/wp-content\/uploads\/2021\/05\/2021-05_Screenshot-LuL-PXS-SoWi-Padlet_CIVES-250x114.jpg 250w, https:\/\/cives-school.de\/wp-content\/uploads\/2021\/05\/2021-05_Screenshot-LuL-PXS-SoWi-Padlet_CIVES.jpg 1593w\" sizes=\"auto, (max-width: 1024px) 100vw, 1024px\" \/><\/a><figcaption class=\"wp-element-caption\"><br><\/figcaption><\/figure>\n\n\n\n<p>Weitere Informationen zum Praxissemester im Fach Sozialwissenschaften, Wirtschaft-Politik, Gesellschaftslehre finden Sie auf dieser Website unter <a href=\"https:\/\/cives-school.de\/?page_id=279\" target=\"_blank\" rel=\"noreferrer noopener\">Praxissemester<\/a>. <\/p>\n\n\n\n<p>Die Modulhandb\u00fccher und Lernziele unseres Masterstudiengangs finden Sie auf den Seiten des Lehramts Sozialwissenschaften unter <a href=\"https:\/\/www.uni-due.de\/gesellschaftswissenschaften\/master_lehramt_sozialwissenschaften\" target=\"_blank\" rel=\"noreferrer noopener\">Master of Education<\/a>. <\/p>\n\n\n\n<p>Alle allgemeinen, f\u00e4cher\u00fcbergreifenden, organisatorischen Informationen finden Sie auf den Seiten des <a href=\"https:\/\/zlb.uni-due.de\/praxissemester\/\" target=\"_blank\" rel=\"noreferrer noopener\">Zentrums f\u00fcr Lehrerbildung (ZLB) <\/a>der UDE. <\/p>\n\n\n<div class=\"white-box\"> <div id='SoWi-Fachnetzwerk' class='widgets_on_page wop_tiny1  wop_small1  wop_medium1  wop_large1  wop_wide1'>\n\t\t\t<ul><li id=\"dorayaki_recentposts-6\" class=\"widget widget_dorayaki_recentposts\">\n\t\t\t<ul class=\"dorayaki-rp\">\n\t\t\t\t\n\t\t\t\t\t<li class=\"rp-box\">\n\t\t\t\t\t\t<div class=\"rp-header\">\n\t\t\t\t\t\t\t<a href=\"https:\/\/cives-school.de\/?p=9661\" class=\"rp-date\">1. April 2026<\/a>\n\t\t\t\t\t\t\t<h3 class=\"rp-title\"><a href=\"https:\/\/cives-school.de\/?p=9661\">Einladung zur Lehrkr\u00e4fte-Fortbildung am 17.06.26<\/a><\/h3>\n\t\t\t\t\t\t<\/div><!-- end .rp-header -->\t\t\n\t\t\t\t\t\t<div class=\"rp-summary\">\n\t\t\t\t\t\t\t\t\t\t\t\t\t\t<p>Lokale Demokratie spielerisch entdecken und vermitteln Viele junge Menschen interessieren f\u00fcr Politik, empfinden aber zunehmend Frust und Misstrauen (DKJS, 2025). Die H\u00e4lfte der Jugendlichen sieht ihre Interessen und Lebenslagen nicht von Regierungen und Parteien ausreichend ber\u00fccksichtigt (17. Kinder- und Jugendbericht, BMFSFJ, 2024). Bei den 14- bis &hellip; <\/p>\n<p><a href=\"https:\/\/cives-school.de\/?p=9661\" class=\"more-link\"><span class=\"morelink-icon\">Weiterlesen<\/span><\/a><\/p>\n\t\t\t\t\t\t<\/div><!-- end .rp-summary -->\n\t\t\t\t\t\t<div class=\"rp-meta\">\n\t\t\t\t\t\t\t\t\t\t\t\t\t\t\t\t\t\t\t\t<\/div><!-- end .rp-meta -->\n\t\t\t\t\t<\/li>\n\t\t\t\t\t\n\t\t\t\t\t<li class=\"rp-box\">\n\t\t\t\t\t\t<div class=\"rp-header\">\n\t\t\t\t\t\t\t<a href=\"https:\/\/cives-school.de\/?p=9615\" class=\"rp-date\">28. Januar 2026<\/a>\n\t\t\t\t\t\t\t<h3 class=\"rp-title\"><a href=\"https:\/\/cives-school.de\/?p=9615\">Gemeinsam neue Ideen entwickelt<\/a><\/h3>\n\t\t\t\t\t\t<\/div><!-- end .rp-header -->\t\t\n\t\t\t\t\t\t<div class=\"rp-summary\">\n\t\t\t\t\t\t\t\t\t\t\t\t\t\t<p>Lehrkr\u00e4fte-Fortbildung zu textsortenbasiertem Lernen Auch wenn die K\u00fcnstliche Intelligenz (KI) Texte zu einem vorgegebenen Lerninhalt generieren kann, bleibt die Schreibf\u00e4higkeit eine zentrale Voraussetzung f\u00fcr den Lernerfolg von Sch\u00fcler*innen und erm\u00f6glicht Partizipation in einer Demokratie. Schreiben als T\u00e4tigkeit hilft, Lernprozesse zu strukturieren, Wissen aufzubauen und Fachkonzepte zu &hellip; <\/p>\n<p><a href=\"https:\/\/cives-school.de\/?p=9615\" class=\"more-link\"><span class=\"morelink-icon\">Weiterlesen<\/span><\/a><\/p>\n\t\t\t\t\t\t<\/div><!-- end .rp-summary -->\n\t\t\t\t\t\t<div class=\"rp-meta\">\n\t\t\t\t\t\t\t\t\t\t\t\t\t\t\t\t\t\t\t\t<\/div><!-- end .rp-meta -->\n\t\t\t\t\t<\/li>\n\t\t\t\t\t\n\t\t\t\t\t<li class=\"rp-box\">\n\t\t\t\t\t\t<div class=\"rp-header\">\n\t\t\t\t\t\t\t<a href=\"https:\/\/cives-school.de\/?p=9571\" class=\"rp-date\">10. Dezember 2025<\/a>\n\t\t\t\t\t\t\t<h3 class=\"rp-title\"><a href=\"https:\/\/cives-school.de\/?p=9571\">Eine Teamschule der<br>Zukunft erleben<\/a><\/h3>\n\t\t\t\t\t\t<\/div><!-- end .rp-header -->\t\t\n\t\t\t\t\t\t<div class=\"rp-summary\">\n\t\t\t\t\t\t\t\t\t\t\t\t\t\t<p>Masterstudierende lernen innovativesSchulkonzept in Oberhausen kennen Am 8. Dezember 2025 haben 6 Masterstudierende mit ihrer Dozentin (Sabine Manzel Nietiedt) die Gesamtschule an der Knappenstrasse in Oberhausen besucht. Die Schule wurde in 2024 neu gegr\u00fcndet und z\u00e4hlt zu einem Prestige-Projekt der Stadt. Mit dem Neubau werden bauliche, &hellip; <\/p>\n<p><a href=\"https:\/\/cives-school.de\/?p=9571\" class=\"more-link\"><span class=\"morelink-icon\">Weiterlesen<\/span><\/a><\/p>\n\t\t\t\t\t\t<\/div><!-- end .rp-summary -->\n\t\t\t\t\t\t<div class=\"rp-meta\">\n\t\t\t\t\t\t\t\t\t\t\t\t\t\t\t\t\t\t\t\t<\/div><!-- end .rp-meta -->\n\t\t\t\t\t<\/li>\n\t\t\t\t\t\n\t\t\t\t\t<li class=\"rp-box\">\n\t\t\t\t\t\t<div class=\"rp-header\">\n\t\t\t\t\t\t\t<a href=\"https:\/\/cives-school.de\/?p=9184\" class=\"rp-date\">22. November 2024<\/a>\n\t\t\t\t\t\t\t<h3 class=\"rp-title\"><a href=\"https:\/\/cives-school.de\/?p=9184\">Demokratiebildung st\u00e4rken<\/a><\/h3>\n\t\t\t\t\t\t<\/div><!-- end .rp-header -->\t\t\n\t\t\t\t\t\t<div class=\"rp-summary\">\n\t\t\t\t\t\t\t\t\t\t\t\t\t\t<p>Workshops zeigen M\u00f6glichkeiten f\u00fcr den Fachunterricht Seit Herbst ist Prof. Dr. Sabine Manzel mit Workshops zur Demokratiebildung unterwegs. So fand Mitte Oktober die Tagung \u201eDemokratiebildung als Querschnittsaufgabe der Lehrer:innenbildung\u201c im Rahmen des Projekts ADiLA &#8211; Aktiv f\u00fcr Demokratiebildung im Lehramt an der Universit\u00e4t Trier statt. Teilnehmende &hellip; <\/p>\n<p><a href=\"https:\/\/cives-school.de\/?p=9184\" class=\"more-link\"><span class=\"morelink-icon\">Weiterlesen<\/span><\/a><\/p>\n\t\t\t\t\t\t<\/div><!-- end .rp-summary -->\n\t\t\t\t\t\t<div class=\"rp-meta\">\n\t\t\t\t\t\t\t\t\t\t\t\t\t\t\t\t\t\t\t\t<\/div><!-- end .rp-meta -->\n\t\t\t\t\t<\/li>\n\t\t\t\t\t\n\t\t\t\t\t<li class=\"rp-box\">\n\t\t\t\t\t\t<div class=\"rp-header\">\n\t\t\t\t\t\t\t<a href=\"https:\/\/cives-school.de\/?p=8983\" class=\"rp-date\">14. Dezember 2023<\/a>\n\t\t\t\t\t\t\t<h3 class=\"rp-title\"><a href=\"https:\/\/cives-school.de\/?p=8983\">Offener Selbstlernkurs zum Thema \u00f6konomische Ungleichheit<\/a><\/h3>\n\t\t\t\t\t\t<\/div><!-- end .rp-header -->\t\t\n\t\t\t\t\t\t<div class=\"rp-summary\">\n\t\t\t\t\t\t\t\t\t\t\t\t\t\t<p>Kostenfreies Angebot des Instituts f\u00fcr Sozio\u00f6konomie f\u00fcr Studierende, Lehrende und Interessierte Die Ungleichheit von Einkommen und Verm\u00f6gen ist ein Megathema unserer Gegenwart, das von der \u00f6konomischen Forschung erst in den vergangenen Jahren wiederentdeckt wurde. Am Institut f\u00fcr Sozio\u00f6konomie der Universit\u00e4t Duisburg-Essen ist die Besch\u00e4ftigung mit Ungleichheit &hellip; <\/p>\n<p><a href=\"https:\/\/cives-school.de\/?p=8983\" class=\"more-link\"><span class=\"morelink-icon\">Weiterlesen<\/span><\/a><\/p>\n\t\t\t\t\t\t<\/div><!-- end .rp-summary -->\n\t\t\t\t\t\t<div class=\"rp-meta\">\n\t\t\t\t\t\t\t\t\t\t\t\t\t\t\t\t\t\t\t\t<\/div><!-- end .rp-meta -->\n\t\t\t\t\t<\/li>\n\t\t\t\t\t\n\t\t\t\t\t<li class=\"rp-box\">\n\t\t\t\t\t\t<div class=\"rp-header\">\n\t\t\t\t\t\t\t<a href=\"https:\/\/cives-school.de\/?p=8915\" class=\"rp-date\">29. November 2023<\/a>\n\t\t\t\t\t\t\t<h3 class=\"rp-title\"><a href=\"https:\/\/cives-school.de\/?p=8915\">Politikunterricht sehen &#8211; fachdidaktisch analysieren &#8211; professionell handeln<\/a><\/h3>\n\t\t\t\t\t\t<\/div><!-- end .rp-header -->\t\t\n\t\t\t\t\t\t<div class=\"rp-summary\">\n\t\t\t\t\t\t\t\t\t\t\t\t\t\t<p>Wie man Animationsvideos f\u00fcr die Lehrer*innenbildung nutzen kann Der Frage, wie angehende Lehrkr\u00e4fte bereits in der Universit\u00e4t auf die Herausforderungen des sozialwissenschaftlichen Fachunterrichts in der Schulpraxis vorbereiten werden k\u00f6nnen, geht der neu erschienene Sammelband des vom Ministerium f\u00fcr Kultur und Wissenschaft des Landes Nordrhein-Westfalen gef\u00f6rderten Projekts &hellip; <\/p>\n<p><a href=\"https:\/\/cives-school.de\/?p=8915\" class=\"more-link\"><span class=\"morelink-icon\">Weiterlesen<\/span><\/a><\/p>\n\t\t\t\t\t\t<\/div><!-- end .rp-summary -->\n\t\t\t\t\t\t<div class=\"rp-meta\">\n\t\t\t\t\t\t\t\t\t\t\t\t\t\t\t\t\t\t\t\t<\/div><!-- end .rp-meta -->\n\t\t\t\t\t<\/li>\n\t\t\t\t\t\t\t\t\t\t\t\t\t<\/ul><!-- end .dorayaki-rp -->\n\t   <\/li><\/ul><\/div><!-- widgets_on_page -->\n<p style=\"text-align: left;\"><a href=\"#start\">\u2191 zur Navigation<\/a><\/p>\n<\/div>","protected":false},"excerpt":{"rendered":"<p>SoWi-Fachnetzwerk Die CIVES School initiiert seit ihrer Gr\u00fcndung im Oktober 2014 einen fachlichen Austausch der drei Lernorte, die im Praxissemester zusammen wirken. Um das neue Praxissemester stetig besser in die SoWi-Lehramtsausbildung zu integrieren, treffen sich regelm\u00e4\u00dfig die Uni-Dozierenden, die Fachleitungen der beteiligten Zentren f\u00fcr schulpraktische Lehrerausbildung &hellip; <\/p>\n<p><a href=\"https:\/\/cives-school.de\/?page_id=5214\" class=\"more-link\"><span class=\"morelink-icon\">Weiterlesen<\/span><\/a><\/p>\n","protected":false},"author":7,"featured_media":0,"parent":228,"menu_order":0,"comment_status":"closed","ping_status":"closed","template":"","meta":{"footnotes":""},"class_list":["post-5214","page","type-page","status-publish","hentry"],"_links":{"self":[{"href":"https:\/\/cives-school.de\/index.php?rest_route=\/wp\/v2\/pages\/5214","targetHints":{"allow":["GET"]}}],"collection":[{"href":"https:\/\/cives-school.de\/index.php?rest_route=\/wp\/v2\/pages"}],"about":[{"href":"https:\/\/cives-school.de\/index.php?rest_route=\/wp\/v2\/types\/page"}],"author":[{"embeddable":true,"href":"https:\/\/cives-school.de\/index.php?rest_route=\/wp\/v2\/users\/7"}],"replies":[{"embeddable":true,"href":"https:\/\/cives-school.de\/index.php?rest_route=%2Fwp%2Fv2%2Fcomments&post=5214"}],"version-history":[{"count":6,"href":"https:\/\/cives-school.de\/index.php?rest_route=\/wp\/v2\/pages\/5214\/revisions"}],"predecessor-version":[{"id":8996,"href":"https:\/\/cives-school.de\/index.php?rest_route=\/wp\/v2\/pages\/5214\/revisions\/8996"}],"up":[{"embeddable":true,"href":"https:\/\/cives-school.de\/index.php?rest_route=\/wp\/v2\/pages\/228"}],"wp:attachment":[{"href":"https:\/\/cives-school.de\/index.php?rest_route=%2Fwp%2Fv2%2Fmedia&parent=5214"}],"curies":[{"name":"wp","href":"https:\/\/api.w.org\/{rel}","templated":true}]}}