{"id":4158,"date":"2017-03-08T11:27:19","date_gmt":"2017-03-08T09:27:19","guid":{"rendered":"http:\/\/cives-school.de\/?page_id=4158"},"modified":"2017-07-03T15:38:33","modified_gmt":"2017-07-03T13:38:33","slug":"gpje-2017-posterpraesentation","status":"publish","type":"page","link":"https:\/\/cives-school.de\/?page_id=4158","title":{"rendered":"GPJE 2017: Posterpr\u00e4sentation"},"content":{"rendered":"<h1>GPJE-Jahrestagung 2017<\/h1>\n<div class=\"white-box\">\n<h2>Posterpreis<\/h2>\n<p><img loading=\"lazy\" decoding=\"async\" src=\"https:\/\/cives-school.de\/wp-content\/uploads\/2017\/05\/GPJE-Jahrestagung2017_CIVES_Essen_52-300x200.jpg\" alt=\"\" width=\"300\" height=\"200\" class=\"alignleft size-medium wp-image-4634\" srcset=\"https:\/\/cives-school.de\/wp-content\/uploads\/2017\/05\/GPJE-Jahrestagung2017_CIVES_Essen_52-300x200.jpg 300w, https:\/\/cives-school.de\/wp-content\/uploads\/2017\/05\/GPJE-Jahrestagung2017_CIVES_Essen_52-768x512.jpg 768w, https:\/\/cives-school.de\/wp-content\/uploads\/2017\/05\/GPJE-Jahrestagung2017_CIVES_Essen_52-630x420.jpg 630w, https:\/\/cives-school.de\/wp-content\/uploads\/2017\/05\/GPJE-Jahrestagung2017_CIVES_Essen_52-250x167.jpg 250w, https:\/\/cives-school.de\/wp-content\/uploads\/2017\/05\/GPJE-Jahrestagung2017_CIVES_Essen_52.jpg 800w\" sizes=\"auto, (max-width: 300px) 100vw, 300px\" \/><\/p>\n<p>Der diesj\u00e4hrige Posterpreis ging an Timo Gertler von der Universit\u00e4t Gie\u00dfen f\u00fcr die Pr\u00e4sentation seines Forschungsprojektes zu \u201eMuseen als R\u00e4ume politischer Bildung\u201c. Herzlichen Gl\u00fcckwunsch!<\/p>\n<p>Weitere aktuelle Forschungsprojekte in der politischen Bildung, die im Rahmen der Posterpr\u00e4sentation vorgestellt wurden, finden Sie hier in der <a href=\"https:\/\/cives-school.de\/?page_id=4561\">Bildergalerie<\/a>.<\/p>\n<\/div>\n<div class=\"white-box\">\n<h2>Posterpr\u00e4sentation<\/h2>\n<p>Am 2. Konferenztag der GPJE-Jahrestagung, am Freitag, den 23.06.17, findet von 15:15 bis 16:15 Uhr die Posterpr\u00e4sentation zu aktuellen Forschungsprojekten der politischen Bildung im Glaspavillon statt. <\/p>\n<p>Hierbei wird das beste Poster ausgew\u00e4hlt, das am Tag darauf, Samstag, den 24.06.17 mit einem Preis ausgezeichnet wird. <\/p>\n<p>Die Posterpr\u00e4sentation ist unterteilt in eine Kurzvorstellung im Plenum und anschlie\u00dfendem Gallery Walk zum individuellen Austausch vor den Postern. <\/p>\n<p>Wenn Sie Posterpr\u00e4sentierende*r sind, dann geben Sie bitte Ihr Poster sowie einen USB-Stick mit der entsprechenden PDF-Datei bei der Registrierung am Donnerstag, 22.06.17 beim Tagungsteam ab.<br \/>\nWir bringen das Poster f\u00fcr Sie an den Pr\u00e4sentationsfl\u00e4chen an und ziehen die Datei auf einen Konferenzlaptop, so dass w\u00e4hrend Ihrer Kurzvorstellung Ihr Poster zus\u00e4tzlich via Beamer an die Wand projiziert werden kann. Sie erhalten den USB-Stick selbstverst\u00e4ndlich zur\u00fcck. <\/p>\n<p>Bei Fragen hierzu melden Sie sich gerne bei <a href=\"https:\/\/cives-school.de\/?page_id=4160\">uns<\/a>.<br \/>\n<\/div>\n<img loading=\"lazy\" decoding=\"async\" src=\"https:\/\/cives-school.de\/wp-content\/uploads\/2016\/11\/logoleiste-GPJE-2017_600x107.png\" alt=\"\" width=\"600\" height=\"107\" class=\"aligncenter size-full wp-image-4055\" srcset=\"https:\/\/cives-school.de\/wp-content\/uploads\/2016\/11\/logoleiste-GPJE-2017_600x107.png 600w, https:\/\/cives-school.de\/wp-content\/uploads\/2016\/11\/logoleiste-GPJE-2017_600x107-300x54.png 300w, https:\/\/cives-school.de\/wp-content\/uploads\/2016\/11\/logoleiste-GPJE-2017_600x107-250x45.png 250w\" sizes=\"auto, (max-width: 600px) 100vw, 600px\" \/><\/p>\n","protected":false},"excerpt":{"rendered":"<p>GPJE-Jahrestagung 2017<\/p>\n","protected":false},"author":2,"featured_media":0,"parent":0,"menu_order":0,"comment_status":"closed","ping_status":"closed","template":"","meta":{"footnotes":""},"class_list":["post-4158","page","type-page","status-publish","hentry"],"_links":{"self":[{"href":"https:\/\/cives-school.de\/index.php?rest_route=\/wp\/v2\/pages\/4158","targetHints":{"allow":["GET"]}}],"collection":[{"href":"https:\/\/cives-school.de\/index.php?rest_route=\/wp\/v2\/pages"}],"about":[{"href":"https:\/\/cives-school.de\/index.php?rest_route=\/wp\/v2\/types\/page"}],"author":[{"embeddable":true,"href":"https:\/\/cives-school.de\/index.php?rest_route=\/wp\/v2\/users\/2"}],"replies":[{"embeddable":true,"href":"https:\/\/cives-school.de\/index.php?rest_route=%2Fwp%2Fv2%2Fcomments&post=4158"}],"version-history":[{"count":10,"href":"https:\/\/cives-school.de\/index.php?rest_route=\/wp\/v2\/pages\/4158\/revisions"}],"predecessor-version":[{"id":4654,"href":"https:\/\/cives-school.de\/index.php?rest_route=\/wp\/v2\/pages\/4158\/revisions\/4654"}],"wp:attachment":[{"href":"https:\/\/cives-school.de\/index.php?rest_route=%2Fwp%2Fv2%2Fmedia&parent=4158"}],"curies":[{"name":"wp","href":"https:\/\/api.w.org\/{rel}","templated":true}]}}