{"id":4149,"date":"2017-03-07T18:44:56","date_gmt":"2017-03-07T16:44:56","guid":{"rendered":"http:\/\/cives-school.de\/?page_id=4149"},"modified":"2017-03-30T14:07:25","modified_gmt":"2017-03-30T12:07:25","slug":"gpje-2017-gemeinsames-abendessen","status":"publish","type":"page","link":"https:\/\/cives-school.de\/?page_id=4149","title":{"rendered":"GPJE 2017: Willkommen!"},"content":{"rendered":"<h1>GPJE-Jahrestagung 2017<\/h1>\n<div class=\"white-box\">\n<h2>Herzlich Willkommen zur 18. Jahrestagung der GPJE!<\/h2>\n<p>Wie ein hartn\u00e4ckiger Virus fordert der Populismus unsere Gesellschaft mit Trotz, Tabubr\u00fcchen und alltagsrassistischen Spr\u00fcchen heraus. Was tun wir? Wie begegnen wir den Repr\u00e4sentationsl\u00fccken, die entstanden sind? Wie gelingt Dialog, wenn Auseinandersetzung abgebrochen ist und Emp\u00f6rte irrationalen Aussagen st\u00e4rker Geh\u00f6r und ihre Wahlstimme schenken als Fakten und rationalen Argumenten?<br \/>\nWie verh\u00e4lt sich die Politische Bildung hierbei und welchen Beitrag kann sie f\u00fcr die Verl\u00e4sslichkeit einer stabilen Demokratie leisten? <\/p>\n<p>Diese Fragen wollen wir bei der <strong>18. Jahrestagung der Gesellschaft f\u00fcr Politikdidaktik und politische Jugend- und Erwachsenenbildung (GPJE)<\/strong> aus verschiedenen politikdidaktischen, schulischen und au\u00dferschulisch politisch bildenden Perspektiven thematisieren.<br \/>\nDie 18. Jahrestagung findet vom <strong>22. bis 24. Juni 2017<\/strong> an der Universit\u00e4t Duisburg-Essen, <strong>Campus Essen<\/strong>, statt. <\/p>\n<p>Hiermit m\u00f6chten wir Sie herzlich zur Teilnahme einladen. <\/p>\n<p>Die Jahrestagung bietet mit Keynotes, Podiumsdiskussionen, Vortr\u00e4gen und Workshops Raum f\u00fcr fachspezifischen und interdisziplin\u00e4ren Austausch und Diskurs. <\/p>\n<p>Die <strong>Nachwuchstagung<\/strong> findet am <strong>21. Juni 2017 am Campus Duisburg<\/strong> sowie am <strong>22. Juni 2017 vormittags<\/strong>, vor Beginn der Haupttagung, am <strong>Campus Essen<\/strong> statt. Hier besteht Gelegenheit zur methodischen Weiterqualifizierung im Rahmen von Workshops sowie zum Forschungsaustausch zwischen den Nachwuchsmitgliedern. Wir freuen uns auf Ihr Interesse und Ihre Beteiligung. <\/p>\n<p>Auf diesen Seiten informieren wir Sie \u00fcber das Programm, den Tagungsort und das kulturelle Rahmenprogramm. Hier finden Sie ebenfalls Wegbeschreibungen und Hotelinformationen. Anmeldungen sind \u00fcber die Anmeldemaske m\u00f6glich.<\/p>\n<p>Wir freuen uns darauf, Sie an der Universit\u00e4t Duisburg-Essen zu begr\u00fc\u00dfen,<\/p>\n<p><em>Prof. Dr. Monika Oberle<br \/>\nSprecherin des GPJE-Sprecherkreises\t\t<\/p>\n<p>Prof. Dr. Sabine Manzel<br \/>\nTagungsausrichtende Professur, UDE <\/em><br \/>\n<\/div>\n<img loading=\"lazy\" decoding=\"async\" src=\"https:\/\/cives-school.de\/wp-content\/uploads\/2016\/11\/logoleiste-GPJE-2017_600x107.png\" alt=\"\" width=\"600\" height=\"107\" class=\"aligncenter size-full wp-image-4055\" srcset=\"https:\/\/cives-school.de\/wp-content\/uploads\/2016\/11\/logoleiste-GPJE-2017_600x107.png 600w, https:\/\/cives-school.de\/wp-content\/uploads\/2016\/11\/logoleiste-GPJE-2017_600x107-300x54.png 300w, https:\/\/cives-school.de\/wp-content\/uploads\/2016\/11\/logoleiste-GPJE-2017_600x107-250x45.png 250w\" sizes=\"auto, (max-width: 600px) 100vw, 600px\" \/><\/p>\n","protected":false},"excerpt":{"rendered":"<p>GPJE-Jahrestagung 2017<\/p>\n","protected":false},"author":2,"featured_media":0,"parent":0,"menu_order":0,"comment_status":"closed","ping_status":"closed","template":"","meta":{"footnotes":""},"class_list":["post-4149","page","type-page","status-publish","hentry"],"_links":{"self":[{"href":"https:\/\/cives-school.de\/index.php?rest_route=\/wp\/v2\/pages\/4149","targetHints":{"allow":["GET"]}}],"collection":[{"href":"https:\/\/cives-school.de\/index.php?rest_route=\/wp\/v2\/pages"}],"about":[{"href":"https:\/\/cives-school.de\/index.php?rest_route=\/wp\/v2\/types\/page"}],"author":[{"embeddable":true,"href":"https:\/\/cives-school.de\/index.php?rest_route=\/wp\/v2\/users\/2"}],"replies":[{"embeddable":true,"href":"https:\/\/cives-school.de\/index.php?rest_route=%2Fwp%2Fv2%2Fcomments&post=4149"}],"version-history":[{"count":11,"href":"https:\/\/cives-school.de\/index.php?rest_route=\/wp\/v2\/pages\/4149\/revisions"}],"predecessor-version":[{"id":7230,"href":"https:\/\/cives-school.de\/index.php?rest_route=\/wp\/v2\/pages\/4149\/revisions\/7230"}],"wp:attachment":[{"href":"https:\/\/cives-school.de\/index.php?rest_route=%2Fwp%2Fv2%2Fmedia&parent=4149"}],"curies":[{"name":"wp","href":"https:\/\/api.w.org\/{rel}","templated":true}]}}