{"id":4144,"date":"2017-03-07T18:40:01","date_gmt":"2017-03-07T16:40:01","guid":{"rendered":"http:\/\/cives-school.de\/?page_id=4144"},"modified":"2017-03-30T14:30:59","modified_gmt":"2017-03-30T12:30:59","slug":"gpje-2017-organisatorisches","status":"publish","type":"page","link":"https:\/\/cives-school.de\/?page_id=4144","title":{"rendered":"GPJE 2017: Organisatorisches"},"content":{"rendered":"<h1>GPJE-Jahrestagung 2017<\/h1>\n<h2>Organisatorisches<\/h2>\n<p><a name=\"Tagungsort\"><\/a> <div class=\"white-box\">\n<h3>Tagungsort Essen<\/h3>\n<div id=\"attachment_4230\" style=\"width: 890px\" class=\"wp-caption aligncenter\"><img loading=\"lazy\" decoding=\"async\" aria-describedby=\"caption-attachment-4230\" src=\"https:\/\/cives-school.de\/wp-content\/uploads\/2017\/03\/shutterstock_564735529_880x374.jpg\" alt=\"Panorama Essen\" width=\"880\" height=\"374\" class=\"size-full wp-image-4230\" srcset=\"https:\/\/cives-school.de\/wp-content\/uploads\/2017\/03\/shutterstock_564735529_880x374.jpg 880w, https:\/\/cives-school.de\/wp-content\/uploads\/2017\/03\/shutterstock_564735529_880x374-300x128.jpg 300w, https:\/\/cives-school.de\/wp-content\/uploads\/2017\/03\/shutterstock_564735529_880x374-768x326.jpg 768w, https:\/\/cives-school.de\/wp-content\/uploads\/2017\/03\/shutterstock_564735529_880x374-250x106.jpg 250w\" sizes=\"auto, (max-width: 880px) 100vw, 880px\" \/><p id=\"caption-attachment-4230\" class=\"wp-caption-text\">Lukassek\/shutterstock.com<\/p><\/div>\n<p>Essen ist die viertgr\u00f6\u00dfte Stadt im Ruhrgebiet und wurde 2010 als Bannertr\u00e4gerin f\u00fcr das gesamte Ruhrgebiet zur <a href=\"http:\/\/archiv.ruhr2010.de\/\" target=\"_blank\">Kulturhauptstadt Europas<\/a> ernannt. 2001 wurde die <a href=\"https:\/\/www.zollverein.de\/\" target=\"_blank\">Zeche Zollverein<\/a> zur UNESCO-Welterbest\u00e4tte erhoben. Heute, im Jahr 2017, ist die Stadt Essen aufgrund ihrer zahlreichen st\u00e4dtischen Gr\u00fcnfl\u00e4chen, der Luftqualit\u00e4t und der Biodiversit\u00e4t die gr\u00fcnste Stadt Nordrhein-Westfalens und wurde von der EU-Kommission mit dem Titel <a href=\"https:\/\/www.essengreen.capital\/essen_2017\/diegruenehauptstadt\/Essen2017.de.html\" target=\"_blank\">\u201eGr\u00fcne Hauptstadt Europas\u201c<\/a> geehrt.<\/p>\n<p>Inmitten dieser Metropolregion befindet sich die <a href=\"https:\/\/www.uni-due.de\/de\/universitaet\/\" target=\"_blank\">Universit\u00e4t Duisburg-Essen<\/a> (UDE), an der aktuell circa 42 000 Studierende aus \u00fcber 130 Nationen an 11 Fakult\u00e4ten in \u00fcber 230 Studieng\u00e4ngen eingeschrieben sind. Die UDE ist eine der gr\u00f6\u00dften und j\u00fcngsten Universit\u00e4ten Deutschlands (Fusion der beiden Gesamthochschulen in 2003). Dennoch konnte sie sich bereits in internationalen Rankings bew\u00e4hren. Sie belegte im <em>Times Higher Education Ranking 150 under 50<\/em> den 17. Platz unter den besten jungen Universit\u00e4ten der Welt. International ist die Universit\u00e4t Duisburg-Essen dar\u00fcber hinaus mit \u00fcber 100 Universit\u00e4ten weltweit vernetzt. Der Rektor der Universit\u00e4t, Prof. Dr. Ulrich Radtke, wurde 2015 zum \u201eHochschulmanager des Jahres\u201c gek\u00fcrt.<\/p>\n<p>Das Motto der Universit\u00e4t \u201eIn M\u00f6glichkeiten statt in Grenzen denken\u201c zeigt sich auch in ihrem Engagement f\u00fcr Bildungsgerechtigkeit. Hier erhalten insbesondere Nichtakademikerkinder eine faire Bildungschance. So studieren an der UDE im deutschlandweiten Vergleich deutlich mehr Bildungsaufsteiger\/-innen. <\/p>\n<p>Einen prominenten und gut sichtbaren Stellenwert r\u00e4umt die UDE der Lehrerbildung ein (s. aktueller Hochschulentwicklungsplan 2016-2020). Die UDE ist seit 2016 mit einer F\u00f6rderh\u00f6he von 7,1 Mio. \u20ac mit dem Projekt <a href=\"https:\/\/www.uni-due.de\/proviel\/\" target=\"_blank\">ProViel<\/a> in 22 Teilprojekten und 34 wissenschaftlichen Mitarbeiter\/-innen am Qualit\u00e4tsoffensive-Lehrerbildung-Vorhaben von Bund und L\u00e4ndern beteiligt. Auch der Lehrstuhl f\u00fcr Didaktik der Sozialwissenschaften forscht in ProViel zu Qualit\u00e4tssicherung und Entwicklung f\u00fcr die Politische Bildung.<\/div>\n<p><a name=\"Anreise\"><\/a> <div class=\"white-box\">\n<h3>Anreise zum Campus Essen<\/h3>\n<div class=\"grey-box\">Wichtiger Hinweis f\u00fcr den GPJE-Nachwuchs: Der erste Tag der NACHWUCHSTAGUNG, Mittwoch, 21.06.17 findet am Campus DUISBURG statt. Bitte ber\u00fccksichtigen Sie dies bei Ihrer individuellen Reiseplanung. Lesen Sie hierzu auch die Informationen unter <a href=\"https:\/\/cives-school.de\/?page_id=4156\" target=\"_blank\">Nachwuchstagung<\/a>.<\/div>\n<h4>Mit \u00f6ffentlichen Verkehrsmitteln<\/h4>\n<p>Nehmen Sie am Essener Hbf den Ausgang \u201aFreiheit\u2018 und gehen Sie zu den Tram- und U-Bahn-Steigen hinunter. Nehmen Sie eine der beiden Linien <\/p>\n<ul>\n<li>Stra\u00dfenbahn-Linie 105 (Richtung Frintrop-Unterstr.)<\/li>\n<li>Stra\u00dfenbahn-Linie 106 (Richtung Germaniaplatz)<\/li>\n<\/ul>\n<p>und fahren Sie 2 Stationen bis Haltestelle \u201eRheinischer Platz\u201c. Nehmen Sie den linken Ausgang A und gehen Sie einfach geradeaus auf die \u201eroten T\u00fcrme\u201c zu. Hier an der Ecke Universit\u00e4tsstra\u00dfe\/ Gladbecker Stra\u00dfe befindet sich direkt der Glaspavillon (siehe unten auf Campus-Lageplan). <\/p>\n<p><a href=\"http:\/\/www.reiseauskunft.bahn.de\/bin\/query.exe\/dn?Z=45141+Essen%2C+Universit%C3%A4tsstra%C3%9Fe+12&#038;ZADR=1&#038;dbkanal_004=L01_S01_D001_KPK0064_cives-school-de_LZ03\" target=\"_blank\">Ihre Anreise mit der DB<\/a><br \/>\n<a href=\"http:\/\/www.evag.de\/fahrplan\/fahrplanauskunft.html\" target=\"_blank\">Informationen zum Nahverkehr<\/a><\/p>\n<p><iframe loading=\"lazy\" src=\"https:\/\/www.google.com\/maps\/embed?pb=!1m18!1m12!1m3!1d878.820263275415!2d7.008485819534727!3d51.46404852827917!2m3!1f0!2f0!3f0!3m2!1i1024!2i768!4f13.1!3m3!1m2!1s0x0%3A0x60497f6778c5e929!2sZugang+Geb%C3%A4ude+R12!5e0!3m2!1sde!2sde!4v1490688135426\" width=\"600\" height=\"450\" frameborder=\"0\" style=\"border:0\" allowfullscreen><\/iframe><\/p>\n<h4>Mit dem PKW<\/h4>\n<ul>\n<li>A52 aus Richtung D\u00fcsseldorf: Abfahrt Essen-S\u00fcd der Beschilderung &#8222;Universit\u00e4t&#8220; folgen<\/li>\n<li>A52 aus Richtung Essen-Huttrop: Abfahrt Essen-Bredeney rechts auf die Ruhrallee der Beschilderung &#8222;Universit\u00e4t&#8220; folgen<\/li>\n<li>A40 aus Richtung M\u00fclheim: Abfahrt Essen-Zentrum 2x links auf die Hans-B\u00f6ckler-Stra\u00dfe (B224) einbiegen, der Beschilderung &#8222;Universit\u00e4t&#8220; folgen<\/li>\n<li>A40 aus Richtung Bochum: Abfahrt Essen-Zentrum, rechts unter der Bahnunterf\u00fchrung auf die Hindenburgstr. einbiegen, der Beschilderung &#8222;Universit\u00e4t&#8220; folgen<\/li>\n<li>A42: Autobahnkreuz Essen-Nord auf die Gladbecker Stra\u00dfe (B224) einbiegen, der Beschilderung &#8222;Universit\u00e4t&#8220; folgen.<\/li>\n<\/ul>\n<p>Sie k\u00f6nnen als Tagungsgast die Parkpl\u00e4tze an der Universit\u00e4tsstra\u00dfe, der Segerothstra\u00dfe und am Reckhammerweg kostenfrei nutzen (siehe Campusplan). W\u00e4hrend der Vorlesungszeit sind Parkpl\u00e4tze allerdings knapp. <\/p>\n<p><a href=\"https:\/\/www.uni-due.de\/ub\/abisz\/anfahrt.shtml\" target=\"_blank\">Weitere Informationen zur Anfahrt<\/a><\/div>\n<a name=\"Hotel\"><\/a> <div class=\"white-box\">\n<h3>Hotelkontigente<\/h3>\n<p>Essen ist eine Messestadt und die Hotelzimmer sind zu dieser Zeit schnell ausgebucht. Zeitgleich zu unserer GPJE-Tagung finden weitere Konferenzen der Universit\u00e4t, die Fachmesse f\u00fcr Industrieautomation sowie &#8222;Extraschicht \u2013 Die Nacht der Industriekultur&#8220; statt. <\/p>\n<p>Wir haben daher ein Kontingent von <strong>110 Hotelzimmern<\/strong> f\u00fcr Sie organisiert (siehe \u00dcbersicht in der Informationsbrosch\u00fcre). Diese Hotelkontingente sind nicht unbedingt g\u00fcnstiger als frei gebuchte Hotels, aber stellen eine gewisse Kapazit\u00e4t her. Andere oder weitere Unterk\u00fcnfte finden Sie in den bekannten Buchungsportalen sowie \u00fcber eine Suche im Internet.<\/p>\n<p>Die Abrufung dieser Zimmer ist <strong>bis zum 10.05.17<\/strong> ausschlie\u00dflich \u00fcber <a href=\"https:\/\/cives-school.de\/wp-content\/uploads\/2017\/03\/GPJE-21-24.06.2017_Quartiersbestellung.pdf\" target=\"_blank\">dieses Formular<\/a> der Touristikzentrale Essen m\u00f6glich. <\/p>\n<p>Wenn Sie ein Zimmer dieses Kontingents nutzen wollen, f\u00fcllen Sie das Formular aus und schicken es <strong>direkt an die dort angegebene Kontaktperson<\/strong>.<\/div>\n<a name=\"Lageplan\"><\/a> <div class=\"white-box\">\n<h3>Campus-Lageplan<\/h3>\n<p><a href=\"https:\/\/cives-school.de\/wp-content\/uploads\/2017\/03\/Lageplan_Campus-Essen-1.pdf\"><img loading=\"lazy\" decoding=\"async\" src=\"https:\/\/cives-school.de\/wp-content\/uploads\/2017\/03\/Lageplan_Campus-Essen_880x660-1.jpg\" alt=\"Campus Essen Lageplan\" width=\"880\" height=\"660\" class=\"aligncenter size-full wp-image-4253\" \/><\/a><\/p>\n<p>Die 18. Jahrestagung der GPJE findet am Campus Essen der Universit\u00e4t Duisburg-Essen statt. Die Veranstaltungsr\u00e4ume sind der \u201eGlaspavillon\u201c mit der Geb\u00e4udenummer R12 S00 H12 und Seminarr\u00e4ume im Geb\u00e4ude S06. Die Tagungs-Er\u00f6ffnung, die Anmeldung und die Kaffeepausen finden im Glaspavillon statt. Sie k\u00f6nnen den Campus-Lageplan auch <a href=\"https:\/\/cives-school.de\/wp-content\/uploads\/2017\/03\/Lageplan_Campus-Essen-1.pdf\" target=\"_blank\">hier herunterladen<\/a>.<\/p>\n<\/div>\n<a name=\"Raeume\"><\/a> <div class=\"white-box\">\n<h3>Raumausstattung<\/h3>\n<p>Die Tagungsr\u00e4ume sind folgenderma\u00dfen ausgestattet: <\/p>\n<ul>\n<li>Pr\u00e4sentations-Laptop<\/li>\n<li>angeschlossener Beamer <\/li>\n<li>Lautsprecher<\/li>\n<li>Tafel<\/li>\n<\/ul>\n<p>Wenn Sie eine Pr\u00e4sentation projizieren m\u00f6chten, verwenden Sie bitte die Standard-Dateiformate PDF oder PPT im 4:3 Seitenverh\u00e4ltnis; bei anderen Dateiformaten bitten wir um R\u00fccksprache. <\/div>\n<img loading=\"lazy\" decoding=\"async\" src=\"https:\/\/cives-school.de\/wp-content\/uploads\/2016\/11\/logoleiste-GPJE-2017_600x107.png\" alt=\"\" width=\"600\" height=\"107\" class=\"aligncenter size-full wp-image-4055\" srcset=\"https:\/\/cives-school.de\/wp-content\/uploads\/2016\/11\/logoleiste-GPJE-2017_600x107.png 600w, https:\/\/cives-school.de\/wp-content\/uploads\/2016\/11\/logoleiste-GPJE-2017_600x107-300x54.png 300w, https:\/\/cives-school.de\/wp-content\/uploads\/2016\/11\/logoleiste-GPJE-2017_600x107-250x45.png 250w\" sizes=\"auto, (max-width: 600px) 100vw, 600px\" \/><\/p>\n","protected":false},"excerpt":{"rendered":"<p>GPJE-Jahrestagung 2017 Organisatorisches<\/p>\n","protected":false},"author":2,"featured_media":0,"parent":0,"menu_order":0,"comment_status":"closed","ping_status":"closed","template":"","meta":{"footnotes":""},"class_list":["post-4144","page","type-page","status-publish","hentry"],"_links":{"self":[{"href":"https:\/\/cives-school.de\/index.php?rest_route=\/wp\/v2\/pages\/4144","targetHints":{"allow":["GET"]}}],"collection":[{"href":"https:\/\/cives-school.de\/index.php?rest_route=\/wp\/v2\/pages"}],"about":[{"href":"https:\/\/cives-school.de\/index.php?rest_route=\/wp\/v2\/types\/page"}],"author":[{"embeddable":true,"href":"https:\/\/cives-school.de\/index.php?rest_route=\/wp\/v2\/users\/2"}],"replies":[{"embeddable":true,"href":"https:\/\/cives-school.de\/index.php?rest_route=%2Fwp%2Fv2%2Fcomments&post=4144"}],"version-history":[{"count":55,"href":"https:\/\/cives-school.de\/index.php?rest_route=\/wp\/v2\/pages\/4144\/revisions"}],"predecessor-version":[{"id":4415,"href":"https:\/\/cives-school.de\/index.php?rest_route=\/wp\/v2\/pages\/4144\/revisions\/4415"}],"wp:attachment":[{"href":"https:\/\/cives-school.de\/index.php?rest_route=%2Fwp%2Fv2%2Fmedia&parent=4144"}],"curies":[{"name":"wp","href":"https:\/\/api.w.org\/{rel}","templated":true}]}}