{"id":4138,"date":"2017-03-07T18:33:58","date_gmt":"2017-03-07T16:33:58","guid":{"rendered":"http:\/\/cives-school.de\/?page_id=4138"},"modified":"2017-07-03T15:32:26","modified_gmt":"2017-07-03T13:32:26","slug":"gpje-2017-aktuelles","status":"publish","type":"page","link":"https:\/\/cives-school.de\/?page_id=4138","title":{"rendered":"GPJE 2017: Aktuelles"},"content":{"rendered":"<h1>GPJE-Jahrestagung 2017<\/h1>\n<h2>Aktuelles<\/h2>\n<div class=\"white-box\">\n<h3>Tagungsfotos online  <\/h3>\n<p>In unserer Bildergalerie finden Sie <a href=\"https:\/\/cives-school.de\/?page_id=4561\">Impressionen von der 18. GPJE-Jahrestagung in Essen<\/a>. Bei R\u00fcckfragen <a href=\"https:\/\/cives-school.de\/?page_id=4160\">kontaktieren Sie uns<\/a> gerne.<br \/>\n<\/div>\n<div class=\"white-box\">\n<h3>Programm der Nachwuchstagung online <\/h3>\n<p>Das Programm der diesj\u00e4hrigen Nachwuchstagung ist <a href=\"https:\/\/cives-school.de\/wp-content\/uploads\/2017\/05\/GPJE-Nachwuchstagung-2017_Programm-Anreise.pdf\">online abrufbar.<\/a> Alle angemeldeten Teilnehmenden wurden per E-Mail benachrichtigt und werden gebeten, sich bis zum 13.06. f\u00fcr einen der Methoden-Workshops anzumelden (Windhundprinzip). Bei R\u00fcckfragen <a href=\"https:\/\/cives-school.de\/?page_id=4160\">kontaktieren Sie uns<\/a> gerne.<br \/>\n<\/div>\n<div class=\"white-box\">\n<h3>Anmeldung geschlossen<\/h3>\n<p>Die Anmeldefrist ist am 31.05.17 abgelaufen und die Anmeldung wurde geschlossen. Es stehen noch wenige offene Pl\u00e4tze zur Verf\u00fcgung. Bitte melden Sie sich bei Interesse per Email oder telefonisch bei Laura M\u00f6llers unter 0201-183-6908 oder <a href=\"mailto:laura.moellers@cives-school.de\">laura.moellers@cives-school.de<\/a>.<br \/>\n<\/div>\n<div class=\"white-box\">\n<h3>Programm online &#038; Anmeldung bis 31.05.17 m\u00f6glich<\/h3>\n<p>Das <a href=\"https:\/\/cives-school.de\/wp-content\/uploads\/2017\/03\/GPJE-JT2017_Programm_kurz_Web.pdf\">Kurzprogramm<\/a> sowie die <a href=\"https:\/\/cives-school.de\/wp-content\/uploads\/2017\/03\/Infobrosch%C3%BCre_GPJE_JT2017_Essen_Web.pdf\">Informationsbrosch\u00fcre <\/a>sind online abrufbar. Eine Anmeldung zur Tagung ist bis 31.05.17 m\u00f6glich. Die Teilnehmendenzahl ist aufgrund von Brandschutzbestimmungen beschr\u00e4nkt. Die Anmeldungen werden nach Datum ihres Eingangs ber\u00fccksichtigt. <\/div>\n<div class=\"white-box\">\n<h3>Posterpr\u00e4sentationen am Freitag, den 23.06.17 <\/h3>\n<p>Am 2. Konferenztag, Freitag, den 23.06.17, finden am Nachmittag um 15:15 Uhr im Glaspavillon die <a href=\"https:\/\/cives-school.de\/?page_id=4158\">Posterpr\u00e4sentationen<\/a> zu aktuellen Forschungsprojekten der politischen Bildung statt. Nach der jeweiligen Kurzvorstellung der Arbeiten durch die Forscher*innen, k\u00f6nnen bei einem anschlie\u00dfenden Gallery Walk und flying coffee die Poster n\u00e4her betrachtet und der Austausch hierzu intensiviert werden. Wir freuen uns auf die Vorstellung der neuen Forschungsarbeiten!<br \/>\n<\/div>\n<img loading=\"lazy\" decoding=\"async\" src=\"https:\/\/cives-school.de\/wp-content\/uploads\/2016\/11\/logoleiste-GPJE-2017_600x107.png\" alt=\"\" width=\"600\" height=\"107\" class=\"aligncenter size-full wp-image-4055\" srcset=\"https:\/\/cives-school.de\/wp-content\/uploads\/2016\/11\/logoleiste-GPJE-2017_600x107.png 600w, https:\/\/cives-school.de\/wp-content\/uploads\/2016\/11\/logoleiste-GPJE-2017_600x107-300x54.png 300w, https:\/\/cives-school.de\/wp-content\/uploads\/2016\/11\/logoleiste-GPJE-2017_600x107-250x45.png 250w\" sizes=\"auto, (max-width: 600px) 100vw, 600px\" \/><\/p>\n","protected":false},"excerpt":{"rendered":"<p>GPJE-Jahrestagung 2017 Aktuelles<\/p>\n","protected":false},"author":2,"featured_media":0,"parent":0,"menu_order":0,"comment_status":"closed","ping_status":"closed","template":"","meta":{"footnotes":""},"class_list":["post-4138","page","type-page","status-publish","hentry"],"_links":{"self":[{"href":"https:\/\/cives-school.de\/index.php?rest_route=\/wp\/v2\/pages\/4138","targetHints":{"allow":["GET"]}}],"collection":[{"href":"https:\/\/cives-school.de\/index.php?rest_route=\/wp\/v2\/pages"}],"about":[{"href":"https:\/\/cives-school.de\/index.php?rest_route=\/wp\/v2\/types\/page"}],"author":[{"embeddable":true,"href":"https:\/\/cives-school.de\/index.php?rest_route=\/wp\/v2\/users\/2"}],"replies":[{"embeddable":true,"href":"https:\/\/cives-school.de\/index.php?rest_route=%2Fwp%2Fv2%2Fcomments&post=4138"}],"version-history":[{"count":26,"href":"https:\/\/cives-school.de\/index.php?rest_route=\/wp\/v2\/pages\/4138\/revisions"}],"predecessor-version":[{"id":7226,"href":"https:\/\/cives-school.de\/index.php?rest_route=\/wp\/v2\/pages\/4138\/revisions\/7226"}],"wp:attachment":[{"href":"https:\/\/cives-school.de\/index.php?rest_route=%2Fwp%2Fv2%2Fmedia&parent=4138"}],"curies":[{"name":"wp","href":"https:\/\/api.w.org\/{rel}","templated":true}]}}