{"id":3873,"date":"2016-09-12T08:45:29","date_gmt":"2016-09-12T06:45:29","guid":{"rendered":"http:\/\/cives-school.de\/?page_id=3873"},"modified":"2026-03-23T11:04:25","modified_gmt":"2026-03-23T09:04:25","slug":"fachschaft","status":"publish","type":"page","link":"https:\/\/cives-school.de\/?page_id=3873","title":{"rendered":"Fachschaft"},"content":{"rendered":"<h1>Fachschaft Lehramt Sozialwissenschaften<\/h1>\n<p>Seit dem Sommersemester 2016 gibt es auch f\u00fcr den Studiengang Lehramt Sozialwissenschaften einen Fachschaftsrat als Interessenvertretung der Studierenden in fachlichen Belangen.<\/p>\n\n<div class=\"wp-block-image\">\n<figure class=\"alignright size-large is-resized\"><img loading=\"lazy\" decoding=\"async\" width=\"230\" height=\"90\" src=\"https:\/\/cives-school.de\/wp-content\/uploads\/2021\/05\/fsr-la-sowi-ude.png\" alt=\"\" class=\"wp-image-7679\" style=\"width:207px;height:81px\"\/><figcaption class=\"wp-element-caption\"><br><\/figcaption><\/figure>\n<\/div>\n\n\n<p>Aktuelle Informationen zur Arbeit des Fachschaftsrates sind auf der <a href=\"https:\/\/www.uni-due.de\/fsrlasowi\/\" target=\"_blank\" rel=\"noreferrer noopener\">Homepage<\/a> zu finden oder bei <a href=\"https:\/\/www.instagram.com\/lasowi.ppe.ude\/\">Instagram.<\/a><\/p>\n\n\n\n<p><\/p>\n\n\n\n<p class=\"has-very-dark-gray-color has-text-color has-background\" style=\"background-color:#c5eada\"><strong>Weitere Kontaktdaten des Fachschaftsrates:<\/strong><br>Fachschaftsrat Lehramt Sozialwissenschaften (LA SoWi) FS 2C<br>Universit\u00e4t Duisburg-Essen<br>Berliner Platz 6-8<br>45127 Essen<br>B\u00fcro: WST-B.08.03 (Weststadtt\u00fcrme)<br>Tel.: 0201 183-2659<br>E-Mail: fsr-lasowi@uni-due.de<\/p>\n\n\n\n<p><\/p>\n\n\n\n<p>Aktuelle Sprechstundenzeiten werden auf der Fachschaftsrats-Website unter <a href=\"https:\/\/www.uni-due.de\/fsrlasowi\/sprechstunde\" target=\"_blank\" rel=\"noreferrer noopener\">Sprechstunde<\/a> ver\u00f6ffentlicht. <\/p>\n\n\n\n<p>Wir w\u00fcnschen dem neuen Fachschaftsrat viel Erfolg bei seiner Arbeit!<\/p>\n","protected":false},"excerpt":{"rendered":"<p>Fachschaft Lehramt Sozialwissenschaften Seit dem Sommersemester 2016 gibt es auch f\u00fcr den Studiengang Lehramt Sozialwissenschaften einen Fachschaftsrat als Interessenvertretung der Studierenden in fachlichen Belangen. Aktuelle Informationen zur Arbeit des Fachschaftsrates sind auf der Homepage zu finden oder bei Instagram. Weitere Kontaktdaten des Fachschaftsrates:Fachschaftsrat Lehramt Sozialwissenschaften (LA &hellip; <\/p>\n<p><a href=\"https:\/\/cives-school.de\/?page_id=3873\" class=\"more-link\"><span class=\"morelink-icon\">Weiterlesen<\/span><\/a><\/p>\n","protected":false},"author":2,"featured_media":0,"parent":9,"menu_order":0,"comment_status":"closed","ping_status":"closed","template":"page-templates\/full-width.php","meta":{"footnotes":""},"class_list":["post-3873","page","type-page","status-publish","hentry"],"_links":{"self":[{"href":"https:\/\/cives-school.de\/index.php?rest_route=\/wp\/v2\/pages\/3873","targetHints":{"allow":["GET"]}}],"collection":[{"href":"https:\/\/cives-school.de\/index.php?rest_route=\/wp\/v2\/pages"}],"about":[{"href":"https:\/\/cives-school.de\/index.php?rest_route=\/wp\/v2\/types\/page"}],"author":[{"embeddable":true,"href":"https:\/\/cives-school.de\/index.php?rest_route=\/wp\/v2\/users\/2"}],"replies":[{"embeddable":true,"href":"https:\/\/cives-school.de\/index.php?rest_route=%2Fwp%2Fv2%2Fcomments&post=3873"}],"version-history":[{"count":9,"href":"https:\/\/cives-school.de\/index.php?rest_route=\/wp\/v2\/pages\/3873\/revisions"}],"predecessor-version":[{"id":9660,"href":"https:\/\/cives-school.de\/index.php?rest_route=\/wp\/v2\/pages\/3873\/revisions\/9660"}],"up":[{"embeddable":true,"href":"https:\/\/cives-school.de\/index.php?rest_route=\/wp\/v2\/pages\/9"}],"wp:attachment":[{"href":"https:\/\/cives-school.de\/index.php?rest_route=%2Fwp%2Fv2%2Fmedia&parent=3873"}],"curies":[{"name":"wp","href":"https:\/\/api.w.org\/{rel}","templated":true}]}}