{"id":2818,"date":"2015-09-08T13:12:21","date_gmt":"2015-09-08T11:12:21","guid":{"rendered":"http:\/\/cives-school.de\/?page_id=2818"},"modified":"2023-05-25T06:00:41","modified_gmt":"2023-05-25T04:00:41","slug":"cives-newsletter-2","status":"publish","type":"page","link":"https:\/\/cives-school.de\/?page_id=2818","title":{"rendered":"CIVES-Newsletter"},"content":{"rendered":"\n<h1><em>CIVES-Newsletter<\/em> abonnieren<\/h1>\n<div class=\"white-box\"><p>Bitte klicken Sie auf folgenden Link, um sich f\u00fcr den <em>CIVES-Newsletter<\/em> zu registrieren:\n<\/p>\n<a href=\"mailto:info@cives-school.de?subject=Registrierung%20CIVES-Newsletter&amp;body=Liebes%20CIVES-Team,%0D%0A%0D%0Amit%20dieser%20E-Mail%20m\u00f6chte%20ich%20mich%20f\u00fcr%20den%20CIVES-Newsletter%20registrieren.%0A%0DMit%20freundlichen%20Gr\u00fc\u00dfen\"><font size=\"4\"> Registrierung <em>CIVES-Newsletter<\/em><\/font><\/a><\/p>\n<\/div>\n<p>&nbsp;<br><img loading=\"lazy\" decoding=\"async\" class=\"alignleft\" src=\"https:\/\/cives-school.de\/wp-content\/uploads\/2015\/09\/newsletter-ohne-rand.jpg\" alt=\"Newsletter\" width=\"307\" height=\"240\"> Der <em>CIVES-Newsletter<\/em> informiert Sie etwa zweimal j\u00e4hrlich \u00fcber die Arbeit der <em>CIVES! School of Civic Education<\/em>. Sie erhalten so Hinweise auf neue Fortbildungsreihen, Ver\u00f6ffentlichungen, Literaturtipps und vieles mehr. Au\u00dferhalb dieses regelm\u00e4\u00dfigen Newsletters bekommen Sie zudem gelegentlich anlassbezogen Hinweise auf aktuelle Veranstaltungen der <em>CIVES<\/em>, die f\u00fcr Sie von Interesse sein k\u00f6nnten!<\/p>\n<p>&nbsp;<br>&nbsp;<br><h2 class=\"centered\"><span>Wie kann ich mein Abonnement beeenden?<\/span><\/h2>\n<p>Wenn Sie den <em>CIVES-Newsletter<\/em> nicht mehr erhalten m\u00f6chten, schicken Sie bitte eine kurze Nachricht an <a href=\"mailto:info@cives-school.de?subject=Abmeldung%20CIVES-Newsletter&amp;body=Liebes%20CIVES-Team,%0D%0A%0D%0Amit%20dieser%20E-Mail%20m\u00f6chte%20ich%20mein%20Abonnement%20des%20CIVES-Newsletters%20beenden.%0A%0DMit%20freundlichen%20Gr\u00fc\u00dfen\"><font size=\"4\">diese Kontaktadresse<\/font><\/a>, dann l\u00f6schen wir Ihr Abonnement.<\/p>\n","protected":false},"excerpt":{"rendered":"<p>CIVES-Newsletter abonnieren &nbsp; Der CIVES-Newsletter informiert Sie etwa zweimal j\u00e4hrlich \u00fcber die Arbeit der CIVES! School of Civic Education. Sie erhalten so Hinweise auf neue Fortbildungsreihen, Ver\u00f6ffentlichungen, Literaturtipps und vieles mehr. Au\u00dferhalb dieses regelm\u00e4\u00dfigen Newsletters bekommen Sie zudem gelegentlich anlassbezogen Hinweise auf aktuelle Veranstaltungen der CIVES, &hellip; <\/p>\n<p><a href=\"https:\/\/cives-school.de\/?page_id=2818\" class=\"more-link\"><span class=\"morelink-icon\">Weiterlesen<\/span><\/a><\/p>\n","protected":false},"author":2,"featured_media":0,"parent":0,"menu_order":0,"comment_status":"closed","ping_status":"closed","template":"","meta":{"footnotes":""},"class_list":["post-2818","page","type-page","status-publish","hentry"],"_links":{"self":[{"href":"https:\/\/cives-school.de\/index.php?rest_route=\/wp\/v2\/pages\/2818","targetHints":{"allow":["GET"]}}],"collection":[{"href":"https:\/\/cives-school.de\/index.php?rest_route=\/wp\/v2\/pages"}],"about":[{"href":"https:\/\/cives-school.de\/index.php?rest_route=\/wp\/v2\/types\/page"}],"author":[{"embeddable":true,"href":"https:\/\/cives-school.de\/index.php?rest_route=\/wp\/v2\/users\/2"}],"replies":[{"embeddable":true,"href":"https:\/\/cives-school.de\/index.php?rest_route=%2Fwp%2Fv2%2Fcomments&post=2818"}],"version-history":[{"count":69,"href":"https:\/\/cives-school.de\/index.php?rest_route=\/wp\/v2\/pages\/2818\/revisions"}],"predecessor-version":[{"id":8839,"href":"https:\/\/cives-school.de\/index.php?rest_route=\/wp\/v2\/pages\/2818\/revisions\/8839"}],"wp:attachment":[{"href":"https:\/\/cives-school.de\/index.php?rest_route=%2Fwp%2Fv2%2Fmedia&parent=2818"}],"curies":[{"name":"wp","href":"https:\/\/api.w.org\/{rel}","templated":true}]}}