{"id":279,"date":"2014-09-27T14:23:23","date_gmt":"2014-09-27T12:23:23","guid":{"rendered":"http:\/\/cives-school.de\/?page_id=279"},"modified":"2024-07-15T14:49:41","modified_gmt":"2024-07-15T12:49:41","slug":"praxissemester","status":"publish","type":"page","link":"https:\/\/cives-school.de\/?page_id=279","title":{"rendered":"Praxissemester"},"content":{"rendered":"\n<h1 class=\"wp-block-heading\">Praxissemester<\/h1>\n\n\n<div class=\"wp-block-image\">\n<figure class=\"alignright size-large is-resized\"><img loading=\"lazy\" decoding=\"async\" width=\"1024\" height=\"576\" src=\"https:\/\/cives-school.de\/wp-content\/uploads\/2020\/11\/LernortePXS-1024x576.jpg\" alt=\"\" class=\"wp-image-7565\" style=\"width:414px;height:234px\" srcset=\"https:\/\/cives-school.de\/wp-content\/uploads\/2020\/11\/LernortePXS-1024x576.jpg 1024w, https:\/\/cives-school.de\/wp-content\/uploads\/2020\/11\/LernortePXS-300x169.jpg 300w, https:\/\/cives-school.de\/wp-content\/uploads\/2020\/11\/LernortePXS-768x432.jpg 768w, https:\/\/cives-school.de\/wp-content\/uploads\/2020\/11\/LernortePXS-250x141.jpg 250w, https:\/\/cives-school.de\/wp-content\/uploads\/2020\/11\/LernortePXS.jpg 1280w\" sizes=\"auto, (max-width: 1024px) 100vw, 1024px\" \/><\/figure>\n<\/div>\n\n\n<p>Ein wichtiger Bestandteil der <em>Master of Education<\/em>-Studieng\u00e4nge an der UDE ist seit 2014 das Praxissemester. Dieses dient dazu, Lehramtsstudierende auf die Praxisanforderungen des zuk\u00fcnftigen Schuldienstes wissenschafts- und berufsfeldbezogen vorzubereiten. Hierbei arbeiten die UDE, die Zentren f\u00fcr schulpraktische Lehrerausbildung (ZfsL) und die Schulen <a href=\"https:\/\/cives-school.de\/?p=5253\" target=\"_blank\" rel=\"noopener noreferrer\">in der Ausbildungsregion eng zusammen<\/a>. Das Praxissemester gliedert sich in einen universit\u00e4ren und schulpraktischen Teil. Alle wichtigen Informationen zum Praxissemester finden Sie im <a href=\"https:\/\/zlb.uni-due.de\/praxissemester\/\" target=\"_blank\" rel=\"noopener noreferrer\">Leitfaden Praxissemester<\/a> des Zentrums f\u00fcr Lehrerbildung (ZLB). <\/p>\n\n\n\n<p>Welche <strong>Erfahrungen <\/strong>Studierende in diesem Ausbildungsabschnitt sammeln k\u00f6nnen, schilderten uns die Absolventen Alexander Brefort in einem <a href=\"https:\/\/cives-school.de\/?p=6004\" target=\"_blank\" rel=\"noreferrer noopener\"><em>CIVES<\/em>-Bericht<\/a> und Kaan-Ozughan Serin in einem <a href=\"https:\/\/cives-school.de\/?p=8989\" target=\"_blank\" rel=\"noreferrer noopener\"><em>CIVES<\/em>-Interview<\/a>. <\/p>\n\n\n\n<p><\/p>\n\n\n\n<p><\/p>\n\n\n\n<p><\/p>\n\n\n\n<h3 class=\"wp-block-heading\">Padlet mit \u00dcbersichtsinformationen f\u00fcr Ausbildungs-Lehrkr\u00e4fte<\/h3>\n\n\n\n<p>In diesem <a href=\"https:\/\/padlet.com\/cives_school\/kvt89ngmq2qmoxvg\" target=\"_blank\" rel=\"noreferrer noopener\">PADLET<\/a> haben wir alle wissenswerten Informationen zum Praxissemester im Fach Sozialwissenschaften geb\u00fcndelt:<\/p>\n\n\n\n<figure class=\"wp-block-image size-large is-resized\"><a href=\"https:\/\/padlet.com\/cives_school\/kvt89ngmq2qmoxvg\" target=\"_blank\" rel=\"noopener noreferrer\"><img loading=\"lazy\" decoding=\"async\" width=\"1024\" height=\"467\" src=\"https:\/\/cives-school.de\/wp-content\/uploads\/2021\/05\/2021-05_Screenshot-LuL-PXS-SoWi-Padlet_CIVES-1024x467.jpg\" alt=\"\" class=\"wp-image-7651\" style=\"width:475px;height:216px\" srcset=\"https:\/\/cives-school.de\/wp-content\/uploads\/2021\/05\/2021-05_Screenshot-LuL-PXS-SoWi-Padlet_CIVES-1024x467.jpg 1024w, https:\/\/cives-school.de\/wp-content\/uploads\/2021\/05\/2021-05_Screenshot-LuL-PXS-SoWi-Padlet_CIVES-300x137.jpg 300w, https:\/\/cives-school.de\/wp-content\/uploads\/2021\/05\/2021-05_Screenshot-LuL-PXS-SoWi-Padlet_CIVES-768x350.jpg 768w, https:\/\/cives-school.de\/wp-content\/uploads\/2021\/05\/2021-05_Screenshot-LuL-PXS-SoWi-Padlet_CIVES-1536x701.jpg 1536w, https:\/\/cives-school.de\/wp-content\/uploads\/2021\/05\/2021-05_Screenshot-LuL-PXS-SoWi-Padlet_CIVES-250x114.jpg 250w, https:\/\/cives-school.de\/wp-content\/uploads\/2021\/05\/2021-05_Screenshot-LuL-PXS-SoWi-Padlet_CIVES.jpg 1593w\" sizes=\"auto, (max-width: 1024px) 100vw, 1024px\" \/><\/a><figcaption class=\"wp-element-caption\"><br><\/figcaption><\/figure>\n\n\n\n<p><\/p>\n\n\n\n<p><\/p>\n\n\n\n<h3 class=\"wp-block-heading\">Handreichungen und Leitf\u00e4den f\u00fcr Studierende und Lehrkr\u00e4fte<\/h3>\n\n\n<div class=\"wp-block-image\">\n<figure class=\"alignright size-large is-resized\"><img loading=\"lazy\" decoding=\"async\" width=\"960\" height=\"720\" src=\"https:\/\/cives-school.de\/wp-content\/uploads\/2021\/05\/Pr\u00e4sentation1.jpg\" alt=\"\" class=\"wp-image-7653\" style=\"width:277px;height:211px\" srcset=\"https:\/\/cives-school.de\/wp-content\/uploads\/2021\/05\/Pr\u00e4sentation1.jpg 960w, https:\/\/cives-school.de\/wp-content\/uploads\/2021\/05\/Pr\u00e4sentation1-300x225.jpg 300w, https:\/\/cives-school.de\/wp-content\/uploads\/2021\/05\/Pr\u00e4sentation1-768x576.jpg 768w, https:\/\/cives-school.de\/wp-content\/uploads\/2021\/05\/Pr\u00e4sentation1-250x188.jpg 250w\" sizes=\"auto, (max-width: 960px) 100vw, 960px\" \/><\/figure>\n<\/div>\n\n\n<p>Dar\u00fcber hinaus hat das <a rel=\"noreferrer noopener\" href=\"https:\/\/www.uni-due.de\/gesellschaftswissenschaften\/lehramt_studiengangsbuero.php\" target=\"_blank\">Studiengangsb\u00fcro<\/a> f\u00fcr <strong>Praxissemesterstudierende <\/strong>eine Handreichung erstellt: <a rel=\"noreferrer noopener\" href=\"https:\/\/www.uni-due.de\/imperia\/md\/images\/soziologie\/handreichung_praxissemester_sowi_20180403.pdf\" target=\"_blank\">Handreichung f\u00fcr das Praxissemester im Lehramt Sozialwissenschaften<\/a> (Stand: 2018). <\/p>\n\n\n\n<p>Im <a href=\"https:\/\/cives-school.de\/wp-content\/uploads\/2015\/11\/Infoblatt_Praxissemester_LuL_SoWi_20151027-1.pdf\">Informationsblatt f\u00fcr Lehrer\/innen<\/a> (Stand: 2015) finden Lehrkr\u00e4fte, die im Fach Sozialwissenschaften Praxissemester-Studierende an ihrer Ausbildungsschule betreuen, einen \u00dcberblick zu Zielen, Anforderungen und Ansprechpartnern.<\/p>\n\n\n\n<p><\/p>\n\n\n\n<p><\/p>\n\n\n\n<h3 class=\"wp-block-heading\">Anmeldeverfahren f\u00fcr das Praxissemester<\/h3>\n\n\n\n<p>Die Anmeldung zum Praxissemester erfolgt an jeder Universit\u00e4t in NRW ausschlie\u00dflich \u00fcber die zentrale Online-Plattform zur Vergabe von Praktikumspl\u00e4tzen (PVP). Die aktuellen <a rel=\"noreferrer noopener\" href=\"https:\/\/zlb.uni-due.de\/praxisphasen-anmeldeportal\/\" target=\"_blank\">Anmeldefristen<\/a> f\u00fcr das Praxissemester werden semesterlich durch das ZLB bekannt gegeben. Zum Zeitpunkt der Anmeldung m\u00fcssen Sie in einem Master of Education Studiengang der UDE eingeschrieben sein. Mehr Informationen hierzu finden Sie <a rel=\"noopener noreferrer\" href=\"https:\/\/zlb.uni-due.de\/praxissemester\/\" target=\"_blank\"><strong>auf der Seite des ZLB<\/strong><\/a>. Das ZLB bietet zur Unterst\u00fctzung spezielle Infoveranstaltungen und gesonderte Anmeldesprechstunden an.<\/p>\n\n\n\n<h3 class=\"wp-block-heading\"><strong>SoWi-Blocktage im WiSe 2024\/25 (Praxissemester-Beginn in der Schule am 10.09.): <\/strong><\/h3>\n\n\n\n<div class=\"wp-block-columns is-layout-flex wp-container-core-columns-is-layout-9d6595d7 wp-block-columns-is-layout-flex\">\n<div class=\"wp-block-column is-layout-flow wp-block-column-is-layout-flow\" style=\"flex-basis:100%\">\n<ul class=\"wp-block-list\">\n<li>Di, 15.10.2024<\/li>\n\n\n\n<li>Di, 03.12.2024<\/li>\n\n\n\n<li>Di, 04.02.2025<\/li>\n<\/ul>\n<\/div>\n<\/div>\n\n\n\n<h3 class=\"wp-block-heading\"><strong>SoWi-Blocktage im SoSe 2025 (Praxissemester-Beginn in der Schule am 12.02.): <\/strong><\/h3>\n\n\n\n<ul class=\"wp-block-list\">\n<li>Di, 18.03.2025<\/li>\n\n\n\n<li>Di, 06.05.2025<\/li>\n\n\n\n<li>Di, 01.07.2025<\/li>\n<\/ul>\n","protected":false},"excerpt":{"rendered":"<p>Praxissemester Ein wichtiger Bestandteil der Master of Education-Studieng\u00e4nge an der UDE ist seit 2014 das Praxissemester. Dieses dient dazu, Lehramtsstudierende auf die Praxisanforderungen des zuk\u00fcnftigen Schuldienstes wissenschafts- und berufsfeldbezogen vorzubereiten. Hierbei arbeiten die UDE, die Zentren f\u00fcr schulpraktische Lehrerausbildung (ZfsL) und die Schulen in der Ausbildungsregion &hellip; <\/p>\n<p><a href=\"https:\/\/cives-school.de\/?page_id=279\" class=\"more-link\"><span class=\"morelink-icon\">Weiterlesen<\/span><\/a><\/p>\n","protected":false},"author":2,"featured_media":0,"parent":9,"menu_order":0,"comment_status":"closed","ping_status":"closed","template":"page-templates\/full-width.php","meta":{"footnotes":""},"class_list":["post-279","page","type-page","status-publish","hentry"],"_links":{"self":[{"href":"https:\/\/cives-school.de\/index.php?rest_route=\/wp\/v2\/pages\/279","targetHints":{"allow":["GET"]}}],"collection":[{"href":"https:\/\/cives-school.de\/index.php?rest_route=\/wp\/v2\/pages"}],"about":[{"href":"https:\/\/cives-school.de\/index.php?rest_route=\/wp\/v2\/types\/page"}],"author":[{"embeddable":true,"href":"https:\/\/cives-school.de\/index.php?rest_route=\/wp\/v2\/users\/2"}],"replies":[{"embeddable":true,"href":"https:\/\/cives-school.de\/index.php?rest_route=%2Fwp%2Fv2%2Fcomments&post=279"}],"version-history":[{"count":56,"href":"https:\/\/cives-school.de\/index.php?rest_route=\/wp\/v2\/pages\/279\/revisions"}],"predecessor-version":[{"id":9230,"href":"https:\/\/cives-school.de\/index.php?rest_route=\/wp\/v2\/pages\/279\/revisions\/9230"}],"up":[{"embeddable":true,"href":"https:\/\/cives-school.de\/index.php?rest_route=\/wp\/v2\/pages\/9"}],"wp:attachment":[{"href":"https:\/\/cives-school.de\/index.php?rest_route=%2Fwp%2Fv2%2Fmedia&parent=279"}],"curies":[{"name":"wp","href":"https:\/\/api.w.org\/{rel}","templated":true}]}}