{"id":276,"date":"2014-09-27T14:22:43","date_gmt":"2014-09-27T12:22:43","guid":{"rendered":"http:\/\/cives-school.de\/?page_id=276"},"modified":"2022-07-28T10:15:52","modified_gmt":"2022-07-28T08:15:52","slug":"der-studiengang","status":"publish","type":"page","link":"https:\/\/cives-school.de\/?page_id=276","title":{"rendered":"Bachelor und Master"},"content":{"rendered":"\n<h1 class=\"wp-block-heading\">Bachelor und Master<\/h1>\n\n\n\n<p>Das grundst\u00e4ndige <a rel=\"noreferrer noopener\" href=\"https:\/\/www.uni-due.de\/gesellschaftswissenschaften\/bachelor_lehramt_sozialwissenschaften.php\" target=\"_blank\">Bachelorstudium Lehramt Wirtschaft-Politik\/Sozialwissenschaften<\/a> f\u00fchrt zu einem ersten berufsqualifizierenden Hochschulabschluss <em>Bachelor of Arts (B. A.)<\/em> und bef\u00e4higt zur Berufst\u00e4tigkeit im Bereich au\u00dferschulischer politisch-sozialwissenschaftlicher Bildung. Wir bilden am Campus Essen f\u00fcr die Schulformen <strong>Haupt-, Real-, Sekundar- und Gesamtschulen<\/strong>\u00a0(HRSGe) und <strong>Gymnasien und Gesamtschulen<\/strong> (GyGe) aus. <\/p>\n\n\n\n<p>Das weiterf\u00fchrende <a rel=\"noreferrer noopener\" href=\"https:\/\/www.uni-due.de\/gesellschaftswissenschaften\/master_lehramt_sozialwissenschaften\" target=\"_blank\">Masterstudium Wirtschaft-Politik\/Sozialwissenschaften<\/a> mit Abschluss <em>Master of Education (M. Ed.)<\/em> ist die wissenschaftliche und gleichzeitig praxisorientierte Vorbereitung auf das Referendariat und damit Voraussetzung f\u00fcr den Einstieg in den Lehrer*innenberuf mit Lehrt\u00e4tigkeit f\u00fcr die Unterrichtsf\u00e4cher im Lernbereich Gesellschaftslehre (Wirtschaft\/Politik, Gesellschaftslehre, Sozialwissenschaften\/Wirtschaft). <\/p>\n\n\n\n<div class=\"wp-block-image\"><figure class=\"aligncenter size-large\"><a href=\"https:\/\/www.uni-due.de\/gesellschaftswissenschaften\/lehramt_studiengaenge.php\" target=\"_blank\" rel=\"noopener\"><img loading=\"lazy\" decoding=\"async\" width=\"1024\" height=\"470\" src=\"https:\/\/cives-school.de\/wp-content\/uploads\/2022\/07\/Screenshot-2022-07-27-223007-1024x470.jpg\" alt=\"\" class=\"wp-image-8262\" srcset=\"https:\/\/cives-school.de\/wp-content\/uploads\/2022\/07\/Screenshot-2022-07-27-223007-1024x470.jpg 1024w, https:\/\/cives-school.de\/wp-content\/uploads\/2022\/07\/Screenshot-2022-07-27-223007-300x138.jpg 300w, https:\/\/cives-school.de\/wp-content\/uploads\/2022\/07\/Screenshot-2022-07-27-223007-768x353.jpg 768w, https:\/\/cives-school.de\/wp-content\/uploads\/2022\/07\/Screenshot-2022-07-27-223007-1536x706.jpg 1536w, https:\/\/cives-school.de\/wp-content\/uploads\/2022\/07\/Screenshot-2022-07-27-223007-250x115.jpg 250w, https:\/\/cives-school.de\/wp-content\/uploads\/2022\/07\/Screenshot-2022-07-27-223007.jpg 1565w\" sizes=\"auto, (max-width: 1024px) 100vw, 1024px\" \/><\/a><\/figure><\/div>\n\n\n\n<p>Auf den folgenden Seiten finden Sie weiterf\u00fchrende Informationen: <\/p>\n\n\n\n<ul class=\"has-pale-cyan-blue-background-color has-background wp-block-list\"><li><a rel=\"noopener\" href=\"https:\/\/www.uni-due.de\/gesellschaftswissenschaften\/lehramt_studiengaenge.php\" target=\"_blank\">Seite der Studieng\u00e4nge <em>Lehramt Sozialwissenschaften<\/em> <\/a>mit Pr\u00fcfungsordnungen, Modulhandb\u00fcchern, Studienverlaufspl\u00e4nen<\/li><li><a rel=\"noopener\" href=\"https:\/\/www.uni-due.de\/gesellschaftswissenschaften\/lehramt_studiengangsbuero.php\" target=\"_blank\">Seite des Studiengangsb\u00fcros<\/a> &#8211; Servicepoint rund um das sozialwissenschaftliche Lehramtsstudium<\/li><li><a rel=\"noopener\" href=\"http:\/\/zlb.uni-due.de\/\" target=\"_blank\"> Seiten des Zentrums f\u00fcr Lehrerbildung (ZLB) <\/a> und des <a rel=\"noopener\" href=\"http:\/\/zlb.uni-due.de\/wiki\/index.php?title=Hauptseite\" target=\"_blank\"> LehramtsWikis <\/a><\/li><li>Akademisches Beratungs-Zentrums (ABZ) der UDE: <a rel=\"noopener\" href=\"https:\/\/www.uni-due.de\/studienangebote\/studiengang.php?id=135\" target=\"_blank\">Master of Education, GyGe<\/a> und <a rel=\"noopener\" href=\"https:\/\/www.uni-due.de\/studienangebote\/studiengang.php?id=136\" target=\"_blank\">Master of Education, HRSGe<\/a><\/li><li><a rel=\"noreferrer noopener\" href=\"https:\/\/zlb.uni-due.de\/orientierungswoche\/\" target=\"_blank\">Orientierungswoche des ZLB <\/a>f\u00fcr Studienanf\u00e4nger*innen im Lehramt<\/li><\/ul>\n\n\n\n<p>Die drei Fachwissenschaften Politikwissenschaft, Soziologie und Wirtschaftswissenschaften sowie die Fachdidaktik der Sozialwissenschaften <strong>integrativ miteinander verbunden<\/strong>. Die Studierenden vertiefen ihre <strong>sozialwissenschaftliche Denkweise<\/strong> und k\u00f6nnen dadurch lernbedeutsame gesellschaftliche Fragen und Problemlagen identifizieren und analysieren. Sozialwissenschaftliche Arbeitstechniken unterst\u00fctzen sie bei der eigenen Urteilsbildung zu kontroversen Themen.<\/p>\n\n\n\n<p>In der<strong> fachdidaktischen Ausbildung<\/strong> lernen die Studierenden, aktuelle Theorien und Forschungsergebnisse auf schulische Lehr-Lern-Situationen zu beziehen. Innovative Ans\u00e4tze, wie das <strong>forschende Lernen <\/strong>anhand eigener und fremder Unterrichtsvideos erhalten im Studium ein besonderes Gewicht.<\/p>\n\n\n\n<div class=\"wp-block-image\"><figure class=\"alignright size-full is-resized\"><a href=\"https:\/\/cives-school.de\/wp-content\/uploads\/2022\/07\/Screenshot-2022-07-27-224518.jpg\"><img loading=\"lazy\" decoding=\"async\" src=\"https:\/\/cives-school.de\/wp-content\/uploads\/2022\/07\/Screenshot-2022-07-27-224518.jpg\" alt=\"\" class=\"wp-image-8264\" width=\"302\" height=\"281\" srcset=\"https:\/\/cives-school.de\/wp-content\/uploads\/2022\/07\/Screenshot-2022-07-27-224518.jpg 563w, https:\/\/cives-school.de\/wp-content\/uploads\/2022\/07\/Screenshot-2022-07-27-224518-300x279.jpg 300w, https:\/\/cives-school.de\/wp-content\/uploads\/2022\/07\/Screenshot-2022-07-27-224518-250x233.jpg 250w\" sizes=\"auto, (max-width: 302px) 100vw, 302px\" \/><\/a><\/figure><\/div>\n\n\n\n<p>Die fachdidaktische Vorbereitung und Begleitung des <strong><a href=\"https:\/\/cives-school.de\/?page_id=279\" target=\"_blank\" rel=\"noreferrer noopener\">Praxissemesters<\/a><\/strong>, in dem Studierende ein halbes Jahr an Schulen arbeiten, unterst\u00fctzt sie bei der Verkn\u00fcpfung von wissenschaftlichen Erkenntnissen und Erfahrungswissen und damit dem Aufbau einer professionellen Handlungskompetenz sowie eines professionell-reflektierten Selbstbildes.<\/p>\n\n\n\n<p>Diese im Studium fest verankerten Bezugspunkte zum angestrebten Berufsfeld dienen der st\u00e4rkeren <strong>Verbindung von universit\u00e4rem Studium und Schulunterricht<\/strong>, so dass Studierende auch dabei mithelfen, aktuelle Themen und Herausforderungen schulischer Praxis als Fragestellungen an die Forschung in die Universit\u00e4t zur\u00fcckzutragen.<\/p>\n\n\n\n<p>Das Ziel des <em>Master of Education Lehramt Sozialwissenschaften<\/em> ist die St\u00e4rkung der Professionskompetenz der Studierenden, um sie hierdurch zum souver\u00e4nen Umgang mit ihren sp\u00e4teren beruflichen Anforderungssituationen und zur Weiterentwicklung eines modernen sozialwissenschaftlichen Unterrichts zu bef\u00e4higen.<\/p>\n\n\n\n<p><\/p>\n","protected":false},"excerpt":{"rendered":"<p>Bachelor und Master Das grundst\u00e4ndige Bachelorstudium Lehramt Wirtschaft-Politik\/Sozialwissenschaften f\u00fchrt zu einem ersten berufsqualifizierenden Hochschulabschluss Bachelor of Arts (B. A.) und bef\u00e4higt zur Berufst\u00e4tigkeit im Bereich au\u00dferschulischer politisch-sozialwissenschaftlicher Bildung. Wir bilden am Campus Essen f\u00fcr die Schulformen Haupt-, Real-, Sekundar- und Gesamtschulen\u00a0(HRSGe) und Gymnasien und Gesamtschulen (GyGe) &hellip; <\/p>\n<p><a href=\"https:\/\/cives-school.de\/?page_id=276\" class=\"more-link\"><span class=\"morelink-icon\">Weiterlesen<\/span><\/a><\/p>\n","protected":false},"author":2,"featured_media":0,"parent":9,"menu_order":0,"comment_status":"closed","ping_status":"closed","template":"page-templates\/full-width.php","meta":{"footnotes":""},"class_list":["post-276","page","type-page","status-publish","hentry"],"_links":{"self":[{"href":"https:\/\/cives-school.de\/index.php?rest_route=\/wp\/v2\/pages\/276","targetHints":{"allow":["GET"]}}],"collection":[{"href":"https:\/\/cives-school.de\/index.php?rest_route=\/wp\/v2\/pages"}],"about":[{"href":"https:\/\/cives-school.de\/index.php?rest_route=\/wp\/v2\/types\/page"}],"author":[{"embeddable":true,"href":"https:\/\/cives-school.de\/index.php?rest_route=\/wp\/v2\/users\/2"}],"replies":[{"embeddable":true,"href":"https:\/\/cives-school.de\/index.php?rest_route=%2Fwp%2Fv2%2Fcomments&post=276"}],"version-history":[{"count":43,"href":"https:\/\/cives-school.de\/index.php?rest_route=\/wp\/v2\/pages\/276\/revisions"}],"predecessor-version":[{"id":8274,"href":"https:\/\/cives-school.de\/index.php?rest_route=\/wp\/v2\/pages\/276\/revisions\/8274"}],"up":[{"embeddable":true,"href":"https:\/\/cives-school.de\/index.php?rest_route=\/wp\/v2\/pages\/9"}],"wp:attachment":[{"href":"https:\/\/cives-school.de\/index.php?rest_route=%2Fwp%2Fv2%2Fmedia&parent=276"}],"curies":[{"name":"wp","href":"https:\/\/api.w.org\/{rel}","templated":true}]}}