{"id":2679,"date":"2015-08-27T12:26:04","date_gmt":"2015-08-27T10:26:04","guid":{"rendered":"http:\/\/cives-school.de\/?page_id=2679"},"modified":"2016-01-29T12:02:03","modified_gmt":"2016-01-29T10:02:03","slug":"2679-2","status":"publish","type":"page","link":"https:\/\/cives-school.de\/?page_id=2679","title":{"rendered":"Politische Bildung neu denken!"},"content":{"rendered":"<h2 class=\"centered\"><span>Jetzt noch anmelden: 20.01.2016, 16-18 Uhr<\/span><\/h2>\n<h3 style=\"text-align: center;\">Die <a href=\"https:\/\/cives-school.de\/?page_id=2222\"><em>CIVES! School of Civic Education <\/em><\/a>&nbsp; l\u00e4dt ein zur Diskussionsrunde<\/h3>\n<h1 style=\"text-align: center\";>Politische Bildung neu denken!<\/br>Ideen f\u00fcr eine Demokratie in Bewegung<\/h1>\n<p><img loading=\"lazy\" decoding=\"async\" style=\"float:left; margin-right: 20px\" src=\"https:\/\/cives-school.de\/wp-content\/uploads\/2015\/08\/shutterstock_215430277_700x530-e1441010381522.jpg\" alt=\"Pfeil\" width=\"677\" height=\"526\"\/> <div class=\"white-box\"> <\/p>\n<h6 style=\"text-align: center\">mit:<\/h6>\n<ul>\n<li><strong>Sylvia L\u00f6hrmann<\/strong>, Ministerin f\u00fcr Schule und Weiterbildung des Landes NRW<\/li>\n<li><strong>Thomas Kr\u00fcger<\/strong>, Pr\u00e4sident der Bundeszentrale f\u00fcr Politische Bildung<\/li>\n<li><strong>Franziska von Kempis<\/strong>, &#8222;Mesh Collective&#8220;, Projekt f\u00fcr digitale Jugendbildung<\/li>\n<li><strong>Prof. Dr. Karl-Rudolf Korte<\/strong>, Dekan der Fakult\u00e4t f\u00fcr Gesellschaftswissenschaften<\/li>\n<li><strong>Prof. Dr. Sabine Manzel<\/strong>, <em><a href=\"https:\/\/cives-school.de\/?page_id=83\">CIVES<\/em><\/a><\/li>\n<li><strong>Prof. Dr. Till van Treeck<\/strong>, <em><a href=\"https:\/\/cives-school.de\/?page_id=83\">CIVES<\/em><\/a><\/em><\/li>\n<\/ul>\n<\/div>\n<h1 style=\"text-align: center;\">20. Januar 2016 \u2022 16 &#8211; 18 Uhr \u2022 <a href=\"https:\/\/www.uni-due.de\/iw\/de\/lageplan.shtml\" target=\"_blank\">Raum LS 105 (Campus Duisburg)<\/a><\/h1>\n<p>Als klares Bekenntnis zur sozialwissenschaftlichen LehrerInnenausbildung hat die Fakult\u00e4t f\u00fcr Gesellschaftswissenschaften im Herbst 2014 <em>CIVES<\/em> ins Leben gerufen. Mit den neuen Masterstudieng\u00e4ngen und dem Praxissemester ist bei uns im Lehramt so einiges in Bewegung geraten. Aber auch politisch war das vergangene Jahr turbulent: Sei es der Aufstieg der PEGIDA, das Wiederaufleben der Eurokrise oder die Debatte um die Fl\u00fcchtlingspolitik &#8211; mal wieder hat sich gezeigt, dass es in Politik und Gesellschaft alles gibt, nur keinen Stillstand.<\/p>\n<p><em>CIVES<\/em> freut sich nun \u00fcber ihren ersten Geburtstag und m\u00f6chte diesen Anlass nutzen, um Sie zu einer Diskussionsrunde einladen, in der wir beides zusammenbringen: Die Bewegung in Politik und Gesellschaft sowie die Wechselwirkungen, die hierbei mit der politischen Bildung entstehen. Welchen Einfluss haben aktuelle Entwicklungen auf die politische Bildung in Schulen und au\u00dferhalb? Wie muss politische Bildung und sozialwissenschaftliche LehrerInnenausbildung vor dem Hintergrund gegenw\u00e4rtiger Herausforderungen aussehen?<\/p>\n<h2 style=\"text-align: center;\">Wir freuen uns darauf, Sie begr\u00fc\u00dfen zu d\u00fcrfen!<\/h2>\n<p><a href=\"https:\/\/cives-school.de\/wp-content\/uploads\/2015\/12\/Anfahrtsbeschreibung-LS-105-Duisburg_UDE.pdf\">Anfahrtsbeschreibung als PDF zum Download<\/a><br \/>\n<script src=\"http:\/\/bahn-anreise.apprunner.de\/embed\/3f241bd9-6698.js\" type=\"text\/javascript\"><\/script><\/p>\n<p>Aufgrund des begrenzten Platzangebotes bitten wir um eine Anmeldung zur Veranstaltung. Bitte nutzen Sie dazu das untenstehende Formular.<\/p>\n<p><strong>Es sind leider keine Pl\u00e4tze mehr frei.<\/strong><\/p>\n<p>Hier finden Sie einen <a href=\"https:\/\/cives-school.de\/?p=3177\">kurzen Nachbericht zur Veranstaltung mit einigen Impressionen<\/a>.<\/p>\n","protected":false},"excerpt":{"rendered":"<p>Die CIVES! School of Civic Education &nbsp; l\u00e4dt ein zur Diskussionsrunde Politische Bildung neu denken!Ideen f\u00fcr eine Demokratie in Bewegung 20. Januar 2016 \u2022 16 &#8211; 18 Uhr \u2022 Raum LS 105 (Campus Duisburg) Als klares Bekenntnis zur sozialwissenschaftlichen LehrerInnenausbildung hat die Fakult\u00e4t f\u00fcr Gesellschaftswissenschaften im &hellip; <\/p>\n<p><a href=\"https:\/\/cives-school.de\/?page_id=2679\" class=\"more-link\"><span class=\"morelink-icon\">Weiterlesen<\/span><\/a><\/p>\n","protected":false},"author":2,"featured_media":0,"parent":0,"menu_order":0,"comment_status":"closed","ping_status":"closed","template":"page-templates\/full-width.php","meta":{"footnotes":""},"class_list":["post-2679","page","type-page","status-publish","hentry"],"_links":{"self":[{"href":"https:\/\/cives-school.de\/index.php?rest_route=\/wp\/v2\/pages\/2679","targetHints":{"allow":["GET"]}}],"collection":[{"href":"https:\/\/cives-school.de\/index.php?rest_route=\/wp\/v2\/pages"}],"about":[{"href":"https:\/\/cives-school.de\/index.php?rest_route=\/wp\/v2\/types\/page"}],"author":[{"embeddable":true,"href":"https:\/\/cives-school.de\/index.php?rest_route=\/wp\/v2\/users\/2"}],"replies":[{"embeddable":true,"href":"https:\/\/cives-school.de\/index.php?rest_route=%2Fwp%2Fv2%2Fcomments&post=2679"}],"version-history":[{"count":83,"href":"https:\/\/cives-school.de\/index.php?rest_route=\/wp\/v2\/pages\/2679\/revisions"}],"predecessor-version":[{"id":3317,"href":"https:\/\/cives-school.de\/index.php?rest_route=\/wp\/v2\/pages\/2679\/revisions\/3317"}],"wp:attachment":[{"href":"https:\/\/cives-school.de\/index.php?rest_route=%2Fwp%2Fv2%2Fmedia&parent=2679"}],"curies":[{"name":"wp","href":"https:\/\/api.w.org\/{rel}","templated":true}]}}