{"id":228,"date":"2014-09-27T10:08:34","date_gmt":"2014-09-27T08:08:34","guid":{"rendered":"http:\/\/cives-school.de\/?page_id=228"},"modified":"2025-12-19T14:49:51","modified_gmt":"2025-12-19T12:49:51","slug":"angebote-2","status":"publish","type":"page","link":"https:\/\/cives-school.de\/?page_id=228","title":{"rendered":"Angebote"},"content":{"rendered":"\n<h1 class=\"wp-block-heading\">Angebote<\/h1>\n\n\n\n<p>Die <em>CIVES School of Civic Education<\/em> richtet sich mit ihren Angeboten insbesondere an drei Gruppen: Studierende des Lehramts Sozialwissenschaften, Referendare und Referendarinnen im Vorbereitungsdienst f\u00fcr das Lehramt sowie bereits unterichtende Politik\/Sowi-Lehrerinnen und Lehrer.<\/p>\n\n\n\n<p>Falls Sie regelm\u00e4\u00dfig \u00fcber unsere Angebote informiert werden m\u00f6chten, k\u00f6nnen Sie unseren <a href=\"https:\/\/cives-school.de\/?page_id=2818\" target=\"_blank\" rel=\"noopener\">Newsletter<\/a> abbonieren. Auf den folgenden Seiten finden Sie die jeweils f\u00fcr Sie interessanten Angebote:<\/p>\n\n\n\n<ul class=\"wp-block-list\">\n<li><a href=\"https:\/\/cives-school.de\/?page_id=1588\"> <em>CIVES<\/em>-Reihen<\/a><\/li>\n\n\n\n<li><a href=\"https:\/\/cives-school.de\/?page_id=9218\"> <em>CIVES<\/em>-Themenpadlets<\/a><\/li>\n\n\n\n<li><a href=\"https:\/\/cives-school.de\/?page_id=5210\">Fortbildungen<\/a><\/li>\n\n\n\n<li><a href=\"https:\/\/cives-school.de\/?page_id=5214\">SoWi-Fachnetzwerk<\/a><\/li>\n\n\n\n<li><a href=\"https:\/\/cives-school.de\/?page_id=5226\">Veranstaltungen<\/a><\/li>\n\n\n\n<li><a href=\"https:\/\/cives-school.de\/?page_id=5220\">Literatur-Tipps<\/a><\/li>\n<\/ul>\n","protected":false},"excerpt":{"rendered":"<p>Angebote Die CIVES School of Civic Education richtet sich mit ihren Angeboten insbesondere an drei Gruppen: Studierende des Lehramts Sozialwissenschaften, Referendare und Referendarinnen im Vorbereitungsdienst f\u00fcr das Lehramt sowie bereits unterichtende Politik\/Sowi-Lehrerinnen und Lehrer. Falls Sie regelm\u00e4\u00dfig \u00fcber unsere Angebote informiert werden m\u00f6chten, k\u00f6nnen Sie unseren &hellip; <\/p>\n<p><a href=\"https:\/\/cives-school.de\/?page_id=228\" class=\"more-link\"><span class=\"morelink-icon\">Weiterlesen<\/span><\/a><\/p>\n","protected":false},"author":2,"featured_media":0,"parent":0,"menu_order":0,"comment_status":"closed","ping_status":"closed","template":"","meta":{"footnotes":""},"class_list":["post-228","page","type-page","status-publish","hentry"],"_links":{"self":[{"href":"https:\/\/cives-school.de\/index.php?rest_route=\/wp\/v2\/pages\/228","targetHints":{"allow":["GET"]}}],"collection":[{"href":"https:\/\/cives-school.de\/index.php?rest_route=\/wp\/v2\/pages"}],"about":[{"href":"https:\/\/cives-school.de\/index.php?rest_route=\/wp\/v2\/types\/page"}],"author":[{"embeddable":true,"href":"https:\/\/cives-school.de\/index.php?rest_route=\/wp\/v2\/users\/2"}],"replies":[{"embeddable":true,"href":"https:\/\/cives-school.de\/index.php?rest_route=%2Fwp%2Fv2%2Fcomments&post=228"}],"version-history":[{"count":26,"href":"https:\/\/cives-school.de\/index.php?rest_route=\/wp\/v2\/pages\/228\/revisions"}],"predecessor-version":[{"id":9592,"href":"https:\/\/cives-school.de\/index.php?rest_route=\/wp\/v2\/pages\/228\/revisions\/9592"}],"wp:attachment":[{"href":"https:\/\/cives-school.de\/index.php?rest_route=%2Fwp%2Fv2%2Fmedia&parent=228"}],"curies":[{"name":"wp","href":"https:\/\/api.w.org\/{rel}","templated":true}]}}