{"id":2222,"date":"2015-04-07T17:24:12","date_gmt":"2015-04-07T15:24:12","guid":{"rendered":"http:\/\/cives-school.de\/?page_id=2222"},"modified":"2025-04-23T09:29:24","modified_gmt":"2025-04-23T07:29:24","slug":"ueber-uns-2","status":"publish","type":"page","link":"https:\/\/cives-school.de\/?page_id=2222","title":{"rendered":"\u00dcber uns"},"content":{"rendered":"<h2>Politik, Wirtschaft und Gesellschaft verstehen &#8211; Demokratie leben<\/h2>\n<p><a href=\"https:\/\/cives-school.de\/wp-content\/uploads\/2025\/04\/2024_CIVES-Flyer.pdf\" target=\"_blank\" rel=\"noopener\"><img loading=\"lazy\" decoding=\"async\" class=\"alignright  wp-image-657\" src=\"https:\/\/cives-school.de\/wp-content\/uploads\/2025\/04\/CIVES-Flyer-Bildansicht.jpg\" alt=\"Flyer CIVES\" width=\"300\" height=\"212\" \/><\/a>Demokratie ist eine Idee, f\u00fcr die Menschen immer wieder eintreten m\u00fcssen. Sie ist auf kompetente und engagierte B\u00fcrgerinnen und B\u00fcrger angewiesen. Zivilgesellschaftliches Engagement und Demokratiekompetenz setzen Wissen \u00fcber Politik, Wirtschaft und Gesellschaft voraus.<\/p>\n<p>Die <em>CIVES! School of Civic Education<\/em> unterst\u00fctzt durch ihre <a href=\"https:\/\/cives-school.de\/?page_id=228\">Angebote<\/a> rund um den <a href=\"https:\/\/cives-school.de\/?page_id=276\">Studiengang Master of Education Sozialwissenschaften<\/a> (werdende) Lehrkr\u00e4fte dabei, Wissen, Kompetenzen und Engagement im sozialwissenschaftlichen Unterricht zu f\u00f6rdern. Sowohl in der Lehrerbildung, als auch im Unterricht steht dabei eine integrative politische Bildung im Fokus. Verschiedene sozialwissenschaftliche F\u00e4cherperspektiven werden ernst genommen, fachwissenschaftliche Kontroversen ber\u00fccksichtigt und der interdisziplin\u00e4re Dialog gesucht.<\/p>\n<p>Ein weiteres Anliegen der <em>CIVES! School of Civic Education<\/em> ist die F\u00f6rderung der Zusammenarbeit zwischen Universit\u00e4t und Schule \u2013 insbesondere im Hinblick auf das <a href=\"https:\/\/cives-school.de\/?page_id=279\">Praxissemester<\/a>, das ein fester Bestandteil des Studienganges ist. Hierzu vernetzen wir die Lernorte Universit\u00e4t, Zentren f\u00fcr Schulpraktische Lehrerausbildung und die Schulen der UDE-Ausbildungsregion.<\/p>\n<h3 class=\"collapseomatic noarrow\" id=\"id69f327bc34db2\" rel=\"profil-highlander\" tabindex=\"0\" title=\" &bull; Warum uns die Sozialwissenschaften wichtig sind ...\"    > &bull; Warum uns die Sozialwissenschaften wichtig sind ...<\/h3><forschboxp id=\"target-id69f327bc34db2\" class=\"collapseomatic_content \">\n<img loading=\"lazy\" decoding=\"async\" src=\"https:\/\/cives-school.de\/wp-content\/uploads\/2015\/04\/shutterstock_204870643_small.jpg\" width=\"300\" height=\"200\" alt=\"Schulklasse\" class=\"alignleft size-full wp-image-657\" \/>Sozialwissenschaftlicher Schulunterricht unterscheidet sich von anderem Unterricht durch seine Vielfalt an wissenschaftlichen Bezugsdisziplinen. Nicht nur aus der Soziologie, sondern auch der Politikwissenschaft und den Wirtschaftswissenschaften speisen sich seine Gegenst\u00e4nde. Er ist also eine interdisziplin\u00e4re Angelegenheit. Die Bereitschaft, einen Gegenstand aus mehreren Perspektiven zu betrachten und diese F\u00e4higkeit an Sch\u00fcler\/-innen zu vermitteln, stellt nur eine der vielen Herausforderungen dar, denen Lehrkr\u00e4fte im Schulalltag begegnen.<\/br><\/br>Da ist zum einen die heterogene Schulfach-Bezeichnung. Nicht nur die einzelnen Bundesl\u00e4nder, auch die verschiedenen Schulformen und Stufen haben unterschiedliche Unterrichtstitel: \u201ePolitik\/Wirtschaft\u201c, \u201eSozialwissenschaften\u201c, &#8222;Gesellschaftslehre&#8220;, um nur ein paar Beispiele zu geben. Mit den verschiedenen Benennungen variieren auch die inhaltlichen Schwerpunkte. Dies kann sogar in einer Loskopplung einzelner Disziplinen aus dem Fach m\u00fcnden, wie z. B. in Baden-W\u00fcrttemberg, wo seit kurzem das eigenst\u00e4ndige Fach &#8222;Wirtschaft&#8220; eingef\u00fchrt wurde. Von den Lehrkr\u00e4ften ist daher hohe Flexibilit\u00e4t und breites, gleichzeitig tiefenscharfes Fachwissen gefordert.<\/br><\/br>Die Aktualit\u00e4t der Themen ist zus\u00e4tzlich anspruchsvoll. Um das Interesse von Sch\u00fclerinnen und Sch\u00fclern zu f\u00f6rdern, sind die Ber\u00fccksichtigung aktueller Themen und der Bezug zur Lebenswelt der Sch\u00fcler\/-innen wichtig.<\/br><\/br>Zum anderen kommen viele Erwartungen und Funktionen in der schulischen sozialwissenschaftlichen Bildung zusammen. Neben der Bildung von demokratiekompetenten Staatsb\u00fcrgerinnen und \u2013b\u00fcrgern werden hier bspw. die Berufs- und Lebenswegplanung sowie die Verbraucherbildung adressiert. Diese Vielzahl an Erwartungen steht in einem Spannungsverh\u00e4ltnis zu einer geringen Stundenanzahl in der Schulwoche.<\/br><\/br>Hinzu kommt, dass bislang noch keine verbindlichen Bildungsstandards verabschiedet wurden. Die Diskussion \u00fcber das \u201eWas\u201c und \u201eWie\u201c des guten sozialwissenschaftlichen Unterrichts h\u00e4lt an und bekommt durch neue Ergebnisse aus der fachdidaktischen Bildungsforschung immer wieder neue Diskussionsanl\u00e4sse.<\/br><\/br>Trotz (oder vielleicht gerade aufgrund) all dieser Herausforderungen sind die sozialwisenschaftlichen Unterrichtsf\u00e4cher hoch spannend und f\u00fcr eine demokratische Gesellschaft unerl\u00e4sslich. In der Schulentwicklung haben sie bereits \u00f6fters als Impulsgeber gewirkt, sei es aufgrund der Methoden, die hier besonderen Raum einnehmen, oder bei Ver\u00e4nderungen hin zu einem demokratischen Schulklima.<\/br><\/br>Mit der <em>CIVES! School of Civic Education<\/em> setzt die Universit\u00e4t Duisburg-Essen bewusst ein Zeichen f\u00fcr die Bedeutung des sozialwissenschaftlichen Schulunterrichts f\u00fcr Gesellschaft und Demokratie.<br \/>\n<\/forschboxp>\n<h3 class=\"collapseomatic noarrow\" id=\"id69f327bc34ed2\" rel=\"profil-highlander\" tabindex=\"0\" title=\"&bull; Was wir unter Civic Education verstehen ...\"    >&bull; Was wir unter Civic Education verstehen ...<\/h3><forschboxp id=\"target-id69f327bc34ed2\" class=\"collapseomatic_content \">\nDie Debatte um Politik- vs. Demokratielernen ist in der politischen Bildung traditionell tief verankert. Helfen erfahrungsbasierte Zug\u00e4nge im Klassen- und Schulkontext bei der Durchdringung von Politik, Wirtschaft und Gesellschaft oder erm\u00f6glicht erst ein kognitives Wissen und Verstehen das partizipative Handeln in einer Demokratie? Schlie\u00dft beides einander aus oder geh\u00f6rt es nicht vielmehr zusammen? In unserer Arbeit verstehen wir unter \u201eCivic Education\u201c eine sozialwissenschaftliche Bildung, die das Leitziel eines demokratischen Staates mit kompetenten und zivilgesellschaftlich engagierten B\u00fcrgern\/innen verfolgt.<\/br><\/br>Gerade der neue politikdidaktische Vorschlag eines Kompetenzmodells f\u00fcr die schulische politische Bildung betont die Wechselwirksamkeit von Fachwissen, Urteilsf\u00e4higkeit, Handlungsf\u00e4higkeit, aber auch Einstellungen und Motivation beim Erwerb von Wissen und K\u00f6nnen. Handlungsorientierte Methoden und kooperative Lehr-Lernformen f\u00f6rdern neben den kognitiven auch die emotionalen und sozialen F\u00e4higkeiten und k\u00f6nnen die Ausbildung einer staatsb\u00fcrgerlichen Grundhaltung unterst\u00fctzen.<\/br><\/br>Wenn Jugendliche im Politik-\/SoWi-Unterricht politische, \u00f6konomische und gesellschaftliche Zusammenh\u00e4nge verstehen und ein erstes Handlungsrepertoire erlernen, so k\u00f6nnen sie sich f\u00fcr ihre eigene B\u00fcrgerrolle \u2013 sei es als reflektierte Zuschauer oder als Aktivb\u00fcrger \u2013 jederzeit neu entscheiden und sich an der Gestaltung und Weiterentwicklung der Demokratie beteiligen.<br \/>\n<\/forschboxp>\n<h3 class=\"collapseomatic noarrow\" id=\"id69f327bc34f31\" rel=\"profil-highlander\" tabindex=\"0\" title=\"&bull; Was integrative Lehrer\/-innenbildung im Fach Politik\/SoWi an der UDE bedeutet ...\"    >&bull; Was integrative Lehrer\/-innenbildung im Fach Politik\/SoWi an der UDE bedeutet ...<\/h3><forschboxp id=\"target-id69f327bc34f31\" class=\"collapseomatic_content \">\nAlles aus einer Hand: Sowohl die politikwissenschaftlichen, soziologischen, wirtschaftswissenschaftlichen als auch fachdidaktischen Studieninhalte werden an der Fakult\u00e4t f\u00fcr Gesellschaftswissenschaften angeboten.<img loading=\"lazy\" decoding=\"async\" src=\"https:\/\/cives-school.de\/wp-content\/uploads\/2015\/04\/CIVES-S\u00e4ulen.png\" class=\"alignright size-full wp-image-657\" alt=\"CIVES-S\u00e4ulen\" width=\"250\" height=\"226\" \/> Und zwar als Veranstaltungen, die f\u00fcr zuk\u00fcnftige Lehrkr\u00e4fte konzipiert sind &#8211; r\u00e4umlich konzentriert am Campus Essen.<\/br><\/br>Gerade im Bereich der Wirtschaftswissenschaften ist dies ein echter Pluspunkt: Die \u00d6konomie-Lehre wird so auf die besonderen Anspr\u00fcche des Lehrer\/-innennachwuchses zugeschnitten, beispielsweise in Master-Seminaren wie &#8222;Wirtschaft und Schule&#8220;. Schlie\u00dflich braucht es \u00f6konomisch kompetente Lehrer\/-innen &#8211; und keine \u00d6konomen im Klassenraum.<\/br><\/br>Fachwissenschaftliche Kompetenz setzt jedoch auch voraus, dass alle fachwissenschaftlichen Perspektiven &#8211; seien sie \u00f6konomisch, politikwissenschaftlich, soziologisch oder fachdidaktisch &#8211; gleicherma\u00dfen ernst genommen werden. Die zuk\u00fcnftigen Lehrer\/-innen sollen in die Lage versetzt werden, diese verschiedenen Blickwinkel einzunehmen. Eine multiperspektivische Ausbildung zu gew\u00e4hrleisten, die dem Dialog der Disziplinen als Leitziel verpflichtet ist: Daf\u00fcr engagiert sich <em>CIVES<\/em>.<br \/>\n<\/forschboxp>\n<h3 class=\"collapseomatic noarrow\" id=\"id69f327bc34fac\" rel=\"profil-highlander\" tabindex=\"0\" title=\"&bull; Weshalb wir Kontroversit\u00e4t hervorheben ...\"    >&bull; Weshalb wir Kontroversit\u00e4t hervorheben ...<\/h3><forschboxp id=\"target-id69f327bc34fac\" class=\"collapseomatic_content \">\n<a href=\"https:\/\/cives-school.de\/?page_id=1593\" target=\"_blank\" rel=\"noopener\"><img loading=\"lazy\" decoding=\"async\" src=\"https:\/\/cives-school.de\/wp-content\/uploads\/2015\/02\/CIVES-Praxistest3-cover.jpg\" class=\"alignleft size-full wp-image-657\" alt=\"CIVES-Praxistest\" width=\"150\" height=\"212\" \/><\/a>Im Jahr 1976 wurden <a href=\"http:\/\/www.bpb.de\/die-bpb\/51310\/beutelsbacher-konsens\" target=\"_blank\" rel=\"noopener\">drei Leitgedanken formuliert<\/a>, die in der politischen Bildung bis heute h\u00f6chste Relevanz besitzen. Einer dieser Leitgedanken ist das &#8222;Kontroversit\u00e4tsgebot&#8220;: Was in Wissenschaft und Politik kontrovers ist, muss auch im Unterricht kontrovers erscheinen. M\u00f6glicherweise ist es sogar die Aufgabe der Lehrkraft, die Positionen besonders herauszuarbeiten, die den Sch\u00fclern und Sch\u00fclerinnen eher fremd sind.<\/br><\/br>Um einen solchen Unterricht zu gew\u00e4hrleisten, m\u00fcssen (zuk\u00fcnftige) Lehrer\/-innen allerdings erst einmal wissenschaftliche und politische Kontroversen kennenlernen und Positionen hier einordnen k\u00f6nnen: Deshalb sind zum Beispiel unsere wirtschaftswissenschaftlichen Lehrveranstaltungen so angelegt, dass Studierende dort mit konkurrierenden Denkschulen vertraut gemacht werden. Und auch in unseren Lehrerfortbildungen sind wir der Idee verpflichtet, verschiedene Positionen miteinander zu kontrastieren.<\/br><\/br>Ein weiteres Feld, in dem Kontroversit\u00e4t sichergestellt sein muss, sind Unterrichtsmaterialien. Erm\u00f6glicht durch das Internet stellen heutzutage viele Anbieter &#8211; Verb\u00e4nde, Unternehmen, Denkfabriken, NGOs &#8211; kostenlose und staatlich ungepr\u00fcfte Materialien f\u00fcr den Politik\/SoWi-Unterricht zur Verf\u00fcgung. Hier ist von Seiten der Lehrkr\u00e4fte besondere Aufmerksamkeit geboten. Eine schwierige Aufgabe, bei der <em>CIVES<\/em> helfen m\u00f6chte, zum Beispiel mit unserer Reihe <a href=\"https:\/\/cives-school.de\/?page_id=1593\"><em>CIVES-Praxistest<\/em><\/a>.<br \/>\n<\/forschboxp>\n<p>Das <em>CIVES-Profil<\/em> k\u00f6nnen Sie hier auch als <a href=\"https:\/\/cives-school.de\/wp-content\/uploads\/2015\/04\/CIVES-School-of-Civic-Education_Profil1.pdf\">PDF-Datei herunterladen.<\/a><\/p>\n<p>Anl\u00e4sslich unseres <a href=\"https:\/\/cives-school.de\/?page_id=2679\">ersten Geburtstages<\/a> haben wir au\u00dferdem eine Reihe von Postern angefertigt, die \u00fcber die Schwerpunkte der <em>CIVES-<\/em>Arbeit und unsere Aktivit\u00e4ten im ersten Jahr informieren:<\/p>\n\r\n<div class='gallery'><dl class='gallery-item'>\n\t\t\t<dt class='gallery-icon portrait'>\n\t\t\t\t<a href=\"https:\/\/cives-school.de\/wp-content\/uploads\/2016\/01\/CIVES-Walking-Gallery-5_Vernetzung-1.pdf\" class=\"no-lightbox\"><img loading=\"lazy\" decoding=\"async\" width=\"206\" height=\"292\" src=\"https:\/\/cives-school.de\/wp-content\/uploads\/2016\/01\/CIVES-Walking-Gallery-5_Vernetzung.jpg\" class=\"attachment-medium size-medium\" alt=\"Vernetzung\" aria-describedby=\"gallery-2-3302\" \/><\/a>\n\t\t\t<\/dt>\n\t\t\t\t<dd class='wp-caption-text gallery-caption' id='gallery-2-3302'>\n\t\t\t\tVernetzung\n\t\t\t\t<\/dd><\/dl><dl class='gallery-item'>\n\t\t\t<dt class='gallery-icon portrait'>\n\t\t\t\t<a href=\"https:\/\/cives-school.de\/wp-content\/uploads\/2016\/01\/CIVES-Walking-Gallery-3_Reihen-1.pdf\" class=\"no-lightbox\"><img loading=\"lazy\" decoding=\"async\" width=\"206\" height=\"292\" src=\"https:\/\/cives-school.de\/wp-content\/uploads\/2016\/01\/CIVES-Walking-Gallery-3_Reihen.jpg\" class=\"attachment-medium size-medium\" alt=\"CIVES-Reihen\" aria-describedby=\"gallery-2-3301\" \/><\/a>\n\t\t\t<\/dt>\n\t\t\t\t<dd class='wp-caption-text gallery-caption' id='gallery-2-3301'>\n\t\t\t\tCIVES-Reihen\n\t\t\t\t<\/dd><\/dl><dl class='gallery-item'>\n\t\t\t<dt class='gallery-icon portrait'>\n\t\t\t\t<a href=\"https:\/\/cives-school.de\/wp-content\/uploads\/2016\/01\/CIVES-Walking-Gallery-2_Zeitstrahl-1.pdf\" class=\"no-lightbox\"><img loading=\"lazy\" decoding=\"async\" width=\"206\" height=\"292\" src=\"https:\/\/cives-school.de\/wp-content\/uploads\/2016\/01\/CIVES-Walking-Gallery-2_Zeitstrahl.jpg\" class=\"attachment-medium size-medium\" alt=\"Das erste Jahr\" aria-describedby=\"gallery-2-3300\" \/><\/a>\n\t\t\t<\/dt>\n\t\t\t\t<dd class='wp-caption-text gallery-caption' id='gallery-2-3300'>\n\t\t\t\tDas erste Jahr\n\t\t\t\t<\/dd><\/dl><dl class='gallery-item'>\n\t\t\t<dt class='gallery-icon portrait'>\n\t\t\t\t<a href=\"https:\/\/cives-school.de\/wp-content\/uploads\/2016\/01\/CIVES-Walking-Gallery-6_Fortbildungen.pdf\" class=\"no-lightbox\"><img loading=\"lazy\" decoding=\"async\" width=\"212\" height=\"300\" src=\"https:\/\/cives-school.de\/wp-content\/uploads\/2016\/01\/CIVES-Walking-Gallery-6_Fortbildungen-212x300.jpg\" class=\"attachment-medium size-medium\" alt=\"Fortbildungsangebot\" aria-describedby=\"gallery-2-3299\" srcset=\"https:\/\/cives-school.de\/wp-content\/uploads\/2016\/01\/CIVES-Walking-Gallery-6_Fortbildungen-212x300.jpg 212w, https:\/\/cives-school.de\/wp-content\/uploads\/2016\/01\/CIVES-Walking-Gallery-6_Fortbildungen.jpg 297w, https:\/\/cives-school.de\/wp-content\/uploads\/2016\/01\/CIVES-Walking-Gallery-6_Fortbildungen-250x354.jpg 250w\" sizes=\"auto, (max-width: 212px) 100vw, 212px\" \/><\/a>\n\t\t\t<\/dt>\n\t\t\t\t<dd class='wp-caption-text gallery-caption' id='gallery-2-3299'>\n\t\t\t\tFortbildungsangebot\n\t\t\t\t<\/dd><\/dl><dl class='gallery-item'>\n\t\t\t<dt class='gallery-icon portrait'>\n\t\t\t\t<a href=\"https:\/\/cives-school.de\/wp-content\/uploads\/2016\/01\/CIVES-Walking-Gallery-4_Lehre-1.pdf\" class=\"no-lightbox\"><img loading=\"lazy\" decoding=\"async\" width=\"212\" height=\"300\" src=\"https:\/\/cives-school.de\/wp-content\/uploads\/2016\/01\/CIVES-Walking-Gallery-4_Lehre-212x300.jpg\" class=\"attachment-medium size-medium\" alt=\"Lehre\" aria-describedby=\"gallery-2-3298\" srcset=\"https:\/\/cives-school.de\/wp-content\/uploads\/2016\/01\/CIVES-Walking-Gallery-4_Lehre-212x300.jpg 212w, https:\/\/cives-school.de\/wp-content\/uploads\/2016\/01\/CIVES-Walking-Gallery-4_Lehre.jpg 297w, https:\/\/cives-school.de\/wp-content\/uploads\/2016\/01\/CIVES-Walking-Gallery-4_Lehre-250x354.jpg 250w\" sizes=\"auto, (max-width: 212px) 100vw, 212px\" \/><\/a>\n\t\t\t<\/dt>\n\t\t\t\t<dd class='wp-caption-text gallery-caption' id='gallery-2-3298'>\n\t\t\t\tLehre\n\t\t\t\t<\/dd><\/dl><dl class='gallery-item'>\n\t\t\t<dt class='gallery-icon portrait'>\n\t\t\t\t<a href=\"https:\/\/cives-school.de\/wp-content\/uploads\/2016\/01\/CIVES-Walking-Gallery-1_\u00dcberblick-.pdf\" class=\"no-lightbox\"><img loading=\"lazy\" decoding=\"async\" width=\"212\" height=\"300\" src=\"https:\/\/cives-school.de\/wp-content\/uploads\/2016\/01\/CIVES-Walking-Gallery-1_\u00dcberblick--212x300.jpg\" class=\"attachment-medium size-medium\" alt=\"CIVES im \u00dcberblick\" aria-describedby=\"gallery-2-3297\" srcset=\"https:\/\/cives-school.de\/wp-content\/uploads\/2016\/01\/CIVES-Walking-Gallery-1_\u00dcberblick--212x300.jpg 212w, https:\/\/cives-school.de\/wp-content\/uploads\/2016\/01\/CIVES-Walking-Gallery-1_\u00dcberblick-.jpg 297w, https:\/\/cives-school.de\/wp-content\/uploads\/2016\/01\/CIVES-Walking-Gallery-1_\u00dcberblick--250x354.jpg 250w\" sizes=\"auto, (max-width: 212px) 100vw, 212px\" \/><\/a>\n\t\t\t<\/dt>\n\t\t\t\t<dd class='wp-caption-text gallery-caption' id='gallery-2-3297'>\n\t\t\t\tCIVES im \u00dcberblick\n\t\t\t\t<\/dd><\/dl><br style=\"clear: both\" \/>\n\t\t<\/div>\n\n","protected":false},"excerpt":{"rendered":"<p>Politik, Wirtschaft und Gesellschaft verstehen &#8211; Demokratie leben Demokratie ist eine Idee, f\u00fcr die Menschen immer wieder eintreten m\u00fcssen. Sie ist auf kompetente und engagierte B\u00fcrgerinnen und B\u00fcrger angewiesen. Zivilgesellschaftliches Engagement und Demokratiekompetenz setzen Wissen \u00fcber Politik, Wirtschaft und Gesellschaft voraus. Die CIVES! School of Civic &hellip; <\/p>\n<p><a href=\"https:\/\/cives-school.de\/?page_id=2222\" class=\"more-link\"><span class=\"morelink-icon\">Weiterlesen<\/span><\/a><\/p>\n","protected":false},"author":2,"featured_media":0,"parent":0,"menu_order":0,"comment_status":"closed","ping_status":"closed","template":"","meta":{"footnotes":""},"class_list":["post-2222","page","type-page","status-publish","hentry"],"_links":{"self":[{"href":"https:\/\/cives-school.de\/index.php?rest_route=\/wp\/v2\/pages\/2222","targetHints":{"allow":["GET"]}}],"collection":[{"href":"https:\/\/cives-school.de\/index.php?rest_route=\/wp\/v2\/pages"}],"about":[{"href":"https:\/\/cives-school.de\/index.php?rest_route=\/wp\/v2\/types\/page"}],"author":[{"embeddable":true,"href":"https:\/\/cives-school.de\/index.php?rest_route=\/wp\/v2\/users\/2"}],"replies":[{"embeddable":true,"href":"https:\/\/cives-school.de\/index.php?rest_route=%2Fwp%2Fv2%2Fcomments&post=2222"}],"version-history":[{"count":125,"href":"https:\/\/cives-school.de\/index.php?rest_route=\/wp\/v2\/pages\/2222\/revisions"}],"predecessor-version":[{"id":9386,"href":"https:\/\/cives-school.de\/index.php?rest_route=\/wp\/v2\/pages\/2222\/revisions\/9386"}],"wp:attachment":[{"href":"https:\/\/cives-school.de\/index.php?rest_route=%2Fwp%2Fv2%2Fmedia&parent=2222"}],"curies":[{"name":"wp","href":"https:\/\/api.w.org\/{rel}","templated":true}]}}