{"id":22,"date":"2014-09-24T14:41:30","date_gmt":"2014-09-24T12:41:30","guid":{"rendered":"http:\/\/cives-school.de\/?page_id=22"},"modified":"2020-08-20T14:39:59","modified_gmt":"2020-08-20T12:39:59","slug":"kontakt","status":"publish","type":"page","link":"https:\/\/cives-school.de\/?page_id=22","title":{"rendered":"Kontakt"},"content":{"rendered":"<h1>Kontakt<\/h1>\n<div id='Kontaktneu' class='widgets_on_page wop_tiny1  wop_small1  wop_medium1  wop_large1  wop_wide1'>\n\t\t\t<ul><li id=\"dorayaki_contactbox-2\" class=\"widget widget_dorayaki_contactbox\">\n\t\t\t<div class=\"contact-box clearfix\">\n\t\t\t\t<div class=\"cb-map\">\n\t\t\t\t\t\t\t\t\t<\/div><!-- end .cb-map -->\n\t\t\t\t<div class=\"cb-info clearfix\">\n\t\t\t\t\t<div class=\"cb-address-wrap\">\n\t\t\t\t\t\t<div class=\"cb-address\"><p>CIVES School of Civic Education<br \/>\nUniversit\u00e4tsstr. 12<br \/>\n45117 Essen<\/p>\n<p>Raum: R12 R06 B22<\/p>\n<\/div>\n\t\t\t\t\t\t<div class=\"cb-additional\">Tel.: 0201-183-6908<\/div>\t\t\t\t\t\t\t\t\t\t\t<\/div><!-- end .cb-address-wrap -->\n\t\t\t\t\t<div class=\"cb-emails\">\n\t\t\t\t\t\t<h5>Email an uns<\/h5>\n\t\t\t\t\t\t<h6><a href=\"\/?page_id=146\">Gesch\u00e4ftsf\u00fchrung Laura M\u00f6llers<\/a><\/h6>\n\t\t\t\t\t\t<span><\/span>\n\t\t\t\t\t\t\t\t\t\t\t\t\t\t\t\t\t<\/div><!-- end .cb-emails -->\n\t\t\t\t<\/div><!-- end .cb-info -->\n\t\t\t<\/div><!-- end .contact-box -->\n\n\t   <\/li><\/ul><\/div><!-- widgets_on_page -->\n","protected":false},"excerpt":{"rendered":"<p>Kontakt<\/p>\n","protected":false},"author":7,"featured_media":0,"parent":0,"menu_order":0,"comment_status":"closed","ping_status":"closed","template":"page-templates\/no-sidebar.php","meta":{"footnotes":""},"class_list":["post-22","page","type-page","status-publish","hentry"],"_links":{"self":[{"href":"https:\/\/cives-school.de\/index.php?rest_route=\/wp\/v2\/pages\/22","targetHints":{"allow":["GET"]}}],"collection":[{"href":"https:\/\/cives-school.de\/index.php?rest_route=\/wp\/v2\/pages"}],"about":[{"href":"https:\/\/cives-school.de\/index.php?rest_route=\/wp\/v2\/types\/page"}],"author":[{"embeddable":true,"href":"https:\/\/cives-school.de\/index.php?rest_route=\/wp\/v2\/users\/7"}],"replies":[{"embeddable":true,"href":"https:\/\/cives-school.de\/index.php?rest_route=%2Fwp%2Fv2%2Fcomments&post=22"}],"version-history":[{"count":22,"href":"https:\/\/cives-school.de\/index.php?rest_route=\/wp\/v2\/pages\/22\/revisions"}],"predecessor-version":[{"id":7359,"href":"https:\/\/cives-school.de\/index.php?rest_route=\/wp\/v2\/pages\/22\/revisions\/7359"}],"wp:attachment":[{"href":"https:\/\/cives-school.de\/index.php?rest_route=%2Fwp%2Fv2%2Fmedia&parent=22"}],"curies":[{"name":"wp","href":"https:\/\/api.w.org\/{rel}","templated":true}]}}