{"id":1588,"date":"2014-12-01T18:36:42","date_gmt":"2014-12-01T16:36:42","guid":{"rendered":"http:\/\/cives-school.de\/?page_id=1588"},"modified":"2022-07-20T10:35:30","modified_gmt":"2022-07-20T08:35:30","slug":"cives-reihen","status":"publish","type":"page","link":"https:\/\/cives-school.de\/?page_id=1588","title":{"rendered":"CIVES-Reihen"},"content":{"rendered":"\n<h1 class=\"wp-block-heading\"><em>CIVES<\/em>-Reihen<\/h1>\n\n\n\n<p>Einen wichtigen Bestandteil der <em>CIVES<\/em>-Angebote stellen die <em>CIVES<\/em>-Reihen dar. Hierbei handelt es sich um regelm\u00e4\u00dfig erscheinende Publikationen, die als <a href=\"https:\/\/open-access.network\/services\/news\/artikel\/diamond-open-access-in-deutschland-neue-zeitschriftenliste-verfuegbar\" target=\"_blank\" rel=\"noopener\">Diamond Open Access<\/a> zum Download bereitgestellt werden.<\/p>\n\n\n\n<figure class=\"wp-block-image size-large\"><a href=\"https:\/\/cives-school.de\/wp-content\/uploads\/2022\/07\/Cives-Reihen_skaliert.jpg\"><img loading=\"lazy\" decoding=\"async\" width=\"1024\" height=\"466\" src=\"https:\/\/cives-school.de\/wp-content\/uploads\/2022\/07\/Cives-Reihen_skaliert-1024x466.jpg\" alt=\"Es sind drei Cover der CIVES-Reihen abgebildet. Von links nach rechts: Deckblatt von CIVES-Praxistest #10 in blau, Deckblatt von CIVES-Forum #10 in orange sowie Deckblatt von CIVES-FLiP #4 in gelb. \" class=\"wp-image-8170\" srcset=\"https:\/\/cives-school.de\/wp-content\/uploads\/2022\/07\/Cives-Reihen_skaliert-1024x466.jpg 1024w, https:\/\/cives-school.de\/wp-content\/uploads\/2022\/07\/Cives-Reihen_skaliert-300x137.jpg 300w, https:\/\/cives-school.de\/wp-content\/uploads\/2022\/07\/Cives-Reihen_skaliert-768x350.jpg 768w, https:\/\/cives-school.de\/wp-content\/uploads\/2022\/07\/Cives-Reihen_skaliert-250x114.jpg 250w, https:\/\/cives-school.de\/wp-content\/uploads\/2022\/07\/Cives-Reihen_skaliert.jpg 1080w\" sizes=\"auto, (max-width: 1024px) 100vw, 1024px\" \/><\/a><\/figure>\n\n\n\n<p>Die Reihen unterscheiden sich hinsichtlich ihrer inhaltlichen Schwerpunktsetzung, ihrer Anspr\u00fcche an die wissenschaftliche Qualit\u00e4t der Beitr\u00e4ge und Intensit\u00e4t der redaktionellen Betreuung. Ihnen ist gemein, dass die Reihenbeitr\u00e4ge ein hohes Ma\u00df an bildungspraktischer Relevanz aufweisen.<\/p>\n\n\n\n<p>Insbesondere soll mit den <em>CIVES<\/em>-Reihen der Austausch zwischen Universit\u00e4t und Schule gef\u00f6rdert werden. Daher sind alle <em>CIVES<\/em>-Reihen offen f\u00fcr Beitr\u00e4ge eines breiten Spektrums von Autorinnen und Autoren \u2013 sowohl mit universit\u00e4rem als auch nicht-universit\u00e4rem Hintergrund. Gerade Bildungspraktiker\/-innen laden wir zur Mitwirkung ein. Wenn Sie einen Beitrag zu einer der <em>CIVES<\/em>-Reihen leisten m\u00f6chten, wenden Sie sich bitte an die Herausgeberin <a href=\"mailto:laura.moellers@uni-due.de\">Laura M\u00f6llers<\/a>.<\/p>\n\n\n\n<p>Hier gelangen Sie zu den bereits gestarteten Reihen:<br><a href=\"https:\/\/cives-school.de\/?page_id=1593\"><em>CIVES-Praxistest<\/em><\/a><br><a href=\"https:\/\/cives-school.de\/?page_id=1882\"><em>CIVES-Forum<\/em><\/a><br><a href=\"https:\/\/cives-school.de\/?page_id=6715\"><em>CIVES-FLiP<\/em><\/a><\/p>\n","protected":false},"excerpt":{"rendered":"<p>CIVES-Reihen Einen wichtigen Bestandteil der CIVES-Angebote stellen die CIVES-Reihen dar. Hierbei handelt es sich um regelm\u00e4\u00dfig erscheinende Publikationen, die als Diamond Open Access zum Download bereitgestellt werden. Die Reihen unterscheiden sich hinsichtlich ihrer inhaltlichen Schwerpunktsetzung, ihrer Anspr\u00fcche an die wissenschaftliche Qualit\u00e4t der Beitr\u00e4ge und Intensit\u00e4t der &hellip; <\/p>\n<p><a href=\"https:\/\/cives-school.de\/?page_id=1588\" class=\"more-link\"><span class=\"morelink-icon\">Weiterlesen<\/span><\/a><\/p>\n","protected":false},"author":2,"featured_media":0,"parent":228,"menu_order":0,"comment_status":"closed","ping_status":"closed","template":"","meta":{"footnotes":""},"class_list":["post-1588","page","type-page","status-publish","hentry"],"_links":{"self":[{"href":"https:\/\/cives-school.de\/index.php?rest_route=\/wp\/v2\/pages\/1588","targetHints":{"allow":["GET"]}}],"collection":[{"href":"https:\/\/cives-school.de\/index.php?rest_route=\/wp\/v2\/pages"}],"about":[{"href":"https:\/\/cives-school.de\/index.php?rest_route=\/wp\/v2\/types\/page"}],"author":[{"embeddable":true,"href":"https:\/\/cives-school.de\/index.php?rest_route=\/wp\/v2\/users\/2"}],"replies":[{"embeddable":true,"href":"https:\/\/cives-school.de\/index.php?rest_route=%2Fwp%2Fv2%2Fcomments&post=1588"}],"version-history":[{"count":17,"href":"https:\/\/cives-school.de\/index.php?rest_route=\/wp\/v2\/pages\/1588\/revisions"}],"predecessor-version":[{"id":8173,"href":"https:\/\/cives-school.de\/index.php?rest_route=\/wp\/v2\/pages\/1588\/revisions\/8173"}],"up":[{"embeddable":true,"href":"https:\/\/cives-school.de\/index.php?rest_route=\/wp\/v2\/pages\/228"}],"wp:attachment":[{"href":"https:\/\/cives-school.de\/index.php?rest_route=%2Fwp%2Fv2%2Fmedia&parent=1588"}],"curies":[{"name":"wp","href":"https:\/\/api.w.org\/{rel}","templated":true}]}}