{"id":146,"date":"2014-09-26T09:05:54","date_gmt":"2014-09-26T07:05:54","guid":{"rendered":"http:\/\/cives-school.de\/?page_id=146"},"modified":"2025-10-12T19:49:44","modified_gmt":"2025-10-12T17:49:44","slug":"profilseitemoeller","status":"publish","type":"page","link":"https:\/\/cives-school.de\/?page_id=146","title":{"rendered":""},"content":{"rendered":"<div class=\"wp-block-image is-style-rounded\">\n<figure class=\"alignright size-large is-resized\"><a href=\"https:\/\/cives-school.de\/wp-content\/uploads\/2019\/05\/Team_Laura_Moellers_240x240_f\u00fcr_Vita.jpg\"><img loading=\"lazy\" decoding=\"async\" width=\"1024\" height=\"1024\" src=\"https:\/\/cives-school.de\/wp-content\/uploads\/2019\/05\/Team_Laura_Moellers_240x240_f\u00fcr_Vita-1024x1024.jpg\" alt=\"\" class=\"wp-image-6440\" style=\"width:236px;height:236px\" srcset=\"https:\/\/cives-school.de\/wp-content\/uploads\/2019\/05\/Team_Laura_Moellers_240x240_f\u00fcr_Vita-1024x1024.jpg 1024w, https:\/\/cives-school.de\/wp-content\/uploads\/2019\/05\/Team_Laura_Moellers_240x240_f\u00fcr_Vita-300x300.jpg 300w, https:\/\/cives-school.de\/wp-content\/uploads\/2019\/05\/Team_Laura_Moellers_240x240_f\u00fcr_Vita-150x150.jpg 150w, https:\/\/cives-school.de\/wp-content\/uploads\/2019\/05\/Team_Laura_Moellers_240x240_f\u00fcr_Vita-768x768.jpg 768w, https:\/\/cives-school.de\/wp-content\/uploads\/2019\/05\/Team_Laura_Moellers_240x240_f\u00fcr_Vita-1536x1536.jpg 1536w, https:\/\/cives-school.de\/wp-content\/uploads\/2019\/05\/Team_Laura_Moellers_240x240_f\u00fcr_Vita.jpg 2048w, https:\/\/cives-school.de\/wp-content\/uploads\/2019\/05\/Team_Laura_Moellers_240x240_f\u00fcr_Vita-250x250.jpg 250w\" sizes=\"auto, (max-width: 1024px) 100vw, 1024px\" \/><\/a><\/figure>\n<\/div>\n\n\n<h1 class=\"wp-block-heading\">Laura M\u00f6llers, M. A.<\/h1>\n\n\n\n<p>Gesch\u00e4ftsf\u00fchrerin der <em>CIVES! School of Civic Education<\/em><br>Zertifizierte Projektmanagement-Fachfrau (GPM)<br>Master of Arts Politikwissenschaft &amp; Soziologie, HHUD<\/p>\n\n\n\n<p><\/p>\n\n\n\n<p><\/p>\n\n\n\n<h3 class=\"wp-block-heading\">Schwerpunkte:<\/h3>\n\n\n\n<div class=\"blue-box\">Koordinatorin <a href=\"https:\/\/cives-school.de\/?page_id=5214\" target=\"_blank\" rel=\"noopener noreferrer\">SoWi-Fachnetzwerk<\/a>, LuL-Fortildungen und Alumni-Arbeit<br>\nCo-Herausgeberin <a href=\"https:\/\/cives-school.de\/?page_id=1588\" target=\"_blank\" rel=\"noopener noreferrer\"><em>CIVES-Reihen<\/em><\/a> (Praxistest, Forum, FLiP)<br>    \nModulbeauftragte und Dozentin im Praxismodul <a href=\"https:\/\/cives-school.de\/?page_id=8176\" target=\"_blank\" rel=\"noopener noreferrer\">SoWi-Berufsfeldpraktikum<\/a><br>  \n\u00d6ffentlichkeitsarbeit, Transfer &amp; Veranstaltungen<br><\/div>\n\n\n<div class=\"white-box\">\n<address style=\"padding-left: 30px;\">\n<h2>Kontakt:<\/h2>\n<\/address>\n<address style=\"padding-left: 30px;\">Raum: R12 R06 B22<br \/>\nAnschrift: Universit\u00e4tsstr. 12, 45117 Essen<br \/>\n<img decoding=\"async\" src=\"https:\/\/cives-school.de\/wp-content\/uploads\/2014\/09\/mail-icon18x18.png\" alt=\"Mail\" \/> laura(.)moellers{at}uni-due(.)de<br \/>\nArbeitszeiten: montags bis mittwochs<br \/>\nSprechzeiten f\u00fcr Studierende: nach vorheriger Anmeldung im (<a href=\"https:\/\/campus.uni-due.de\/lsf\/rds?state=verpublish&amp;status=init&amp;vmfile=no&amp;moduleCall=webInfo&amp;publishConfFile=webInfoPerson&amp;publishSubDir=personal&amp;keep=y&amp;purge=y&amp;personal.pid=56937\" target=\"_blank\" rel=\"noopener noreferrer\">LSF<\/a>)<\/address>\n<\/div>\n\n\n<div class=\"white-box\">\n<address style=\"padding-left: 30px;\">\n<h2>Berufliche Stationen:<\/h2>\n<\/address>\n<address style=\"padding-left: 30px;\"><strong>seit 2018: <\/strong><br \/>\nGesch\u00e4ftsf\u00fchrerin der CIVES! School of Civic Education an der <a href=\"https:\/\/www.uni-due.de\/gesellschaftswissenschaften\/\" target=\"_blank\" rel=\"noopener noreferrer\">Fakult\u00e4t f\u00fcr Gesellschaftswissenschaften<\/a>, Universit\u00e4t Duisburg-Essen<\/address>\n<address style=\"padding-left: 30px;\"><strong>seit 2014: <\/strong><br \/>\nUniversit\u00e4t Duisburg-Essen, Institut f\u00fcr Politikwissenschaft: Wissenschaftliche Mitarbeiterin in der <a href=\"https:\/\/www.uni-due.de\/politik\/lehrstuhl-fd\/\" target=\"_blank\" rel=\"noopener noreferrer\">Didaktik der Sozialwissenschaften (Prof. Dr. Sabine Manzel)<\/a><\/address>\n<address style=\"padding-left: 30px;\"><strong>2014<\/strong>:<br \/>\nKonferenzleitung Bildungskonferenz Berlin der Zentralstelle f\u00fcr die Weiterbildung im Handwerk (ZWH)<\/address>\n<address style=\"padding-left: 30px;\"><strong>2013<\/strong>:<br \/>\nProgrammleitung Bildungskonferenz Berlin der Zentralstelle f\u00fcr die Weiterbildung im Handwerk (ZWH)<\/address>\n<address style=\"padding-left: 30px;\"><strong>2012-2014<\/strong>:<br \/>\nProjektleitung des ZWH-Teilprojekts im XENOS-Projektverbund \u201eHeavy Metal \u2013 Unsere Zukunft im Metallhandwerk\u201c bei der ZWH D\u00fcsseldorf<\/address>\n<address style=\"padding-left: 30px;\"><strong>2007-2011<\/strong>:<br \/>\nProjektleitung, Management und Assistenz bei der Landesstiftung Partner f\u00fcr Schule NRW in den Projekten &#8222;M\u00e4dchen w\u00e4hlen Technik&#8220; und &#8222;ZeitungsZeit NRW&#8220;<\/p>\n<\/div>\n\n\n<div class=\"white-box\">\n<address style=\"padding-left: 30px;\">\n<h2>Fort- und Weiterbildungen (Auswahl):<\/h2>\n<\/address>\n<address style=\"padding-left: 30px;\">Projektmanagement (IHK D\u00fcsseldorf)<br \/>\nPersonalentwicklung f\u00fcr F\u00fchrungskr\u00e4ftenachwuchs (ZWH)<br \/>\nNetzwerk- und Kooperationsmanagement (G.I.B. NRW)<br \/>\nModeration (Akademie f\u00fcr Publizistik Hamburg; IIK D\u00fcsseldorf)<\/p>\n<\/div>\n\n\n<div class=\"white-box\">\n<address style=\"padding-left: 30px;\">\n<h2>Ausbildung:<\/h2>\n<\/address>\n<address style=\"padding-left: 30px;\"><strong>2018<\/strong>:<br \/>\nZertifizierte Projektmanagement-Fachfrau (Dt. Gesellschaft f\u00fcr Projektmanagement)<\/address>\n<address style=\"padding-left: 30px;\"><strong>2009<\/strong>:<br \/>\nMaster of Arts &#8222;Gesellschaftlicher Wandel und Demokratisches Regieren&#8220; (Politikwissenschaft und Soziologie), Heinrich-Heine-Universit\u00e4t D\u00fcsseldorf<\/address>\n<address style=\"padding-left: 30px;\"><strong>2006<\/strong>:<br \/>\nBachelor of Arts (Soziologie, Politikwissenschaft, Kommunikations- und Medienwissenschaft), Heinrich-Heine-Universit\u00e4t D\u00fcsseldorf<\/address>\n<address style=\"padding-left: 30px;\"><\/div>\n\n\n<div class=\"white-box\">\n<address style=\"padding-left: 30px;\">\n<h2>Ver\u00f6ffentlichungen:<\/h2>\n<\/address>\n<address style=\"padding-left: 30px;\">M\u00f6llers, L. (2024). Reflexionskompetenz und Innovationskompetenz im Berufsfeldpraktikum. In A. Sch\u00f6ning et al. (Hrsg.), Das Berufsfeldpraktikum als Professionalisierungselement: Grundlagen, Konzepte, Beispiele f\u00fcr das Lehramtsstudium (S. 166-172). Klinkhardt Verlag. doi.org\/10.35468\/6068<\/address>\n<address style=\"padding-left: 30px;\">M\u00f6llers, L. &amp; Manzel, S. (Hrsg.)(2018). Populismus und Politische Bildung. Schriftenreihe der GPJE. Frankfurt\/M.: Wochenschau.<\/address>\n<address style=\"padding-left: 30px;\">M\u00f6llers, L. (2015). Berufsfeld Politische Bildung und Weiterbildung. In O. Schwarz &amp; S.Wiegand (Hrsg.), Politikwissenschaft &#8211; Berufsfelder, Karrierewege und Erfahrungsberichte. Wiesbaden: Springer VS. Manuskript angenommen; Buch nicht erschienen.<\/address>\n<address style=\"padding-left: 30px;\">M\u00f6llers, L.\/Fandrich, N. (2013). Auszubildende mit Migrationshintergrund im Handwerk. In C. Cramer et al. (Hrsg.), Ausbilder-Handbuch. Aktualisierungslieferung Nr. 144. (S. 1-20). K\u00f6ln: Deutscher Wirtschaftsdienst.<\/address>\n<address style=\"padding-left: 30px;\">M\u00f6llers, L. &amp; Kern, S. (2011). M\u00e4dchen-Technik-Preis &#8211; Praxisbeispiele. Begleitheft zur Ausstellung. D\u00fcsseldorf: Partner f\u00fcr Schule NRW.<\/address>\n<address style=\"padding-left: 30px;\">M\u00f6llers, L. &amp; Demant, M. (2009). Lehrkr\u00e4fte als Vorbilder. Technisches Interesse von M\u00e4dchen durch Rollenmodelle wecken. In Ada-Lovelace-Mentoring e.V. (Hrsg.), ADA-Mentoring, Fachzeitschrift f\u00fcr Mentoring und Gender Mainstreaming in Technik und Naturwissenschaften, 26\/2009, 7-9.<\/address>\n<address style=\"padding-left: 30px;\">M\u00f6llers, L., Giesbers, B., H\u00f6hmann, N. &amp; Ruschke, M.\/Kropp, S. (2008). Demokratiequalit\u00e4t im \u2018Ermessen\u2019 der Forschung. In Zeitschrift f\u00fcr Parlamentsfragen (ZParl), 4\/2008, 702-727.<\/address>\n<\/div>\n","protected":false},"excerpt":{"rendered":"<p>Laura M\u00f6llers, M. A. Gesch\u00e4ftsf\u00fchrerin der CIVES! School of Civic EducationZertifizierte Projektmanagement-Fachfrau (GPM)Master of Arts Politikwissenschaft &amp; Soziologie, HHUD Schwerpunkte:<\/p>\n","protected":false},"author":2,"featured_media":0,"parent":83,"menu_order":0,"comment_status":"closed","ping_status":"closed","template":"page-templates\/full-width.php","meta":{"footnotes":""},"class_list":["post-146","page","type-page","status-publish","hentry"],"_links":{"self":[{"href":"https:\/\/cives-school.de\/index.php?rest_route=\/wp\/v2\/pages\/146","targetHints":{"allow":["GET"]}}],"collection":[{"href":"https:\/\/cives-school.de\/index.php?rest_route=\/wp\/v2\/pages"}],"about":[{"href":"https:\/\/cives-school.de\/index.php?rest_route=\/wp\/v2\/types\/page"}],"author":[{"embeddable":true,"href":"https:\/\/cives-school.de\/index.php?rest_route=\/wp\/v2\/users\/2"}],"replies":[{"embeddable":true,"href":"https:\/\/cives-school.de\/index.php?rest_route=%2Fwp%2Fv2%2Fcomments&post=146"}],"version-history":[{"count":155,"href":"https:\/\/cives-school.de\/index.php?rest_route=\/wp\/v2\/pages\/146\/revisions"}],"predecessor-version":[{"id":9550,"href":"https:\/\/cives-school.de\/index.php?rest_route=\/wp\/v2\/pages\/146\/revisions\/9550"}],"up":[{"embeddable":true,"href":"https:\/\/cives-school.de\/index.php?rest_route=\/wp\/v2\/pages\/83"}],"wp:attachment":[{"href":"https:\/\/cives-school.de\/index.php?rest_route=%2Fwp%2Fv2%2Fmedia&parent=146"}],"curies":[{"name":"wp","href":"https:\/\/api.w.org\/{rel}","templated":true}]}}