{"id":136,"date":"2014-09-26T08:36:09","date_gmt":"2014-09-26T06:36:09","guid":{"rendered":"http:\/\/cives-school.de\/?page_id=136"},"modified":"2020-08-20T14:49:03","modified_gmt":"2020-08-20T12:49:03","slug":"impressum","status":"publish","type":"page","link":"https:\/\/cives-school.de\/?page_id=136","title":{"rendered":"Impressum"},"content":{"rendered":"<section class=\"entry-content clearfix\">\n<h1>Impressum<\/h1>\n<p>Verantwortlich:<br \/>\n<a href=\"https:\/\/www.uni-due.de\/politik\/manzel.php\">Univ.-Prof. Dr. Sabine Manzel<\/a><br \/>\nUniversit\u00e4tsstr. 12<br \/>\n45117 Essen<br \/>\nDeutschland<br \/>\nTel. +49 201-183-4305<\/p>\n<p>Dar\u00fcber hinaus gilt das <a href=\"https:\/\/www.uni-due.de\/de\/impressum.shtml\" target=\"_blank\" rel=\"noopener noreferrer\">Impressum der Universit\u00e4t Duisburg-Essen<\/a>.<\/p>\n<p>Copyright \u00a9 Fakult\u00e4t f\u00fcr Gesellschaftswissenschaften (Universit\u00e4t Duisburg-Essen).<\/p>\n<p>Universit\u00e4t Duisburg-Essen<br \/>\nFakult\u00e4t f\u00fcr Gesellschaftswissenschaften<br \/>\nLotharstr. 65<br \/>\n47057 Duisburg<\/p>\n<p>Alle Rechte vorbehalten.<\/p>\n<p>Die Urheberrechte dieser Website liegen vollst\u00e4ndig bei der Fakult\u00e4t f\u00fcr Gesellschaftswissenschaften (Universit\u00e4t Duisburg-Essen).<\/p>\n<p>Bildmotive d\u00fcrfen nur f\u00fcr redaktionelle Zwecke genutzt werden.<\/p>\n<p>Es ist hiermit ausdr\u00fccklich gestattet \u2013 unter Ma\u00dfgabe untenstehender Einschr\u00e4nkungen \u2013 diese Webseiten sowie darin eingeh\u00e4ngte Dokumente zu kopieren, zu drucken und zu verteilen.<\/p>\n<p>Die hier zur Verf\u00fcgung gestellten Web-Seiten und Dokumente d\u00fcrfen nur zu Informationszwecken verwendet werden.<br \/>\nDiese Seiten und Dokumente d\u00fcrfen nicht kommerziell verwertet werden.<br \/>\nJede Kopie (dies gilt auch f\u00fcr Ausz\u00fcge) muss den oben genannten Urheberrechtsnachweis enthalten.<\/p>\n<h3>Redaktion<\/h3>\n<p><a href=\"mailto:laura.moellers@cives-school.de\">Laura M\u00f6llers<\/a><\/p>\n<h3>Haftungshinweis<\/h3>\n<p>Es wird keine Haftung f\u00fcr die Inhalte externer Links \u00fcbernommen, daf\u00fcr sind ausschlie\u00dflich deren Betreiber verantwortlich.<\/p>\n<p>F\u00fcr die Inhalte dieses Webangebotes sind die Mitarbeiter*innen der <em>CIVES! School of Civic Education<\/em> verantwortlich. Das Webangebot wird aktualisiert und auf inhaltlichliche Richtigkeit gepr\u00fcft. Dennoch ist das Auftreten von Fehlern nicht v\u00f6llig auszuschlie\u00dfen. Es wird keine Haftung f\u00fcr die Aktualit\u00e4t, die inhaltliche Richtigkeit sowie f\u00fcr die Vollst\u00e4ndigkeit der in ihrem Webangebot eingestellten Informationen \u00fcbernommen.<\/p>\n<\/section>\n","protected":false},"excerpt":{"rendered":"<p>Impressum Verantwortlich: Univ.-Prof. Dr. Sabine Manzel Universit\u00e4tsstr. 12 45117 Essen Deutschland Tel. +49 201-183-4305 Dar\u00fcber hinaus gilt das Impressum der Universit\u00e4t Duisburg-Essen. Copyright \u00a9 Fakult\u00e4t f\u00fcr Gesellschaftswissenschaften (Universit\u00e4t Duisburg-Essen). Universit\u00e4t Duisburg-Essen Fakult\u00e4t f\u00fcr Gesellschaftswissenschaften Lotharstr. 65 47057 Duisburg Alle Rechte vorbehalten. Die Urheberrechte dieser Website liegen &hellip; <\/p>\n<p><a href=\"https:\/\/cives-school.de\/?page_id=136\" class=\"more-link\"><span class=\"morelink-icon\">Weiterlesen<\/span><\/a><\/p>\n","protected":false},"author":2,"featured_media":0,"parent":0,"menu_order":0,"comment_status":"closed","ping_status":"closed","template":"page-templates\/full-width.php","meta":{"footnotes":""},"class_list":["post-136","page","type-page","status-publish","hentry"],"_links":{"self":[{"href":"https:\/\/cives-school.de\/index.php?rest_route=\/wp\/v2\/pages\/136","targetHints":{"allow":["GET"]}}],"collection":[{"href":"https:\/\/cives-school.de\/index.php?rest_route=\/wp\/v2\/pages"}],"about":[{"href":"https:\/\/cives-school.de\/index.php?rest_route=\/wp\/v2\/types\/page"}],"author":[{"embeddable":true,"href":"https:\/\/cives-school.de\/index.php?rest_route=\/wp\/v2\/users\/2"}],"replies":[{"embeddable":true,"href":"https:\/\/cives-school.de\/index.php?rest_route=%2Fwp%2Fv2%2Fcomments&post=136"}],"version-history":[{"count":15,"href":"https:\/\/cives-school.de\/index.php?rest_route=\/wp\/v2\/pages\/136\/revisions"}],"predecessor-version":[{"id":7361,"href":"https:\/\/cives-school.de\/index.php?rest_route=\/wp\/v2\/pages\/136\/revisions\/7361"}],"wp:attachment":[{"href":"https:\/\/cives-school.de\/index.php?rest_route=%2Fwp%2Fv2%2Fmedia&parent=136"}],"curies":[{"name":"wp","href":"https:\/\/api.w.org\/{rel}","templated":true}]}}